{"id":137144,"date":"2022-08-11T18:26:08","date_gmt":"2022-08-11T14:26:08","guid":{"rendered":"https:\/\/gskeyae.com\/?post_type=product&#038;p=137144"},"modified":"2025-12-22T15:50:16","modified_gmt":"2025-12-22T11:50:16","slug":"telecommande-dentree-sans-cle-chevrolet-gmc-13577767","status":"publish","type":"product","link":"https:\/\/gskeyae.com\/fr\/product\/telecommande-dentree-sans-cle-chevrolet-gmc-13577767\/","title":{"rendered":"T\u00e9l\u00e9commande d\u2019entr\u00e9e sans cl\u00e9 Chevrolet GMC 2015-2019 6 boutons 315MHz 13577767"},"content":{"rendered":"<h2 data-start=\"0\" data-end=\"137\">T\u00e9l\u00e9commande d\u2019entr\u00e9e sans cl\u00e9 apr\u00e8s-vente Chevrolet \/ GMC 2015-2019, 6 boutons, 315MHz, M3N-32337100, R\u00e9f. : 13577767 \u2013 Apr\u00e8s-vente :<\/h2>\n<p data-start=\"139\" data-end=\"435\"><strong data-start=\"139\" data-end=\"154\">Fabricant :<\/strong> Apr\u00e8s-vente<br data-start=\"166\" data-end=\"169\" \/><strong data-start=\"169\" data-end=\"206\">Remplace le num\u00e9ro de pi\u00e8ce OEM :<\/strong> 13577767<br data-start=\"215\" data-end=\"218\" \/><strong data-start=\"218\" data-end=\"230\">ID FCC :<\/strong> M3N-32337100<br data-start=\"243\" data-end=\"246\" \/><strong data-start=\"246\" data-end=\"254\" data-is-only-node=\"\">IC :<\/strong> 7812A-32337100<br data-start=\"269\" data-end=\"272\" \/><strong data-start=\"272\" data-end=\"287\">Fr\u00e9quence :<\/strong> 315MHz<br data-start=\"295\" data-end=\"298\" \/><strong data-start=\"298\" data-end=\"320\">Type de batterie :<\/strong> <a href=\"https:\/\/gskeyae.com\/fr\/product\/batterie-bouton-lithium-maxell-cr2032\/\">CR2032<\/a><br data-start=\"327\" data-end=\"330\" \/><strong data-start=\"330\" data-end=\"343\">Boutons :<\/strong> 6 (D\u00e9marrage \u00e0 distance, Verrouillage, D\u00e9verrouillage, Coffre, Vitrage du coffre, Alarme)<\/p>\n<p data-start=\"437\" data-end=\"484\"><strong data-start=\"437\" data-end=\"482\">Compatibilit\u00e9 avec les mod\u00e8les suivants :<\/strong><\/p>\n<ul data-start=\"485\" data-end=\"583\">\n<li data-start=\"485\" data-end=\"512\">\n<p data-start=\"487\" data-end=\"512\">GMC Yukon : 2015 \u2013 2019<\/p>\n<\/li>\n<li data-start=\"513\" data-end=\"549\">\n<p data-start=\"515\" data-end=\"549\">Chevrolet Suburban : 2015 \u2013 2018<\/p>\n<\/li>\n<li data-start=\"550\" data-end=\"583\">\n<p data-start=\"552\" data-end=\"583\">Chevrolet Tahoe : 2015 \u2013 2018<\/p>\n<\/li>\n<\/ul>\n<article class=\"text-token-text-primary w-full focus:outline-none [--shadow-height:45px] has-data-writing-block:pointer-events-none has-data-writing-block:-mt-(--shadow-height) has-data-writing-block:pt-(--shadow-height) [&amp;:has([data-writing-block])&gt;*]:pointer-events-auto [content-visibility:auto] supports-[content-visibility:auto]:[contain-intrinsic-size:auto_100lvh] scroll-mt-[calc(var(--header-height)+min(200px,max(70px,20svh)))]\" dir=\"auto\" tabindex=\"-1\" data-turn-id=\"request-WEB:9b459543-2c11-443e-852a-1fbbd3ced35e-129\" data-testid=\"conversation-turn-112\" data-scroll-anchor=\"true\" data-turn=\"assistant\">\n<div class=\"text-base my-auto mx-auto pb-10 [--thread-content-margin:--spacing(4)] thread-sm:[--thread-content-margin:--spacing(6)] thread-lg:[--thread-content-margin:--spacing(16)] px-(--thread-content-margin)\">\n<div class=\"[--thread-content-max-width:40rem] thread-lg:[--thread-content-max-width:48rem] mx-auto max-w-(--thread-content-max-width) flex-1 group\/turn-messages focus-visible:outline-hidden relative flex w-full min-w-0 flex-col agent-turn\" tabindex=\"-1\">\n<div class=\"flex max-w-full flex-col grow\">\n<div class=\"min-h-8 text-message relative flex w-full flex-col items-end gap-2 text-start break-words whitespace-normal [.text-message+&amp;]:mt-1\" dir=\"auto\" data-message-author-role=\"assistant\" data-message-id=\"326c961a-4f5b-4f25-a368-fb550d0fda8a\" data-message-model-slug=\"gpt-5-mini\">\n<div class=\"flex w-full flex-col gap-1 empty:hidden first:pt-[1px]\">\n<div class=\"markdown prose dark:prose-invert w-full break-words dark markdown-new-styling\"><\/div>\n<\/div>\n<\/div>\n<\/div>\n<\/div>\n<\/div>\n<\/article>\n","protected":false},"excerpt":{"rendered":"<p>T\u00e9l\u00e9commande d\u2019entr\u00e9e sans cl\u00e9 apr\u00e8s-vente Chevrolet \/ GMC 2015-2019, 6 boutons, 315MHz, M3N-32337100, R\u00e9f. : 13577767 \u2013 Apr\u00e8s-vente : Fabricant<\/p>\n","protected":false},"featured_media":107972,"comment_status":"open","ping_status":"closed","template":"","meta":{"_relevanssi_hide_post":"","_relevanssi_hide_content":"","_relevanssi_pin_for_all":"","_relevanssi_pin_keywords":"","_relevanssi_unpin_keywords":"","_relevanssi_related_keywords":"","_relevanssi_related_include_ids":"","_relevanssi_related_exclude_ids":"","_relevanssi_related_no_append":"","_relevanssi_related_not_related":"","_relevanssi_related_posts":"","_relevanssi_noindex_reason":""},"product_brand":[],"product_cat":[2580],"product_tag":[],"class_list":{"0":"post-137144","1":"product","2":"type-product","3":"status-publish","4":"has-post-thumbnail","6":"product_cat-telecommandes-de-voiture","7":"pa_buttons-6-fr","8":"pa_car-makes-chevrolet-fr","9":"pa_car-makes-gmc-fr","10":"pa_color-black-fr","11":"pa_frequency-315mhz-fr","12":"pa_manufacturers-aftermarket-fr","13":"pa_remote-type-non-proximity-keys-fr","14":"pa_transponder-chip-no-fr","15":"pa_types-car-remotes-fr","17":"first","18":"instock","19":"shipping-taxable","20":"purchasable","21":"product-type-simple"},"_links":{"self":[{"href":"https:\/\/gskeyae.com\/fr\/wp-json\/wp\/v2\/product\/137144","targetHints":{"allow":["GET"]}}],"collection":[{"href":"https:\/\/gskeyae.com\/fr\/wp-json\/wp\/v2\/product"}],"about":[{"href":"https:\/\/gskeyae.com\/fr\/wp-json\/wp\/v2\/types\/product"}],"replies":[{"embeddable":true,"href":"https:\/\/gskeyae.com\/fr\/wp-json\/wp\/v2\/comments?post=137144"}],"version-history":[{"count":0,"href":"https:\/\/gskeyae.com\/fr\/wp-json\/wp\/v2\/product\/137144\/revisions"}],"wp:featuredmedia":[{"embeddable":true,"href":"https:\/\/gskeyae.com\/fr\/wp-json\/wp\/v2\/media\/107972"}],"wp:attachment":[{"href":"https:\/\/gskeyae.com\/fr\/wp-json\/wp\/v2\/media?parent=137144"}],"wp:term":[{"taxonomy":"product_brand","embeddable":true,"href":"https:\/\/gskeyae.com\/fr\/wp-json\/wp\/v2\/product_brand?post=137144"},{"taxonomy":"product_cat","embeddable":true,"href":"https:\/\/gskeyae.com\/fr\/wp-json\/wp\/v2\/product_cat?post=137144"},{"taxonomy":"product_tag","embeddable":true,"href":"https:\/\/gskeyae.com\/fr\/wp-json\/wp\/v2\/product_tag?post=137144"}],"curies":[{"name":"wp","href":"https:\/\/api.w.org\/{rel}","templated":true}]}}