{"id":137099,"date":"2022-10-18T16:00:13","date_gmt":"2022-10-18T12:00:13","guid":{"rendered":"https:\/\/gskeyae.com\/?post_type=product&#038;p=137099"},"modified":"2026-04-12T13:33:10","modified_gmt":"2026-04-12T09:33:10","slug":"module-de-telecommande-honda-civic-35111-smg-305","status":"publish","type":"product","link":"https:\/\/gskeyae.com\/fr\/product\/module-de-telecommande-honda-civic-35111-smg-305\/","title":{"rendered":"Module de t\u00e9l\u00e9commande pour Honda Civic 2003-2007 3 boutons 433MHz N5F-A05TAA 35111-SMG-305"},"content":{"rendered":"<h2 data-start=\"0\" data-end=\"142\">Module de t\u00e9l\u00e9commande pour Honda Civic 2003-2007, 3 boutons, 433 MHz, puce ID46, N5F-A05TAA, 35111-SMG-305, pi\u00e8ce de rechange :<\/h2>\n<p data-start=\"144\" data-end=\"386\">Fabricant : Pi\u00e8ce de rechange<br data-start=\"173\" data-end=\"176\" \/>Remplace les t\u00e9l\u00e9commandes avec la r\u00e9f\u00e9rence constructeur : 35111-SMG-305<br data-start=\"249\" data-end=\"252\" \/>FCC ID : N5F-A05TAA<br data-start=\"271\" data-end=\"274\" \/>Boutons : 3 \u2014 Verrouillage, D\u00e9verrouillage, Coffre<br data-start=\"324\" data-end=\"327\" \/>Fr\u00e9quence : 433 MHz<br data-start=\"346\" data-end=\"349\" \/>Transpondeur : PCF7961A \/ puce ID46<\/p>\n<p data-start=\"388\" data-end=\"457\"><strong>Compatibilit\u00e9 avec les mod\u00e8les suivants :<\/strong><\/p>\n<ul>\n<li data-start=\"388\" data-end=\"457\">2003 &#8211; 2007 Honda Civic<\/li>\n<\/ul>\n","protected":false},"excerpt":{"rendered":"<p>Module de t\u00e9l\u00e9commande pour Honda Civic 2003-2007, 3 boutons, 433 MHz, puce ID46, N5F-A05TAA, 35111-SMG-305, pi\u00e8ce de rechange : Fabricant<\/p>\n","protected":false},"featured_media":109571,"comment_status":"open","ping_status":"closed","template":"","meta":{"_relevanssi_hide_post":"","_relevanssi_hide_content":"","_relevanssi_pin_for_all":"","_relevanssi_pin_keywords":"","_relevanssi_unpin_keywords":"","_relevanssi_related_keywords":"","_relevanssi_related_include_ids":"","_relevanssi_related_exclude_ids":"","_relevanssi_related_no_append":"","_relevanssi_related_not_related":"","_relevanssi_related_posts":"","_relevanssi_noindex_reason":""},"product_brand":[],"product_cat":[2580],"product_tag":[],"class_list":{"0":"post-137099","1":"product","2":"type-product","3":"status-publish","4":"has-post-thumbnail","6":"product_cat-telecommandes-de-voiture","7":"pa_buttons-3-fr","8":"pa_car-makes-honda-fr","9":"pa_color-black-fr","10":"pa_frequency-433mhz-fr","11":"pa_manufacturers-aftermarket-fr","12":"pa_remote-type-remote-head-keys-fr","13":"pa_transponder-chip-yes-fr","14":"pa_types-car-remotes-fr","16":"first","17":"instock","18":"shipping-taxable","19":"purchasable","20":"product-type-simple"},"_links":{"self":[{"href":"https:\/\/gskeyae.com\/fr\/wp-json\/wp\/v2\/product\/137099","targetHints":{"allow":["GET"]}}],"collection":[{"href":"https:\/\/gskeyae.com\/fr\/wp-json\/wp\/v2\/product"}],"about":[{"href":"https:\/\/gskeyae.com\/fr\/wp-json\/wp\/v2\/types\/product"}],"replies":[{"embeddable":true,"href":"https:\/\/gskeyae.com\/fr\/wp-json\/wp\/v2\/comments?post=137099"}],"version-history":[{"count":0,"href":"https:\/\/gskeyae.com\/fr\/wp-json\/wp\/v2\/product\/137099\/revisions"}],"wp:featuredmedia":[{"embeddable":true,"href":"https:\/\/gskeyae.com\/fr\/wp-json\/wp\/v2\/media\/109571"}],"wp:attachment":[{"href":"https:\/\/gskeyae.com\/fr\/wp-json\/wp\/v2\/media?parent=137099"}],"wp:term":[{"taxonomy":"product_brand","embeddable":true,"href":"https:\/\/gskeyae.com\/fr\/wp-json\/wp\/v2\/product_brand?post=137099"},{"taxonomy":"product_cat","embeddable":true,"href":"https:\/\/gskeyae.com\/fr\/wp-json\/wp\/v2\/product_cat?post=137099"},{"taxonomy":"product_tag","embeddable":true,"href":"https:\/\/gskeyae.com\/fr\/wp-json\/wp\/v2\/product_tag?post=137099"}],"curies":[{"name":"wp","href":"https:\/\/api.w.org\/{rel}","templated":true}]}}