{"id":137088,"date":"2022-10-20T11:13:12","date_gmt":"2022-10-20T07:13:12","guid":{"rendered":"https:\/\/gskeyae.com\/?post_type=product&#038;p=137088"},"modified":"2026-02-28T13:33:23","modified_gmt":"2026-02-28T09:33:23","slug":"cle-intelligente-kia-soul-95440-k0100","status":"publish","type":"product","link":"https:\/\/gskeyae.com\/fr\/product\/cle-intelligente-kia-soul-95440-k0100\/","title":{"rendered":"Cl\u00e9 intelligente d\u2019origine KIA Soul 2019-2022 3 boutons 433MHz 95440-K0100"},"content":{"rendered":"<h2 data-start=\"0\" data-end=\"132\">Cl\u00e9 intelligente d\u2019origine KIA Soul 2019-2022, 3 boutons, 433 MHz, puce ID4A PCF7961M, R\u00e9f. : 95440-K0100 :<\/h2>\n<p data-start=\"134\" data-end=\"675\"><strong data-start=\"134\" data-end=\"149\">Fabricant :<\/strong> KIA \/ Pi\u00e8ce d\u2019origine<br data-start=\"184\" data-end=\"187\" \/><strong data-start=\"187\" data-end=\"212\">Num\u00e9ro de pi\u00e8ce OEM :<\/strong> 95440-K0100, 95440K0100<br data-start=\"236\" data-end=\"239\" data-is-only-node=\"\" \/><strong data-start=\"239\" data-end=\"249\">\u00c9tat :<\/strong> Neuf<br data-start=\"254\" data-end=\"257\" \/><strong data-start=\"257\" data-end=\"272\">Fr\u00e9quence :<\/strong> 433 MHz<br data-start=\"280\" data-end=\"283\" \/><strong data-start=\"283\" data-end=\"301\">Type de pile :<\/strong> <a href=\"https:\/\/gskeyae.com\/fr\/product\/batterie-bouton-lithium-maxell-cr2032\/\">CR2032<\/a><br data-start=\"308\" data-end=\"311\" \/><strong data-start=\"311\" data-end=\"324\">Boutons :<\/strong> 3 (verrouillage, d\u00e9verrouillage, hayon)<br data-start=\"364\" data-end=\"367\" \/><strong data-start=\"367\" data-end=\"388\">Fonctionnalit\u00e9s :<\/strong> D\u00e9marrage sans cl\u00e9, acc\u00e8s mains libres<br data-start=\"427\" data-end=\"430\" \/><strong data-start=\"430\" data-end=\"453\">Puce transpondeur :<\/strong> HITAG 128 bits AES \u2013 ID4A PCF7961M<br data-start=\"488\" data-end=\"491\" \/><strong data-start=\"491\" data-end=\"514\">R\u00e9gions \/ March\u00e9s :<\/strong> Australie, Global, Europe, Moyen-Orient, Russie<br data-start=\"562\" data-end=\"565\" \/><strong data-start=\"565\" data-end=\"592\">Lame de cl\u00e9 d\u2019urgence :<\/strong> identique \u00e0 <a href=\"https:\/\/gskeyae.com\/fr\/product\/lame-de-cle-durgence-kia-hu134-81996-m6020\/\">81996-M6020<\/a> \/ 81999-J7020 \/ <a href=\"https:\/\/gskeyae.com\/fr\/product\/lame-de-cle-intelligente-kia-kk12-81996-s9000\/\">81996-S9000<\/a> \u2013 KK12 \u2013 HU134 \/ non incluse<\/p>\n<p data-start=\"677\" data-end=\"721\"><strong data-start=\"677\" data-end=\"696\">Compatibilit\u00e9 :<\/strong><\/p>\n<ul>\n<li data-start=\"677\" data-end=\"721\">2019 \u2013 2022 KIA Soul<\/li>\n<\/ul>\n","protected":false},"excerpt":{"rendered":"<p>Cl\u00e9 intelligente d\u2019origine KIA Soul 2019-2022, 3 boutons, 433 MHz, puce ID4A PCF7961M, R\u00e9f. : 95440-K0100 : Fabricant : KIA<\/p>\n","protected":false},"featured_media":109624,"comment_status":"open","ping_status":"closed","template":"","meta":{"_relevanssi_hide_post":"","_relevanssi_hide_content":"","_relevanssi_pin_for_all":"","_relevanssi_pin_keywords":"","_relevanssi_unpin_keywords":"","_relevanssi_related_keywords":"","_relevanssi_related_include_ids":"","_relevanssi_related_exclude_ids":"","_relevanssi_related_no_append":"","_relevanssi_related_not_related":"","_relevanssi_related_posts":"","_relevanssi_noindex_reason":""},"product_brand":[],"product_cat":[2580],"product_tag":[],"class_list":{"0":"post-137088","1":"product","2":"type-product","3":"status-publish","4":"has-post-thumbnail","6":"product_cat-telecommandes-de-voiture","7":"pa_buttons-3-fr","8":"pa_car-makes-kia-fr","9":"pa_color-black-fr","10":"pa_frequency-433mhz-fr","11":"pa_manufacturers-genuine-oem-fr","12":"pa_remote-type-proximity-keys-fr","13":"pa_transponder-chip-yes-fr","14":"pa_types-car-remotes-fr","16":"first","17":"instock","18":"shipping-taxable","19":"purchasable","20":"product-type-simple"},"_links":{"self":[{"href":"https:\/\/gskeyae.com\/fr\/wp-json\/wp\/v2\/product\/137088","targetHints":{"allow":["GET"]}}],"collection":[{"href":"https:\/\/gskeyae.com\/fr\/wp-json\/wp\/v2\/product"}],"about":[{"href":"https:\/\/gskeyae.com\/fr\/wp-json\/wp\/v2\/types\/product"}],"replies":[{"embeddable":true,"href":"https:\/\/gskeyae.com\/fr\/wp-json\/wp\/v2\/comments?post=137088"}],"version-history":[{"count":0,"href":"https:\/\/gskeyae.com\/fr\/wp-json\/wp\/v2\/product\/137088\/revisions"}],"wp:featuredmedia":[{"embeddable":true,"href":"https:\/\/gskeyae.com\/fr\/wp-json\/wp\/v2\/media\/109624"}],"wp:attachment":[{"href":"https:\/\/gskeyae.com\/fr\/wp-json\/wp\/v2\/media?parent=137088"}],"wp:term":[{"taxonomy":"product_brand","embeddable":true,"href":"https:\/\/gskeyae.com\/fr\/wp-json\/wp\/v2\/product_brand?post=137088"},{"taxonomy":"product_cat","embeddable":true,"href":"https:\/\/gskeyae.com\/fr\/wp-json\/wp\/v2\/product_cat?post=137088"},{"taxonomy":"product_tag","embeddable":true,"href":"https:\/\/gskeyae.com\/fr\/wp-json\/wp\/v2\/product_tag?post=137088"}],"curies":[{"name":"wp","href":"https:\/\/api.w.org\/{rel}","templated":true}]}}