{"id":137086,"date":"2022-10-20T11:53:04","date_gmt":"2022-10-20T07:53:04","guid":{"rendered":"https:\/\/gskeyae.com\/?post_type=product&#038;p=137086"},"modified":"2025-12-17T20:05:08","modified_gmt":"2025-12-17T16:05:08","slug":"cle-intelligente-kia-forte-95440-m6211","status":"publish","type":"product","link":"https:\/\/gskeyae.com\/fr\/product\/cle-intelligente-kia-forte-95440-m6211\/","title":{"rendered":"Cl\u00e9 intelligente d\u2019origine KIA Forte Cerato 2019-2021 3 boutons 433MHz 95440-M6211"},"content":{"rendered":"<h2 data-start=\"0\" data-end=\"157\">Cl\u00e9 intelligente d\u2019origine KIA Forte Cerato 2019-2021, 3 boutons, 433MHz, puce DST-AES ID8A, 95440-M6211 :<\/h2>\n<p data-start=\"159\" data-end=\"742\"><strong data-start=\"159\" data-end=\"174\">Fabricant :<\/strong> KIA \/ Pi\u00e8ce d\u2019origine<br data-start=\"209\" data-end=\"212\" \/><strong data-start=\"212\" data-end=\"237\">Num\u00e9ro de pi\u00e8ce OEM :<\/strong> 95440-M6211, 95440M6211<br data-start=\"261\" data-end=\"264\" \/><strong data-start=\"264\" data-end=\"296\">Num\u00e9ro de pi\u00e8ce compatible :<\/strong> 95440-M6210, 95440M6210<br data-start=\"320\" data-end=\"323\" data-is-only-node=\"\" \/><strong data-start=\"323\" data-end=\"333\">\u00c9tat :<\/strong> Neuf<br data-start=\"338\" data-end=\"341\" \/><strong data-start=\"341\" data-end=\"356\">Fr\u00e9quence :<\/strong> 433 MHz<br data-start=\"364\" data-end=\"367\" \/><strong data-start=\"367\" data-end=\"385\">Type de pile :<\/strong> <a href=\"https:\/\/gskeyae.com\/fr\/product\/batterie-bouton-lithium-maxell-cr2032\/\">CR2032<\/a><br data-start=\"392\" data-end=\"395\" \/><strong data-start=\"395\" data-end=\"408\">Boutons :<\/strong> 3 (verrouillage, d\u00e9verrouillage, coffre)<br data-start=\"449\" data-end=\"452\" \/><strong data-start=\"452\" data-end=\"473\">Fonctionnalit\u00e9s :<\/strong> Cl\u00e9 intelligente, d\u00e9marrage sans cl\u00e9, acc\u00e8s mains libres<br data-start=\"530\" data-end=\"533\" \/><strong data-start=\"533\" data-end=\"556\">Puce transpondeur :<\/strong> DST-AES ID8A<br data-start=\"569\" data-end=\"572\" \/><strong data-start=\"572\" data-end=\"597\">March\u00e9s compatibles :<\/strong> Australie, Europe, Moyen-Orient, Russie<br data-start=\"637\" data-end=\"640\" \/><strong data-start=\"640\" data-end=\"667\">Lame de cl\u00e9 d\u2019urgence :<\/strong> identique \u00e0 <a href=\"https:\/\/gskeyae.com\/fr\/product\/lame-de-cle-durgence-kia-hu134-81996-m6020\/\">81996-M6020<\/a> \/ 81999-J7020 \/ <a href=\"https:\/\/gskeyae.com\/fr\/product\/lame-de-cle-intelligente-kia-kk12-81996-s9000\/\">81996-S9000<\/a> \u2013 KK12 \/ non incluse<\/p>\n<p data-start=\"744\" data-end=\"798\"><strong data-start=\"744\" data-end=\"763\">Compatibilit\u00e9 :<\/strong><\/p>\n<ul>\n<li data-start=\"744\" data-end=\"798\">2019 \u2013 2021 KIA Forte \/ Cerato<\/li>\n<\/ul>\n","protected":false},"excerpt":{"rendered":"<p>Cl\u00e9 intelligente d\u2019origine KIA Forte Cerato 2019-2021, 3 boutons, 433MHz, puce DST-AES ID8A, 95440-M6211 : Fabricant : KIA \/ Pi\u00e8ce<\/p>\n","protected":false},"featured_media":109628,"comment_status":"open","ping_status":"closed","template":"","meta":{"_relevanssi_hide_post":"","_relevanssi_hide_content":"","_relevanssi_pin_for_all":"","_relevanssi_pin_keywords":"","_relevanssi_unpin_keywords":"","_relevanssi_related_keywords":"","_relevanssi_related_include_ids":"","_relevanssi_related_exclude_ids":"","_relevanssi_related_no_append":"","_relevanssi_related_not_related":"","_relevanssi_related_posts":"","_relevanssi_noindex_reason":""},"product_brand":[],"product_cat":[2580],"product_tag":[],"class_list":{"0":"post-137086","1":"product","2":"type-product","3":"status-publish","4":"has-post-thumbnail","6":"product_cat-telecommandes-de-voiture","7":"pa_buttons-3-fr","8":"pa_car-makes-kia-fr","9":"pa_color-black-fr","10":"pa_frequency-433mhz-fr","11":"pa_manufacturers-genuine-oem-fr","12":"pa_remote-type-proximity-keys-fr","13":"pa_transponder-chip-yes-fr","14":"pa_types-car-remotes-fr","16":"first","17":"instock","18":"shipping-taxable","19":"purchasable","20":"product-type-simple"},"_links":{"self":[{"href":"https:\/\/gskeyae.com\/fr\/wp-json\/wp\/v2\/product\/137086","targetHints":{"allow":["GET"]}}],"collection":[{"href":"https:\/\/gskeyae.com\/fr\/wp-json\/wp\/v2\/product"}],"about":[{"href":"https:\/\/gskeyae.com\/fr\/wp-json\/wp\/v2\/types\/product"}],"replies":[{"embeddable":true,"href":"https:\/\/gskeyae.com\/fr\/wp-json\/wp\/v2\/comments?post=137086"}],"version-history":[{"count":0,"href":"https:\/\/gskeyae.com\/fr\/wp-json\/wp\/v2\/product\/137086\/revisions"}],"wp:featuredmedia":[{"embeddable":true,"href":"https:\/\/gskeyae.com\/fr\/wp-json\/wp\/v2\/media\/109628"}],"wp:attachment":[{"href":"https:\/\/gskeyae.com\/fr\/wp-json\/wp\/v2\/media?parent=137086"}],"wp:term":[{"taxonomy":"product_brand","embeddable":true,"href":"https:\/\/gskeyae.com\/fr\/wp-json\/wp\/v2\/product_brand?post=137086"},{"taxonomy":"product_cat","embeddable":true,"href":"https:\/\/gskeyae.com\/fr\/wp-json\/wp\/v2\/product_cat?post=137086"},{"taxonomy":"product_tag","embeddable":true,"href":"https:\/\/gskeyae.com\/fr\/wp-json\/wp\/v2\/product_tag?post=137086"}],"curies":[{"name":"wp","href":"https:\/\/api.w.org\/{rel}","templated":true}]}}