{"id":137084,"date":"2022-10-20T17:01:23","date_gmt":"2022-10-20T13:01:23","guid":{"rendered":"https:\/\/gskeyae.com\/?post_type=product&#038;p=137084"},"modified":"2025-12-17T20:05:08","modified_gmt":"2025-12-17T16:05:08","slug":"cle-intelligente-kia-k7-95440-f6510","status":"publish","type":"product","link":"https:\/\/gskeyae.com\/fr\/product\/cle-intelligente-kia-k7-95440-f6510\/","title":{"rendered":"Cl\u00e9 intelligente originale KIA K7 2018-2022 5 boutons 433MHz 95440-F6510"},"content":{"rendered":"<h2 data-start=\"0\" data-end=\"140\">Cl\u00e9 intelligente originale KIA K7 2018-2022, t\u00e9l\u00e9commande de proximit\u00e9 5 boutons, 433 MHz, TQ8-FOB-4F34, r\u00e9f\u00e9rence 95440-F6510 :<\/h2>\n<p data-start=\"142\" data-end=\"690\"><strong data-start=\"142\" data-end=\"157\">Fabricant :<\/strong> KIA \/ Pi\u00e8ce d\u2019origine constructeur<br data-start=\"192\" data-end=\"195\" \/><strong data-start=\"195\" data-end=\"220\">Num\u00e9ro de pi\u00e8ce OEM :<\/strong> 95440-F6510, 95440F6510<br data-start=\"244\" data-end=\"247\" \/><strong data-start=\"247\" data-end=\"259\">ID FCC :<\/strong> TQ8-FOB-4F34, TQ8FOB4F34<br data-start=\"284\" data-end=\"287\" data-is-only-node=\"\" \/><strong data-start=\"287\" data-end=\"297\">\u00c9tat :<\/strong> Neuf<br data-start=\"302\" data-end=\"305\" \/><strong data-start=\"305\" data-end=\"320\">Fr\u00e9quence :<\/strong> 433 MHz<br data-start=\"328\" data-end=\"331\" \/><strong data-start=\"331\" data-end=\"349\">Type de pile :<\/strong> <a href=\"https:\/\/gskeyae.com\/fr\/product\/batterie-bouton-lithium-maxell-cr2032\/\">CR2032<\/a><br data-start=\"356\" data-end=\"359\" \/><strong data-start=\"359\" data-end=\"380\">R\u00e9gion \/ March\u00e9 :<\/strong> USA<br data-start=\"384\" data-end=\"387\" \/><strong data-start=\"387\" data-end=\"408\">Fonctionnalit\u00e9s :<\/strong> D\u00e9marrage sans cl\u00e9, acc\u00e8s mains libres, cl\u00e9 intelligente<br data-start=\"465\" data-end=\"468\" \/><strong data-start=\"468\" data-end=\"494\">Puce de transpondeur :<\/strong> HITAG 3 \u2013 ID47 NCF29A1X<br data-start=\"518\" data-end=\"521\" \/><strong data-start=\"521\" data-end=\"534\">Boutons :<\/strong> 5 (verrouillage, d\u00e9verrouillage, coffre, alarme, d\u00e9marrage \u00e0 distance)<br data-start=\"605\" data-end=\"608\" \/><strong data-start=\"608\" data-end=\"635\">Lame de cl\u00e9 d\u2019urgence :<\/strong> identique \u00e0 81996-F6600 \u2013 mod\u00e8le TOY40 \/ non incluse<\/p>\n<p data-start=\"692\" data-end=\"734\"><strong data-start=\"692\" data-end=\"711\">Compatibilit\u00e9 :<\/strong><\/p>\n<ul>\n<li data-start=\"692\" data-end=\"734\">2018 \u2013 2022 KIA K7<\/li>\n<\/ul>\n","protected":false},"excerpt":{"rendered":"<p>Cl\u00e9 intelligente originale KIA K7 2018-2022, t\u00e9l\u00e9commande de proximit\u00e9 5 boutons, 433 MHz, TQ8-FOB-4F34, r\u00e9f\u00e9rence 95440-F6510 : Fabricant : KIA<\/p>\n","protected":false},"featured_media":109641,"comment_status":"open","ping_status":"closed","template":"","meta":{"_relevanssi_hide_post":"","_relevanssi_hide_content":"","_relevanssi_pin_for_all":"","_relevanssi_pin_keywords":"","_relevanssi_unpin_keywords":"","_relevanssi_related_keywords":"","_relevanssi_related_include_ids":"","_relevanssi_related_exclude_ids":"","_relevanssi_related_no_append":"","_relevanssi_related_not_related":"","_relevanssi_related_posts":"","_relevanssi_noindex_reason":""},"product_brand":[],"product_cat":[2580],"product_tag":[],"class_list":{"0":"post-137084","1":"product","2":"type-product","3":"status-publish","4":"has-post-thumbnail","6":"product_cat-telecommandes-de-voiture","7":"pa_buttons-5-fr","8":"pa_car-makes-kia-fr","9":"pa_color-black-fr","10":"pa_frequency-433mhz-fr","11":"pa_manufacturers-genuine-oem-fr","12":"pa_remote-type-proximity-keys-fr","13":"pa_transponder-chip-yes-fr","14":"pa_types-car-remotes-fr","16":"first","17":"instock","18":"sale","19":"shipping-taxable","20":"purchasable","21":"product-type-simple"},"_links":{"self":[{"href":"https:\/\/gskeyae.com\/fr\/wp-json\/wp\/v2\/product\/137084","targetHints":{"allow":["GET"]}}],"collection":[{"href":"https:\/\/gskeyae.com\/fr\/wp-json\/wp\/v2\/product"}],"about":[{"href":"https:\/\/gskeyae.com\/fr\/wp-json\/wp\/v2\/types\/product"}],"replies":[{"embeddable":true,"href":"https:\/\/gskeyae.com\/fr\/wp-json\/wp\/v2\/comments?post=137084"}],"version-history":[{"count":0,"href":"https:\/\/gskeyae.com\/fr\/wp-json\/wp\/v2\/product\/137084\/revisions"}],"wp:featuredmedia":[{"embeddable":true,"href":"https:\/\/gskeyae.com\/fr\/wp-json\/wp\/v2\/media\/109641"}],"wp:attachment":[{"href":"https:\/\/gskeyae.com\/fr\/wp-json\/wp\/v2\/media?parent=137084"}],"wp:term":[{"taxonomy":"product_brand","embeddable":true,"href":"https:\/\/gskeyae.com\/fr\/wp-json\/wp\/v2\/product_brand?post=137084"},{"taxonomy":"product_cat","embeddable":true,"href":"https:\/\/gskeyae.com\/fr\/wp-json\/wp\/v2\/product_cat?post=137084"},{"taxonomy":"product_tag","embeddable":true,"href":"https:\/\/gskeyae.com\/fr\/wp-json\/wp\/v2\/product_tag?post=137084"}],"curies":[{"name":"wp","href":"https:\/\/api.w.org\/{rel}","templated":true}]}}