{"id":137077,"date":"2022-10-20T18:42:38","date_gmt":"2022-10-20T14:42:38","guid":{"rendered":"https:\/\/gskeyae.com\/?post_type=product&#038;p=137077"},"modified":"2025-12-17T20:05:08","modified_gmt":"2025-12-17T16:05:08","slug":"cle-intelligente-kia-cerato-95440-m6600","status":"publish","type":"product","link":"https:\/\/gskeyae.com\/fr\/product\/cle-intelligente-kia-cerato-95440-m6600\/","title":{"rendered":"Cl\u00e9 intelligente originale KIA Cerato 2018-2021 4 boutons 433MHz 95440-M6600"},"content":{"rendered":"<h2 data-start=\"50\" data-end=\"173\">T\u00e9l\u00e9commande de proximit\u00e9 intelligente originale KIA Cerato 2018-2021, 4 boutons, 433 MHz, puce 8A, 95440-M6600 :<\/h2>\n<p data-start=\"175\" data-end=\"741\"><strong data-start=\"175\" data-end=\"190\">Fabricant :<\/strong> KIA \/ Pi\u00e8ces d\u2019origine<br data-start=\"213\" data-end=\"216\" \/><strong data-start=\"216\" data-end=\"241\">Num\u00e9ro de pi\u00e8ce OEM :<\/strong> 95440-M6600, 95440M6600<br data-start=\"265\" data-end=\"268\" \/><strong data-start=\"268\" data-end=\"300\">Num\u00e9ro de pi\u00e8ce compatible :<\/strong> 95440-M6601, 95440M6601<br data-start=\"324\" data-end=\"327\" data-is-only-node=\"\" \/><strong data-start=\"327\" data-end=\"339\">ID FCC :<\/strong> FE00440<br data-start=\"347\" data-end=\"350\" \/><strong data-start=\"350\" data-end=\"360\">\u00c9tat :<\/strong> Neuf<br data-start=\"365\" data-end=\"368\" \/><strong data-start=\"368\" data-end=\"383\">Fr\u00e9quence :<\/strong> 433 MHz<br data-start=\"391\" data-end=\"394\" \/><strong data-start=\"394\" data-end=\"412\">Type de pile :<\/strong> <a href=\"https:\/\/gskeyae.com\/fr\/product\/batterie-bouton-lithium-maxell-cr2032\/\">CR2032<\/a><br data-start=\"419\" data-end=\"422\" \/><strong data-start=\"422\" data-end=\"443\">R\u00e9gion \/ March\u00e9 :<\/strong> Moyen-Orient<br data-start=\"456\" data-end=\"459\" \/><strong data-start=\"459\" data-end=\"495\">Acc\u00e8s sans cl\u00e9 \/ Proximit\u00e9 \/ Intelligent :<\/strong> Oui<br data-start=\"499\" data-end=\"502\" \/><strong data-start=\"502\" data-end=\"515\">Boutons :<\/strong> 4 \/ Verrouillage, D\u00e9verrouillage, Coffre, D\u00e9marrage \u00e0 distance<br data-start=\"578\" data-end=\"581\" \/><strong data-start=\"581\" data-end=\"604\">Puce transpondeur :<\/strong> 8A Texas Crypto 128 bits AES<br data-start=\"633\" data-end=\"636\" \/><strong data-start=\"636\" data-end=\"663\">Lame de cl\u00e9 d\u2019urgence :<\/strong> M\u00eame que <a href=\"https:\/\/gskeyae.com\/fr\/product\/lame-de-cle-intelligente-kia-kk12-81996-s9000\/\">81996-S9000<\/a>, 81999-J7020, <a href=\"https:\/\/gskeyae.com\/fr\/product\/lame-de-cle-durgence-kia-hu134-81996-m6020\/\">81996-M6020<\/a> \/ KK12 \u2013 HU134 \/ Non incluse<\/p>\n<p data-start=\"743\" data-end=\"812\"><strong data-start=\"743\" data-end=\"785\">Compatible avec les mod\u00e8les suivants :<\/strong><\/p>\n<ul>\n<li data-start=\"743\" data-end=\"812\">2018 &#8211; 2021 KIA Cerato<\/li>\n<\/ul>\n","protected":false},"excerpt":{"rendered":"<p>T\u00e9l\u00e9commande de proximit\u00e9 intelligente originale KIA Cerato 2018-2021, 4 boutons, 433 MHz, puce 8A, 95440-M6600 : Fabricant : KIA \/<\/p>\n","protected":false},"featured_media":109654,"comment_status":"open","ping_status":"closed","template":"","meta":{"_relevanssi_hide_post":"","_relevanssi_hide_content":"","_relevanssi_pin_for_all":"","_relevanssi_pin_keywords":"","_relevanssi_unpin_keywords":"","_relevanssi_related_keywords":"","_relevanssi_related_include_ids":"","_relevanssi_related_exclude_ids":"","_relevanssi_related_no_append":"","_relevanssi_related_not_related":"","_relevanssi_related_posts":"","_relevanssi_noindex_reason":""},"product_brand":[],"product_cat":[2580],"product_tag":[],"class_list":{"0":"post-137077","1":"product","2":"type-product","3":"status-publish","4":"has-post-thumbnail","6":"product_cat-telecommandes-de-voiture","7":"pa_buttons-4-fr","8":"pa_car-makes-kia-fr","9":"pa_color-black-fr","10":"pa_frequency-433mhz-fr","11":"pa_manufacturers-genuine-oem-fr","12":"pa_remote-type-proximity-keys-fr","13":"pa_transponder-chip-yes-fr","14":"pa_types-car-remotes-fr","16":"first","17":"instock","18":"shipping-taxable","19":"purchasable","20":"product-type-simple"},"_links":{"self":[{"href":"https:\/\/gskeyae.com\/fr\/wp-json\/wp\/v2\/product\/137077","targetHints":{"allow":["GET"]}}],"collection":[{"href":"https:\/\/gskeyae.com\/fr\/wp-json\/wp\/v2\/product"}],"about":[{"href":"https:\/\/gskeyae.com\/fr\/wp-json\/wp\/v2\/types\/product"}],"replies":[{"embeddable":true,"href":"https:\/\/gskeyae.com\/fr\/wp-json\/wp\/v2\/comments?post=137077"}],"version-history":[{"count":0,"href":"https:\/\/gskeyae.com\/fr\/wp-json\/wp\/v2\/product\/137077\/revisions"}],"wp:featuredmedia":[{"embeddable":true,"href":"https:\/\/gskeyae.com\/fr\/wp-json\/wp\/v2\/media\/109654"}],"wp:attachment":[{"href":"https:\/\/gskeyae.com\/fr\/wp-json\/wp\/v2\/media?parent=137077"}],"wp:term":[{"taxonomy":"product_brand","embeddable":true,"href":"https:\/\/gskeyae.com\/fr\/wp-json\/wp\/v2\/product_brand?post=137077"},{"taxonomy":"product_cat","embeddable":true,"href":"https:\/\/gskeyae.com\/fr\/wp-json\/wp\/v2\/product_cat?post=137077"},{"taxonomy":"product_tag","embeddable":true,"href":"https:\/\/gskeyae.com\/fr\/wp-json\/wp\/v2\/product_tag?post=137077"}],"curies":[{"name":"wp","href":"https:\/\/api.w.org\/{rel}","templated":true}]}}