{"id":137042,"date":"2022-10-31T18:12:13","date_gmt":"2022-10-31T14:12:13","guid":{"rendered":"https:\/\/gskeyae.com\/?post_type=product&#038;p=137042"},"modified":"2025-12-17T20:05:07","modified_gmt":"2025-12-17T16:05:07","slug":"cle-intelligente-keydiy-kd-honda-zb10-4","status":"publish","type":"product","link":"https:\/\/gskeyae.com\/fr\/product\/cle-intelligente-keydiy-kd-honda-zb10-4\/","title":{"rendered":"Cl\u00e9 t\u00e9l\u00e9commande intelligente universelle Keydiy KD s\u00e9rie ZB 4 boutons type Honda ZB10-4"},"content":{"rendered":"","protected":false},"excerpt":{"rendered":"<ul>\n<li><strong data-start=\"0\" data-end=\"15\" data-is-only-node=\"\">Fabricant :<\/strong> Keydiy<\/li>\n<li><strong data-start=\"25\" data-end=\"35\">\u00c9tat :<\/strong> Neuf<\/li>\n<li><strong data-start=\"43\" data-end=\"53\">Type :<\/strong> Honda<\/li>\n<li><strong data-start=\"62\" data-end=\"75\">Boutons :<\/strong> 4<\/li>\n<li><strong data-start=\"80\" data-end=\"101\">Num\u00e9ro de pi\u00e8ce :<\/strong> ZB10-4<\/li>\n<\/ul>\n","protected":false},"featured_media":110000,"comment_status":"open","ping_status":"closed","template":"","meta":{"_relevanssi_hide_post":"","_relevanssi_hide_content":"","_relevanssi_pin_for_all":"","_relevanssi_pin_keywords":"","_relevanssi_unpin_keywords":"","_relevanssi_related_keywords":"","_relevanssi_related_include_ids":"","_relevanssi_related_exclude_ids":"","_relevanssi_related_no_append":"","_relevanssi_related_not_related":"","_relevanssi_related_posts":"","_relevanssi_noindex_reason":""},"product_brand":[],"product_cat":[2580],"product_tag":[],"class_list":{"0":"post-137042","1":"product","2":"type-product","3":"status-publish","4":"has-post-thumbnail","6":"product_cat-telecommandes-de-voiture","7":"pa_buttons-4-fr","8":"pa_car-makes-honda-fr","9":"pa_color-black-fr","10":"pa_keydiy-remote-series-zb-smart-series-fr","11":"pa_manufacturers-keydiy-fr","12":"pa_remote-type-proximity-keys-fr","13":"pa_transponder-chip-yes-fr","14":"pa_types-car-remotes-fr","16":"first","17":"instock","18":"shipping-taxable","19":"purchasable","20":"product-type-simple"},"_links":{"self":[{"href":"https:\/\/gskeyae.com\/fr\/wp-json\/wp\/v2\/product\/137042","targetHints":{"allow":["GET"]}}],"collection":[{"href":"https:\/\/gskeyae.com\/fr\/wp-json\/wp\/v2\/product"}],"about":[{"href":"https:\/\/gskeyae.com\/fr\/wp-json\/wp\/v2\/types\/product"}],"replies":[{"embeddable":true,"href":"https:\/\/gskeyae.com\/fr\/wp-json\/wp\/v2\/comments?post=137042"}],"version-history":[{"count":0,"href":"https:\/\/gskeyae.com\/fr\/wp-json\/wp\/v2\/product\/137042\/revisions"}],"wp:featuredmedia":[{"embeddable":true,"href":"https:\/\/gskeyae.com\/fr\/wp-json\/wp\/v2\/media\/110000"}],"wp:attachment":[{"href":"https:\/\/gskeyae.com\/fr\/wp-json\/wp\/v2\/media?parent=137042"}],"wp:term":[{"taxonomy":"product_brand","embeddable":true,"href":"https:\/\/gskeyae.com\/fr\/wp-json\/wp\/v2\/product_brand?post=137042"},{"taxonomy":"product_cat","embeddable":true,"href":"https:\/\/gskeyae.com\/fr\/wp-json\/wp\/v2\/product_cat?post=137042"},{"taxonomy":"product_tag","embeddable":true,"href":"https:\/\/gskeyae.com\/fr\/wp-json\/wp\/v2\/product_tag?post=137042"}],"curies":[{"name":"wp","href":"https:\/\/api.w.org\/{rel}","templated":true}]}}