{"id":136987,"date":"2022-11-21T14:19:51","date_gmt":"2022-11-21T10:19:51","guid":{"rendered":"https:\/\/gskeyae.com\/?post_type=product&#038;p=136987"},"modified":"2025-12-17T20:05:04","modified_gmt":"2025-12-17T16:05:04","slug":"cle-intelligente-toyota-89904-52072","status":"publish","type":"product","link":"https:\/\/gskeyae.com\/fr\/product\/cle-intelligente-toyota-89904-52072\/","title":{"rendered":"Cl\u00e9 intelligente Toyota Corolla \/ RAV4 2007-2013 2 boutons 433MHz ASK 89904-52072"},"content":{"rendered":"<h2 data-start=\"37\" data-end=\"189\">T\u00e9l\u00e9commande intelligente d\u2019origine Toyota Corolla \/ RAV4 2007-2013, 2 boutons, 433MHz ASK, 89904-52072 :<\/h2>\n<ul data-start=\"191\" data-end=\"545\">\n<li data-start=\"191\" data-end=\"236\">\n<p data-start=\"193\" data-end=\"236\"><strong data-start=\"193\" data-end=\"208\">Fabricant :<\/strong> Toyota \/ Pi\u00e8ces d\u2019origine<\/p>\n<\/li>\n<li data-start=\"237\" data-end=\"290\">\n<p data-start=\"239\" data-end=\"290\"><strong data-start=\"239\" data-end=\"264\">Num\u00e9ro de pi\u00e8ce OEM :<\/strong> 89904-52072, 8990452072<\/p>\n<\/li>\n<li data-start=\"291\" data-end=\"341\">\n<p data-start=\"293\" data-end=\"341\"><strong data-start=\"293\" data-end=\"306\">Boutons :<\/strong> 2 \/ Verrouillage, D\u00e9verrouillage<\/p>\n<\/li>\n<li data-start=\"342\" data-end=\"373\">\n<p data-start=\"344\" data-end=\"373\"><strong data-start=\"344\" data-end=\"359\">Fr\u00e9quence :<\/strong> 433 MHz ASK<\/p>\n<\/li>\n<li data-start=\"374\" data-end=\"407\">\n<p data-start=\"376\" data-end=\"407\"><strong data-start=\"376\" data-end=\"398\">Type de batterie :<\/strong> CR1632<\/p>\n<\/li>\n<li data-start=\"408\" data-end=\"469\">\n<p data-start=\"410\" data-end=\"469\"><strong data-start=\"410\" data-end=\"433\">Puce transpondeur :<\/strong> Texas Crypto DST 40 bits TMS37126<\/p>\n<\/li>\n<li data-start=\"470\" data-end=\"545\">\n<p data-start=\"472\" data-end=\"545\"><strong data-start=\"472\" data-end=\"543\">Lame de cl\u00e9 d\u2019urgence identique \u00e0 69515-52120 &#8211; <\/strong><a href=\"https:\/\/gskeyae.com\/fr\/product\/lame-de-cle-intelligente-toyota-69515-52120\/\">TOY48<\/a> \/ NON incluse<\/p>\n<\/li>\n<\/ul>\n<p data-start=\"547\" data-end=\"591\"><strong data-start=\"547\" data-end=\"589\">Compatible avec les mod\u00e8les suivants :<\/strong><\/p>\n<ul data-start=\"592\" data-end=\"650\">\n<li data-start=\"592\" data-end=\"619\">\n<p data-start=\"594\" data-end=\"619\">Toyota RAV4 2009 &#8211; 2013<\/p>\n<\/li>\n<li data-start=\"620\" data-end=\"650\">\n<p data-start=\"622\" data-end=\"650\">Toyota Corolla 2007 &#8211; 2012<\/p>\n<\/li>\n<\/ul>\n<p data-start=\"652\" data-end=\"953\" data-is-last-node=\"\" data-is-only-node=\"\"><strong data-start=\"652\" data-end=\"666\">Remarque :<\/strong> Avant que la t\u00e9l\u00e9commande puisse d\u00e9marrer le v\u00e9hicule, elle doit \u00eatre programm\u00e9e. Vous devez donc vous rendre chez votre concessionnaire le plus proche ou chez un serrurier automobile local pour faire programmer la cl\u00e9 t\u00e9l\u00e9commande. La lame de cl\u00e9 d\u2019urgence doit \u00e9galement \u00eatre taill\u00e9e.<\/p>\n","protected":false},"excerpt":{"rendered":"<p>T\u00e9l\u00e9commande intelligente d\u2019origine Toyota Corolla \/ RAV4 2007-2013, 2 boutons, 433MHz ASK, 89904-52072 : Fabricant : Toyota \/ Pi\u00e8ces d\u2019origine<\/p>\n","protected":false},"featured_media":110771,"comment_status":"open","ping_status":"closed","template":"","meta":[],"product_brand":[],"product_cat":[2580],"product_tag":[],"class_list":{"0":"post-136987","1":"product","2":"type-product","3":"status-publish","4":"has-post-thumbnail","6":"product_cat-telecommandes-de-voiture","7":"pa_buttons-2-fr","8":"pa_car-makes-toyota-fr","9":"pa_color-black-fr","10":"pa_frequency-433mhz-fr","11":"pa_manufacturers-genuine-oem-fr","12":"pa_remote-type-proximity-keys-fr","13":"pa_transponder-chip-yes-fr","14":"pa_types-car-remotes-fr","16":"first","17":"instock","18":"sale","19":"shipping-taxable","20":"purchasable","21":"product-type-simple"},"_links":{"self":[{"href":"https:\/\/gskeyae.com\/fr\/wp-json\/wp\/v2\/product\/136987","targetHints":{"allow":["GET"]}}],"collection":[{"href":"https:\/\/gskeyae.com\/fr\/wp-json\/wp\/v2\/product"}],"about":[{"href":"https:\/\/gskeyae.com\/fr\/wp-json\/wp\/v2\/types\/product"}],"replies":[{"embeddable":true,"href":"https:\/\/gskeyae.com\/fr\/wp-json\/wp\/v2\/comments?post=136987"}],"version-history":[{"count":0,"href":"https:\/\/gskeyae.com\/fr\/wp-json\/wp\/v2\/product\/136987\/revisions"}],"wp:featuredmedia":[{"embeddable":true,"href":"https:\/\/gskeyae.com\/fr\/wp-json\/wp\/v2\/media\/110771"}],"wp:attachment":[{"href":"https:\/\/gskeyae.com\/fr\/wp-json\/wp\/v2\/media?parent=136987"}],"wp:term":[{"taxonomy":"product_brand","embeddable":true,"href":"https:\/\/gskeyae.com\/fr\/wp-json\/wp\/v2\/product_brand?post=136987"},{"taxonomy":"product_cat","embeddable":true,"href":"https:\/\/gskeyae.com\/fr\/wp-json\/wp\/v2\/product_cat?post=136987"},{"taxonomy":"product_tag","embeddable":true,"href":"https:\/\/gskeyae.com\/fr\/wp-json\/wp\/v2\/product_tag?post=136987"}],"curies":[{"name":"wp","href":"https:\/\/api.w.org\/{rel}","templated":true}]}}