{"id":136977,"date":"2022-11-23T15:34:22","date_gmt":"2022-11-23T11:34:22","guid":{"rendered":"https:\/\/gskeyae.com\/?post_type=product&#038;p=136977"},"modified":"2026-03-31T13:33:15","modified_gmt":"2026-03-31T09:33:15","slug":"cle-pliante-ford-ds7t-15k601-be","status":"publish","type":"product","link":"https:\/\/gskeyae.com\/fr\/product\/cle-pliante-ford-ds7t-15k601-be\/","title":{"rendered":"Cl\u00e9 pliante originale Ford Mondeo \/ Fiesta 2015-2019 3 boutons 433MHz DS7T-15K601-BE"},"content":{"rendered":"<h2 data-start=\"42\" data-end=\"175\">T\u00e9l\u00e9commande cl\u00e9 pliante originale Ford Mondeo \/ Fiesta 2015-2019, 3 boutons, puce HITAG PRO ID49, 433MHz, DS7T-15K601-BE :<\/h2>\n<ul data-start=\"177\" data-end=\"538\">\n<li data-start=\"177\" data-end=\"228\">\n<p data-start=\"179\" data-end=\"228\"><strong data-start=\"179\" data-end=\"194\">Fabricant :<\/strong> Ford \/ Original avec sac normal<\/p>\n<\/li>\n<li data-start=\"229\" data-end=\"328\">\n<p data-start=\"231\" data-end=\"328\"><strong data-start=\"231\" data-end=\"256\">Num\u00e9ro de pi\u00e8ce OEM :<\/strong> DS7T-15K601-BE, DS7T15K601BE \/ DS7T-15K601-BF, DS7T15K601BF \/ 1892737<\/p>\n<\/li>\n<li data-start=\"329\" data-end=\"358\">\n<p data-start=\"331\" data-end=\"358\"><strong data-start=\"331\" data-end=\"349\">Type de pile :<\/strong> <a href=\"https:\/\/gskeyae.com\/fr\/product\/batterie-bouton-lithium-maxell-cr2032\/\">CR2032<\/a><\/p>\n<\/li>\n<li data-start=\"359\" data-end=\"385\">\n<p data-start=\"361\" data-end=\"385\"><strong data-start=\"361\" data-end=\"376\">Fr\u00e9quence :<\/strong> 433MHz<\/p>\n<\/li>\n<li data-start=\"386\" data-end=\"427\">\n<p data-start=\"388\" data-end=\"427\"><strong data-start=\"388\" data-end=\"405\">Lame de cl\u00e9 :<\/strong> <a href=\"https:\/\/gskeyae.com\/fr\/product\/lame-de-cle-pliante-telecommande-ford-hu101-5925267\/\">HU101<\/a> \/ Non incluse<\/p>\n<\/li>\n<li data-start=\"428\" data-end=\"486\">\n<p data-start=\"430\" data-end=\"486\"><strong data-start=\"430\" data-end=\"443\">Boutons :<\/strong> 3 \/ Verrouillage, D\u00e9verrouillage, Coffre<\/p>\n<\/li>\n<li data-start=\"487\" data-end=\"538\">\n<p data-start=\"489\" data-end=\"538\"><strong data-start=\"489\" data-end=\"512\">Puce transpondeur :<\/strong> HITAG PRO PCF7945P ID49<\/p>\n<\/li>\n<\/ul>\n<p data-start=\"540\" data-end=\"584\"><strong data-start=\"540\" data-end=\"582\">Compatible avec les mod\u00e8les suivants :<\/strong><\/p>\n<ul data-start=\"585\" data-end=\"695\">\n<li data-start=\"585\" data-end=\"612\">\n<p data-start=\"587\" data-end=\"612\">Ford Mondeo 2015 &#8211; 2019<\/p>\n<\/li>\n<li data-start=\"613\" data-end=\"640\">\n<p data-start=\"615\" data-end=\"640\">Ford Fiesta 2017 &#8211; 2019<\/p>\n<\/li>\n<li data-start=\"641\" data-end=\"667\">\n<p data-start=\"643\" data-end=\"667\">Ford S-Max 2015 &#8211; 2019<\/p>\n<\/li>\n<li data-start=\"668\" data-end=\"695\">\n<p data-start=\"670\" data-end=\"695\">Ford Ranger 2015 &#8211; 2019<\/p>\n<\/li>\n<\/ul>\n<p data-start=\"788\" data-end=\"1064\"><strong data-start=\"788\" data-end=\"802\">Remarque :<\/strong> Avant que la t\u00e9l\u00e9commande puisse d\u00e9marrer le v\u00e9hicule, elle doit \u00eatre programm\u00e9e. Vous devez donc vous rendre chez votre concessionnaire le plus proche ou chez un serrurier automobile local pour programmer la cl\u00e9. La cl\u00e9 d\u2019urgence doit \u00e9galement \u00eatre taill\u00e9e.<\/p>\n","protected":false},"excerpt":{"rendered":"<p>T\u00e9l\u00e9commande cl\u00e9 pliante originale Ford Mondeo \/ Fiesta 2015-2019, 3 boutons, puce HITAG PRO ID49, 433MHz, DS7T-15K601-BE : Fabricant :<\/p>\n","protected":false},"featured_media":110807,"comment_status":"open","ping_status":"closed","template":"","meta":{"_relevanssi_hide_post":"","_relevanssi_hide_content":"","_relevanssi_pin_for_all":"","_relevanssi_pin_keywords":"","_relevanssi_unpin_keywords":"","_relevanssi_related_keywords":"","_relevanssi_related_include_ids":"","_relevanssi_related_exclude_ids":"","_relevanssi_related_no_append":"","_relevanssi_related_not_related":"","_relevanssi_related_posts":"","_relevanssi_noindex_reason":""},"product_brand":[],"product_cat":[2580],"product_tag":[],"class_list":{"0":"post-136977","1":"product","2":"type-product","3":"status-publish","4":"has-post-thumbnail","6":"product_cat-telecommandes-de-voiture","7":"pa_buttons-3-fr","8":"pa_car-makes-ford-fr","9":"pa_color-black-fr","10":"pa_frequency-433mhz-fr","11":"pa_manufacturers-original-fr","12":"pa_remote-type-remote-flip-keys-fr","13":"pa_transponder-chip-yes-fr","14":"pa_types-car-remotes-fr","16":"first","17":"instock","18":"shipping-taxable","19":"purchasable","20":"product-type-simple"},"_links":{"self":[{"href":"https:\/\/gskeyae.com\/fr\/wp-json\/wp\/v2\/product\/136977","targetHints":{"allow":["GET"]}}],"collection":[{"href":"https:\/\/gskeyae.com\/fr\/wp-json\/wp\/v2\/product"}],"about":[{"href":"https:\/\/gskeyae.com\/fr\/wp-json\/wp\/v2\/types\/product"}],"replies":[{"embeddable":true,"href":"https:\/\/gskeyae.com\/fr\/wp-json\/wp\/v2\/comments?post=136977"}],"version-history":[{"count":0,"href":"https:\/\/gskeyae.com\/fr\/wp-json\/wp\/v2\/product\/136977\/revisions"}],"wp:featuredmedia":[{"embeddable":true,"href":"https:\/\/gskeyae.com\/fr\/wp-json\/wp\/v2\/media\/110807"}],"wp:attachment":[{"href":"https:\/\/gskeyae.com\/fr\/wp-json\/wp\/v2\/media?parent=136977"}],"wp:term":[{"taxonomy":"product_brand","embeddable":true,"href":"https:\/\/gskeyae.com\/fr\/wp-json\/wp\/v2\/product_brand?post=136977"},{"taxonomy":"product_cat","embeddable":true,"href":"https:\/\/gskeyae.com\/fr\/wp-json\/wp\/v2\/product_cat?post=136977"},{"taxonomy":"product_tag","embeddable":true,"href":"https:\/\/gskeyae.com\/fr\/wp-json\/wp\/v2\/product_tag?post=136977"}],"curies":[{"name":"wp","href":"https:\/\/api.w.org\/{rel}","templated":true}]}}