{"id":136976,"date":"2022-11-23T15:55:48","date_gmt":"2022-11-23T11:55:48","guid":{"rendered":"https:\/\/gskeyae.com\/?post_type=product&#038;p=136976"},"modified":"2025-12-17T20:05:04","modified_gmt":"2025-12-17T16:05:04","slug":"cle-pliante-ford-eb3t-15k601-ba","status":"publish","type":"product","link":"https:\/\/gskeyae.com\/fr\/product\/cle-pliante-ford-eb3t-15k601-ba\/","title":{"rendered":"Cl\u00e9 pliante d\u2019origine Ford Mondeo Ranger 2014-2019 2 boutons 433MHz EB3T-15K601-BA"},"content":{"rendered":"<h2 data-start=\"42\" data-end=\"190\">Cl\u00e9 pliante d\u2019origine Ford Mondeo \/ Ranger 2014-2019, 2 boutons, 433MHz, puce HITAG Pro ID49, EB3T-15K601-BA :<\/h2>\n<ul data-start=\"192\" data-end=\"541\">\n<li data-start=\"192\" data-end=\"243\">\n<p data-start=\"194\" data-end=\"243\"><strong data-start=\"194\" data-end=\"209\">Fabricant :<\/strong> Ford \/ Original avec sac normal<\/p>\n<\/li>\n<li data-start=\"244\" data-end=\"302\">\n<p data-start=\"246\" data-end=\"302\"><strong data-start=\"246\" data-end=\"271\">Num\u00e9ro de pi\u00e8ce OEM :<\/strong> EB3T-15K601-BA, EB3T15K601BA<\/p>\n<\/li>\n<li data-start=\"303\" data-end=\"353\">\n<p data-start=\"305\" data-end=\"353\"><strong data-start=\"305\" data-end=\"318\">Boutons :<\/strong> 2 \/ Verrouillage, D\u00e9verrouillage<\/p>\n<\/li>\n<li data-start=\"354\" data-end=\"383\">\n<p data-start=\"356\" data-end=\"383\"><strong data-start=\"356\" data-end=\"374\">Type de pile :<\/strong> <a href=\"https:\/\/gskeyae.com\/fr\/product\/batterie-bouton-lithium-maxell-cr2032\/\">CR2032<\/a><\/p>\n<\/li>\n<li data-start=\"384\" data-end=\"410\">\n<p data-start=\"386\" data-end=\"410\"><strong data-start=\"386\" data-end=\"401\">Fr\u00e9quence :<\/strong> 433MHz<\/p>\n<\/li>\n<li data-start=\"411\" data-end=\"430\">\n<p data-start=\"413\" data-end=\"430\"><strong data-start=\"413\" data-end=\"423\">\u00c9tat :<\/strong> NEUF<\/p>\n<\/li>\n<li data-start=\"431\" data-end=\"480\">\n<p data-start=\"433\" data-end=\"480\"><strong data-start=\"433\" data-end=\"458\">Lame de cl\u00e9 pliante :<\/strong> <a href=\"https:\/\/gskeyae.com\/fr\/product\/lame-de-cle-pliante-telecommande-ford-hu101-5925267\/\">HU101<\/a> \/ Non incluse<\/p>\n<\/li>\n<li data-start=\"481\" data-end=\"541\">\n<p data-start=\"483\" data-end=\"541\"><strong data-start=\"483\" data-end=\"506\">Puce transpondeur :<\/strong> HITAG PRO \/ PCF7945P \/ Puce ID49<\/p>\n<\/li>\n<\/ul>\n<p data-start=\"543\" data-end=\"564\"><strong data-start=\"543\" data-end=\"562\">Compatibilit\u00e9 :<\/strong><\/p>\n<ul data-start=\"565\" data-end=\"683\">\n<li data-start=\"565\" data-end=\"605\">\n<p data-start=\"567\" data-end=\"605\">Ford Mondeo : 2014, 2015, 2016, 2017<\/p>\n<\/li>\n<li data-start=\"606\" data-end=\"646\">\n<p data-start=\"608\" data-end=\"646\">Ford Ranger : 2015, 2016, 2017, 2018<\/p>\n<\/li>\n<li data-start=\"647\" data-end=\"683\">\n<p data-start=\"649\" data-end=\"683\">Ford Ecosport : 2017, 2018, 2019<\/p>\n<\/li>\n<\/ul>\n<p data-start=\"776\" data-end=\"1052\"><strong data-start=\"776\" data-end=\"790\">Remarque :<\/strong> Avant que la t\u00e9l\u00e9commande puisse d\u00e9marrer le v\u00e9hicule, elle doit \u00eatre programm\u00e9e. Vous devez donc vous rendre chez votre concessionnaire le plus proche ou chez un serrurier automobile local pour programmer la cl\u00e9. La cl\u00e9 d\u2019urgence doit \u00e9galement \u00eatre taill\u00e9e.<\/p>\n","protected":false},"excerpt":{"rendered":"<p>Cl\u00e9 pliante d\u2019origine Ford Mondeo \/ Ranger 2014-2019, 2 boutons, 433MHz, puce HITAG Pro ID49, EB3T-15K601-BA : Fabricant : Ford<\/p>\n","protected":false},"featured_media":110804,"comment_status":"open","ping_status":"closed","template":"","meta":{"_relevanssi_hide_post":"","_relevanssi_hide_content":"","_relevanssi_pin_for_all":"","_relevanssi_pin_keywords":"","_relevanssi_unpin_keywords":"","_relevanssi_related_keywords":"","_relevanssi_related_include_ids":"","_relevanssi_related_exclude_ids":"","_relevanssi_related_no_append":"","_relevanssi_related_not_related":"","_relevanssi_related_posts":"","_relevanssi_noindex_reason":""},"product_brand":[],"product_cat":[2580],"product_tag":[],"class_list":{"0":"post-136976","1":"product","2":"type-product","3":"status-publish","4":"has-post-thumbnail","6":"product_cat-telecommandes-de-voiture","7":"pa_buttons-2-fr","8":"pa_car-makes-ford-fr","9":"pa_color-black-fr","10":"pa_frequency-433mhz-fr","11":"pa_manufacturers-original-fr","12":"pa_remote-type-remote-flip-keys-fr","13":"pa_transponder-chip-yes-fr","14":"pa_types-car-remotes-fr","16":"first","17":"instock","18":"sale","19":"shipping-taxable","20":"purchasable","21":"product-type-simple"},"_links":{"self":[{"href":"https:\/\/gskeyae.com\/fr\/wp-json\/wp\/v2\/product\/136976","targetHints":{"allow":["GET"]}}],"collection":[{"href":"https:\/\/gskeyae.com\/fr\/wp-json\/wp\/v2\/product"}],"about":[{"href":"https:\/\/gskeyae.com\/fr\/wp-json\/wp\/v2\/types\/product"}],"replies":[{"embeddable":true,"href":"https:\/\/gskeyae.com\/fr\/wp-json\/wp\/v2\/comments?post=136976"}],"version-history":[{"count":0,"href":"https:\/\/gskeyae.com\/fr\/wp-json\/wp\/v2\/product\/136976\/revisions"}],"wp:featuredmedia":[{"embeddable":true,"href":"https:\/\/gskeyae.com\/fr\/wp-json\/wp\/v2\/media\/110804"}],"wp:attachment":[{"href":"https:\/\/gskeyae.com\/fr\/wp-json\/wp\/v2\/media?parent=136976"}],"wp:term":[{"taxonomy":"product_brand","embeddable":true,"href":"https:\/\/gskeyae.com\/fr\/wp-json\/wp\/v2\/product_brand?post=136976"},{"taxonomy":"product_cat","embeddable":true,"href":"https:\/\/gskeyae.com\/fr\/wp-json\/wp\/v2\/product_cat?post=136976"},{"taxonomy":"product_tag","embeddable":true,"href":"https:\/\/gskeyae.com\/fr\/wp-json\/wp\/v2\/product_tag?post=136976"}],"curies":[{"name":"wp","href":"https:\/\/api.w.org\/{rel}","templated":true}]}}