{"id":136966,"date":"2022-11-24T12:57:16","date_gmt":"2022-11-24T08:57:16","guid":{"rendered":"https:\/\/gskeyae.com\/?post_type=product&#038;p=136966"},"modified":"2026-03-05T15:33:11","modified_gmt":"2026-03-05T11:33:11","slug":"cle-intelligente-toyota-land-cruiser-89904-60n10","status":"publish","type":"product","link":"https:\/\/gskeyae.com\/fr\/product\/cle-intelligente-toyota-land-cruiser-89904-60n10\/","title":{"rendered":"T\u00e9l\u00e9commande intelligente d\u2019origine Toyota Land Cruiser 2018-2019 2 boutons 433MHz BJ2EW 89904-60N10"},"content":{"rendered":"<h2 data-start=\"0\" data-end=\"165\">T\u00e9l\u00e9commande intelligente d\u2019origine Toyota Land Cruiser 2018-2019, 2 boutons, 433MHz, puce 8A, 89904-60N10, 8990460N10 \/ 89904-60N11, 8990460N11.<\/h2>\n<p data-start=\"167\" data-end=\"611\"><strong data-start=\"167\" data-end=\"182\">Fabricant :<\/strong> Toyota \/ Pi\u00e8ces d\u2019origine<br data-start=\"208\" data-end=\"211\" \/><strong data-start=\"211\" data-end=\"236\">Num\u00e9ro de pi\u00e8ce OEM :<\/strong> 89904-60N10, 8990460N10 \/ 89904-60N11, 8990460N11<br data-start=\"286\" data-end=\"289\" \/><strong data-start=\"289\" data-end=\"314\">Num\u00e9ros compatibles :<\/strong> 89904-60M50, 8990460M50<br data-start=\"338\" data-end=\"341\" \/><strong data-start=\"341\" data-end=\"353\" data-is-only-node=\"\">FCC ID :<\/strong> BJ2EW<br data-start=\"359\" data-end=\"362\" \/><strong data-start=\"362\" data-end=\"377\">Fr\u00e9quence :<\/strong> 433MHz<br data-start=\"384\" data-end=\"387\" \/><strong data-start=\"387\" data-end=\"405\">Type de pile :<\/strong> <a href=\"https:\/\/gskeyae.com\/fr\/product\/batterie-bouton-lithium-maxell-cr2032\/\">CR2032<\/a><br data-start=\"412\" data-end=\"415\" \/><strong data-start=\"415\" data-end=\"428\">Boutons :<\/strong> 2 \/ Verrouillage, D\u00e9verrouillage<br data-start=\"461\" data-end=\"464\" \/><strong data-start=\"464\" data-end=\"500\">Acc\u00e8s sans cl\u00e9 \/ Proximit\u00e9 \/ Intelligent :<\/strong> OUI<br data-start=\"504\" data-end=\"507\" \/><strong data-start=\"507\" data-end=\"530\">Puce transpondeur :<\/strong> 8A Texas Crypto 128 bits AES<br data-start=\"559\" data-end=\"562\" \/><strong data-start=\"562\" data-end=\"589\">Lame de cl\u00e9 d\u2019urgence :<\/strong> TOY48 \/ NON incluse<\/p>\n<p data-start=\"613\" data-end=\"651\"><strong data-start=\"613\" data-end=\"649\">Compatibilit\u00e9 avec les mod\u00e8les :<\/strong><\/p>\n<ul data-start=\"652\" data-end=\"687\">\n<li data-start=\"652\" data-end=\"687\">\n<p data-start=\"654\" data-end=\"687\">Toyota Land Cruiser 2018 &#8211; 2019<\/p>\n<\/li>\n<\/ul>\n<p data-start=\"816\" data-end=\"1100\" data-is-last-node=\"\" data-is-only-node=\"\"><strong data-start=\"816\" data-end=\"830\">Remarque :<\/strong> Avant que la t\u00e9l\u00e9commande puisse d\u00e9marrer le v\u00e9hicule, elle doit \u00eatre programm\u00e9e. Vous devez donc vous rendre chez votre concessionnaire le plus proche ou chez un serrurier automobile local pour programmer la cl\u00e9. La lame de cl\u00e9 d\u2019urgence doit \u00e9galement \u00eatre taill\u00e9e.<\/p>\n","protected":false},"excerpt":{"rendered":"<p>T\u00e9l\u00e9commande intelligente d\u2019origine Toyota Land Cruiser 2018-2019, 2 boutons, 433MHz, puce 8A, 89904-60N10, 8990460N10 \/ 89904-60N11, 8990460N11. Fabricant : Toyota<\/p>\n","protected":false},"featured_media":110822,"comment_status":"open","ping_status":"closed","template":"","meta":{"_relevanssi_hide_post":"","_relevanssi_hide_content":"","_relevanssi_pin_for_all":"","_relevanssi_pin_keywords":"","_relevanssi_unpin_keywords":"","_relevanssi_related_keywords":"","_relevanssi_related_include_ids":"","_relevanssi_related_exclude_ids":"","_relevanssi_related_no_append":"","_relevanssi_related_not_related":"","_relevanssi_related_posts":"","_relevanssi_noindex_reason":""},"product_brand":[],"product_cat":[2580],"product_tag":[],"class_list":{"0":"post-136966","1":"product","2":"type-product","3":"status-publish","4":"has-post-thumbnail","6":"product_cat-telecommandes-de-voiture","7":"pa_buttons-2-fr","8":"pa_car-makes-toyota-fr","9":"pa_color-black-fr","10":"pa_frequency-433mhz-fr","11":"pa_manufacturers-genuine-oem-fr","12":"pa_remote-type-proximity-keys-fr","13":"pa_transponder-chip-yes-fr","14":"pa_types-car-remotes-fr","16":"first","17":"instock","18":"sale","19":"shipping-taxable","20":"purchasable","21":"product-type-simple"},"_links":{"self":[{"href":"https:\/\/gskeyae.com\/fr\/wp-json\/wp\/v2\/product\/136966","targetHints":{"allow":["GET"]}}],"collection":[{"href":"https:\/\/gskeyae.com\/fr\/wp-json\/wp\/v2\/product"}],"about":[{"href":"https:\/\/gskeyae.com\/fr\/wp-json\/wp\/v2\/types\/product"}],"replies":[{"embeddable":true,"href":"https:\/\/gskeyae.com\/fr\/wp-json\/wp\/v2\/comments?post=136966"}],"version-history":[{"count":0,"href":"https:\/\/gskeyae.com\/fr\/wp-json\/wp\/v2\/product\/136966\/revisions"}],"wp:featuredmedia":[{"embeddable":true,"href":"https:\/\/gskeyae.com\/fr\/wp-json\/wp\/v2\/media\/110822"}],"wp:attachment":[{"href":"https:\/\/gskeyae.com\/fr\/wp-json\/wp\/v2\/media?parent=136966"}],"wp:term":[{"taxonomy":"product_brand","embeddable":true,"href":"https:\/\/gskeyae.com\/fr\/wp-json\/wp\/v2\/product_brand?post=136966"},{"taxonomy":"product_cat","embeddable":true,"href":"https:\/\/gskeyae.com\/fr\/wp-json\/wp\/v2\/product_cat?post=136966"},{"taxonomy":"product_tag","embeddable":true,"href":"https:\/\/gskeyae.com\/fr\/wp-json\/wp\/v2\/product_tag?post=136966"}],"curies":[{"name":"wp","href":"https:\/\/api.w.org\/{rel}","templated":true}]}}