{"id":136963,"date":"2022-11-27T10:24:33","date_gmt":"2022-11-27T06:24:33","guid":{"rendered":"https:\/\/gskeyae.com\/?post_type=product&#038;p=136963"},"modified":"2025-12-17T20:05:03","modified_gmt":"2025-12-17T16:05:03","slug":"cle-telecommande-honda-35118-t7s-a00","status":"publish","type":"product","link":"https:\/\/gskeyae.com\/fr\/product\/cle-telecommande-honda-35118-t7s-a00\/","title":{"rendered":"Cl\u00e9 t\u00e9l\u00e9commande originale Honda CR-V \/ HR-V 2014-2019  boutons 315MHz 35118-T7S-A00"},"content":{"rendered":"<h2 data-start=\"0\" data-end=\"127\">Cl\u00e9 t\u00e9l\u00e9commande t\u00eate d\u2019origine Honda CR-V \/ HR-V 2014-2019, 4 boutons, 315 MHz, puce HITAG3 MLBHLIK6-1T, 35118-T7S-A00 :<\/h2>\n<ul data-start=\"129\" data-end=\"488\">\n<li data-start=\"129\" data-end=\"189\">\n<p data-start=\"131\" data-end=\"189\"><strong data-start=\"131\" data-end=\"146\">Fabricant :<\/strong> Honda \/ Original avec emballage standard<\/p>\n<\/li>\n<li data-start=\"190\" data-end=\"227\">\n<p data-start=\"192\" data-end=\"227\"><strong data-start=\"192\" data-end=\"211\">R\u00e9f\u00e9rence OEM :<\/strong> 35118-T7S-A00<\/p>\n<\/li>\n<li data-start=\"228\" data-end=\"256\">\n<p data-start=\"230\" data-end=\"256\"><strong data-start=\"230\" data-end=\"242\">FCC ID :<\/strong> MLBHLIK6-1T<\/p>\n<\/li>\n<li data-start=\"257\" data-end=\"283\">\n<p data-start=\"259\" data-end=\"283\"><strong data-start=\"259\" data-end=\"267\">IC :<\/strong> 2500A-HLIK61T<\/p>\n<\/li>\n<li data-start=\"284\" data-end=\"313\">\n<p data-start=\"286\" data-end=\"313\"><strong data-start=\"286\" data-end=\"305\">Profil de cl\u00e9 :<\/strong> HON66<\/p>\n<\/li>\n<li data-start=\"314\" data-end=\"341\">\n<p data-start=\"316\" data-end=\"341\"><strong data-start=\"316\" data-end=\"331\">Fr\u00e9quence :<\/strong> 315 MHz<\/p>\n<\/li>\n<li data-start=\"342\" data-end=\"371\">\n<p data-start=\"344\" data-end=\"371\"><strong data-start=\"344\" data-end=\"362\">Type de pile :<\/strong> CR1620<\/p>\n<\/li>\n<li data-start=\"372\" data-end=\"440\">\n<p data-start=\"374\" data-end=\"440\"><strong data-start=\"374\" data-end=\"387\">Boutons :<\/strong> 4 \/ Verrouillage, D\u00e9verrouillage, Coffre, Alarme<\/p>\n<\/li>\n<li data-start=\"441\" data-end=\"488\">\n<p data-start=\"443\" data-end=\"488\"><strong data-start=\"443\" data-end=\"466\">Puce transpondeur :<\/strong> PCF7961XTT &#8211; HITAG3<\/p>\n<\/li>\n<\/ul>\n<p data-start=\"490\" data-end=\"537\"><strong data-start=\"490\" data-end=\"535\">Compatibilit\u00e9 avec les mod\u00e8les suivants :<\/strong><\/p>\n<ul data-start=\"538\" data-end=\"591\">\n<li data-start=\"538\" data-end=\"564\">\n<p data-start=\"540\" data-end=\"564\">2014 &#8211; 2016 Honda CR-V<\/p>\n<\/li>\n<li data-start=\"565\" data-end=\"591\">\n<p data-start=\"567\" data-end=\"591\">2016 &#8211; 2019 Honda HR-V<\/p>\n<\/li>\n<\/ul>\n<p data-start=\"593\" data-end=\"875\" data-is-last-node=\"\" data-is-only-node=\"\"><strong data-start=\"593\" data-end=\"607\">Remarque :<\/strong> Avant que la t\u00e9l\u00e9commande puisse d\u00e9marrer le v\u00e9hicule, elle doit \u00eatre programm\u00e9e. Vous devez donc vous rendre chez votre concessionnaire le plus proche ou chez un serrurier automobile local pour programmer la cl\u00e9. La lame de cl\u00e9 d\u2019urgence doit \u00e9galement \u00eatre taill\u00e9e.<\/p>\n","protected":false},"excerpt":{"rendered":"<p>Cl\u00e9 t\u00e9l\u00e9commande t\u00eate d\u2019origine Honda CR-V \/ HR-V 2014-2019, 4 boutons, 315 MHz, puce HITAG3 MLBHLIK6-1T, 35118-T7S-A00 : Fabricant :<\/p>\n","protected":false},"featured_media":110848,"comment_status":"open","ping_status":"closed","template":"","meta":{"_relevanssi_hide_post":"","_relevanssi_hide_content":"","_relevanssi_pin_for_all":"","_relevanssi_pin_keywords":"","_relevanssi_unpin_keywords":"","_relevanssi_related_keywords":"","_relevanssi_related_include_ids":"","_relevanssi_related_exclude_ids":"","_relevanssi_related_no_append":"","_relevanssi_related_not_related":"","_relevanssi_related_posts":"","_relevanssi_noindex_reason":""},"product_brand":[],"product_cat":[2580],"product_tag":[],"class_list":{"0":"post-136963","1":"product","2":"type-product","3":"status-publish","4":"has-post-thumbnail","6":"product_cat-telecommandes-de-voiture","7":"pa_buttons-4-fr","8":"pa_car-makes-honda-fr","9":"pa_color-black-fr","10":"pa_frequency-315mhz-fr","11":"pa_manufacturers-original-fr","12":"pa_remote-type-remote-head-keys-fr","13":"pa_transponder-chip-yes-fr","14":"pa_types-car-remotes-fr","16":"first","17":"instock","18":"shipping-taxable","19":"purchasable","20":"product-type-simple"},"_links":{"self":[{"href":"https:\/\/gskeyae.com\/fr\/wp-json\/wp\/v2\/product\/136963","targetHints":{"allow":["GET"]}}],"collection":[{"href":"https:\/\/gskeyae.com\/fr\/wp-json\/wp\/v2\/product"}],"about":[{"href":"https:\/\/gskeyae.com\/fr\/wp-json\/wp\/v2\/types\/product"}],"replies":[{"embeddable":true,"href":"https:\/\/gskeyae.com\/fr\/wp-json\/wp\/v2\/comments?post=136963"}],"version-history":[{"count":0,"href":"https:\/\/gskeyae.com\/fr\/wp-json\/wp\/v2\/product\/136963\/revisions"}],"wp:featuredmedia":[{"embeddable":true,"href":"https:\/\/gskeyae.com\/fr\/wp-json\/wp\/v2\/media\/110848"}],"wp:attachment":[{"href":"https:\/\/gskeyae.com\/fr\/wp-json\/wp\/v2\/media?parent=136963"}],"wp:term":[{"taxonomy":"product_brand","embeddable":true,"href":"https:\/\/gskeyae.com\/fr\/wp-json\/wp\/v2\/product_brand?post=136963"},{"taxonomy":"product_cat","embeddable":true,"href":"https:\/\/gskeyae.com\/fr\/wp-json\/wp\/v2\/product_cat?post=136963"},{"taxonomy":"product_tag","embeddable":true,"href":"https:\/\/gskeyae.com\/fr\/wp-json\/wp\/v2\/product_tag?post=136963"}],"curies":[{"name":"wp","href":"https:\/\/api.w.org\/{rel}","templated":true}]}}