{"id":136944,"date":"2022-12-01T10:28:29","date_gmt":"2022-12-01T06:28:29","guid":{"rendered":"https:\/\/gskeyae.com\/?post_type=product&#038;p=136944"},"modified":"2026-02-19T13:33:16","modified_gmt":"2026-02-19T09:33:16","slug":"cle-pliante-chevrolet-cruze-13500219","status":"publish","type":"product","link":"https:\/\/gskeyae.com\/fr\/product\/cle-pliante-chevrolet-cruze-13500219\/","title":{"rendered":"T\u00e9l\u00e9commande cl\u00e9 pliante originale Chevrolet Cruze 2010-2014 3 boutons 433MHz 13500219"},"content":{"rendered":"<h2 data-start=\"36\" data-end=\"167\">T\u00e9l\u00e9commande cl\u00e9 pliante originale Chevrolet Cruze 2010-2014, 3 boutons, 433 MHz, puce HITAG2 PCF7937E ID46, 13500219 :<\/h2>\n<ul data-start=\"169\" data-end=\"499\">\n<li data-start=\"169\" data-end=\"225\">\n<p data-start=\"171\" data-end=\"225\"><strong data-start=\"171\" data-end=\"186\">Fabricant :<\/strong> Chevrolet \/ Original avec sac normal<\/p>\n<\/li>\n<li data-start=\"226\" data-end=\"258\">\n<p data-start=\"228\" data-end=\"258\"><strong data-start=\"228\" data-end=\"247\">R\u00e9f\u00e9rence OEM :<\/strong> 13500219<\/p>\n<\/li>\n<li data-start=\"259\" data-end=\"317\">\n<p data-start=\"261\" data-end=\"317\"><strong data-start=\"261\" data-end=\"274\">Boutons :<\/strong> 3 \/ Verrouillage, D\u00e9verrouillage, Coffre<\/p>\n<\/li>\n<li data-start=\"318\" data-end=\"345\">\n<p data-start=\"320\" data-end=\"345\"><strong data-start=\"320\" data-end=\"335\">Fr\u00e9quence :<\/strong> 433 MHz<\/p>\n<\/li>\n<li data-start=\"346\" data-end=\"365\">\n<p data-start=\"348\" data-end=\"365\"><strong data-start=\"348\" data-end=\"358\">\u00c9tat :<\/strong> Neuf<\/p>\n<\/li>\n<li data-start=\"366\" data-end=\"410\">\n<p data-start=\"368\" data-end=\"410\"><strong data-start=\"368\" data-end=\"404\">Acc\u00e8s sans cl\u00e9 \/ Proximit\u00e9 \/ Intelligent:<\/strong> NON<\/p>\n<\/li>\n<li data-start=\"411\" data-end=\"461\">\n<p data-start=\"413\" data-end=\"461\"><strong data-start=\"413\" data-end=\"436\">Puce transpondeur :<\/strong> HITAG2 &#8211; ID46 PCF7937E<\/p>\n<\/li>\n<li data-start=\"462\" data-end=\"499\">\n<p data-start=\"464\" data-end=\"499\"><strong data-start=\"464\" data-end=\"481\">Lame de cl\u00e9 :<\/strong> <a href=\"https:\/\/gskeyae.com\/fr\/product\/lame-de-cle-telecommande-pliante-hu100-pour-gm\/\">HU100<\/a> &#8211; Incluse<\/p>\n<\/li>\n<\/ul>\n<p data-start=\"501\" data-end=\"548\"><strong data-start=\"501\" data-end=\"546\">Compatibilit\u00e9 avec les mod\u00e8les suivants :<\/strong><\/p>\n<ul data-start=\"549\" data-end=\"580\">\n<li data-start=\"549\" data-end=\"580\">\n<p data-start=\"551\" data-end=\"580\">Chevrolet Cruze 2010 &#8211; 2014<\/p>\n<\/li>\n<\/ul>\n<p data-start=\"714\" data-end=\"1160\"><strong data-start=\"714\" data-end=\"790\">Programmation de la t\u00e9l\u00e9commande cl\u00e9 pliante Chevrolet Cruze 2010-2014 :<\/strong><br data-start=\"790\" data-end=\"793\" \/>Si vous avez achet\u00e9 une nouvelle t\u00e9l\u00e9commande cl\u00e9 pliante Chevrolet Cruze, elle doit \u00eatre programm\u00e9e pour \u00eatre correctement synchronis\u00e9e avec votre v\u00e9hicule.<br data-start=\"950\" data-end=\"953\" \/>Cette t\u00e9l\u00e9commande doit \u00eatre programm\u00e9e \u00e0 l\u2019aide d\u2019outils sp\u00e9cialis\u00e9s ou par un expert qualifi\u00e9. Nous n\u2019offrons pas de services de d\u00e9coupe de cl\u00e9 ou de programmation de t\u00e9l\u00e9commande dans nos installations.<\/p>\n<p data-start=\"1162\" data-end=\"1340\" data-is-last-node=\"\" data-is-only-node=\"\"><strong data-start=\"1162\" data-end=\"1176\">REMARQUE :<\/strong> La lame de cl\u00e9 n\u00e9cessite une d\u00e9coupe professionnelle par un serrurier ou un concessionnaire pour s\u2019adapter aux serrures de porte et \u00e0 l\u2019allumage de votre v\u00e9hicule.<\/p>\n","protected":false},"excerpt":{"rendered":"<p>T\u00e9l\u00e9commande cl\u00e9 pliante originale Chevrolet Cruze 2010-2014, 3 boutons, 433 MHz, puce HITAG2 PCF7937E ID46, 13500219 : Fabricant : Chevrolet<\/p>\n","protected":false},"featured_media":113771,"comment_status":"open","ping_status":"closed","template":"","meta":[],"product_brand":[],"product_cat":[2580],"product_tag":[],"class_list":{"0":"post-136944","1":"product","2":"type-product","3":"status-publish","4":"has-post-thumbnail","6":"product_cat-telecommandes-de-voiture","7":"pa_buttons-3-fr","8":"pa_car-makes-chevrolet-fr","9":"pa_color-black-fr","10":"pa_frequency-433mhz-fr","11":"pa_manufacturers-original-fr","12":"pa_remote-type-remote-flip-keys-fr","13":"pa_transponder-chip-yes-fr","14":"pa_types-car-remotes-fr","16":"first","17":"instock","18":"shipping-taxable","19":"purchasable","20":"product-type-simple"},"_links":{"self":[{"href":"https:\/\/gskeyae.com\/fr\/wp-json\/wp\/v2\/product\/136944","targetHints":{"allow":["GET"]}}],"collection":[{"href":"https:\/\/gskeyae.com\/fr\/wp-json\/wp\/v2\/product"}],"about":[{"href":"https:\/\/gskeyae.com\/fr\/wp-json\/wp\/v2\/types\/product"}],"replies":[{"embeddable":true,"href":"https:\/\/gskeyae.com\/fr\/wp-json\/wp\/v2\/comments?post=136944"}],"version-history":[{"count":0,"href":"https:\/\/gskeyae.com\/fr\/wp-json\/wp\/v2\/product\/136944\/revisions"}],"wp:featuredmedia":[{"embeddable":true,"href":"https:\/\/gskeyae.com\/fr\/wp-json\/wp\/v2\/media\/113771"}],"wp:attachment":[{"href":"https:\/\/gskeyae.com\/fr\/wp-json\/wp\/v2\/media?parent=136944"}],"wp:term":[{"taxonomy":"product_brand","embeddable":true,"href":"https:\/\/gskeyae.com\/fr\/wp-json\/wp\/v2\/product_brand?post=136944"},{"taxonomy":"product_cat","embeddable":true,"href":"https:\/\/gskeyae.com\/fr\/wp-json\/wp\/v2\/product_cat?post=136944"},{"taxonomy":"product_tag","embeddable":true,"href":"https:\/\/gskeyae.com\/fr\/wp-json\/wp\/v2\/product_tag?post=136944"}],"curies":[{"name":"wp","href":"https:\/\/api.w.org\/{rel}","templated":true}]}}