{"id":136936,"date":"2022-12-04T11:41:43","date_gmt":"2022-12-04T07:41:43","guid":{"rendered":"https:\/\/gskeyae.com\/?post_type=product&#038;p=136936"},"modified":"2026-02-28T23:33:15","modified_gmt":"2026-02-28T19:33:15","slug":"cle-toyota-land-cruiser-89904-60y40","status":"publish","type":"product","link":"https:\/\/gskeyae.com\/fr\/product\/cle-toyota-land-cruiser-89904-60y40\/","title":{"rendered":"Cl\u00e9 intelligente Toyota Land Cruiser 2020-2021 4 boutons 433MHz B2Z2K2A 89904-60Y40 Apr\u00e8s-march\u00e9"},"content":{"rendered":"<h2 data-start=\"36\" data-end=\"178\">T\u00e9l\u00e9commande cl\u00e9 intelligente Toyota Land Cruiser 2020-2021, 4 boutons, 433 MHz, puce 8A, FCC ID B2Z2K2A, 89904-60Y40 Apr\u00e8s-march\u00e9 :<\/h2>\n<ul data-start=\"180\" data-end=\"573\">\n<li data-start=\"180\" data-end=\"212\">\n<p data-start=\"182\" data-end=\"212\"><strong data-start=\"182\" data-end=\"197\">Fabricant :<\/strong> Apr\u00e8s-march\u00e9<\/p>\n<\/li>\n<li data-start=\"213\" data-end=\"256\">\n<p data-start=\"215\" data-end=\"256\"><strong data-start=\"215\" data-end=\"230\">R\u00e9f\u00e9rence :<\/strong> 89904-60Y40, 8990460Y40<\/p>\n<\/li>\n<li data-start=\"257\" data-end=\"281\">\n<p data-start=\"259\" data-end=\"281\"><strong data-start=\"259\" data-end=\"271\">FCC ID :<\/strong> B2Z2K2A<\/p>\n<\/li>\n<li data-start=\"282\" data-end=\"309\">\n<p data-start=\"284\" data-end=\"309\"><strong data-start=\"284\" data-end=\"299\">Fr\u00e9quence :<\/strong> 433 MHz<\/p>\n<\/li>\n<li data-start=\"310\" data-end=\"339\">\n<p data-start=\"312\" data-end=\"339\"><strong data-start=\"312\" data-end=\"330\">Type de pile :<\/strong> <a href=\"https:\/\/gskeyae.com\/fr\/product\/batterie-bouton-lithium-maxell-cr2032\/\">CR2032<\/a><\/p>\n<\/li>\n<li data-start=\"340\" data-end=\"384\">\n<p data-start=\"342\" data-end=\"384\"><strong data-start=\"342\" data-end=\"378\">Acc\u00e8s sans cl\u00e9 \/ Proximit\u00e9 \/ Intelligent :<\/strong> Oui<\/p>\n<\/li>\n<li data-start=\"385\" data-end=\"460\">\n<p data-start=\"387\" data-end=\"460\"><strong data-start=\"387\" data-end=\"400\">Boutons :<\/strong> 4 \/ Verrouillage, D\u00e9verrouillage, Panique, Coffre arri\u00e8re<\/p>\n<\/li>\n<li data-start=\"461\" data-end=\"517\">\n<p data-start=\"463\" data-end=\"517\"><strong data-start=\"463\" data-end=\"486\">Puce transpondeur :<\/strong> 8A Texas Crypto 128 bits AES<\/p>\n<\/li>\n<li data-start=\"518\" data-end=\"573\">\n<p data-start=\"520\" data-end=\"573\"><strong data-start=\"520\" data-end=\"547\">Lame de cl\u00e9 d\u2019urgence :<\/strong> TOY48 &#8211; LXP90 \/ Incluse<\/p>\n<\/li>\n<\/ul>\n<p data-start=\"575\" data-end=\"622\"><strong data-start=\"575\" data-end=\"620\">Compatibilit\u00e9 avec les mod\u00e8les suivants :<\/strong><\/p>\n<ul data-start=\"623\" data-end=\"658\">\n<li data-start=\"623\" data-end=\"658\">\n<p data-start=\"625\" data-end=\"658\">Toyota Land Cruiser 2020 &#8211; 2021<\/p>\n<\/li>\n<\/ul>\n<p data-start=\"735\" data-end=\"1018\" data-is-last-node=\"\" data-is-only-node=\"\"><strong data-start=\"735\" data-end=\"749\">Remarque :<\/strong> Avant que la t\u00e9l\u00e9commande puisse d\u00e9marrer le v\u00e9hicule, elle doit \u00eatre programm\u00e9e. Vous devez donc vous rendre chez votre concessionnaire le plus proche ou chez un serrurier automobile local pour programmer la cl\u00e9. La lame de cl\u00e9 d\u2019urgence doit \u00e9galement \u00eatre d\u00e9coup\u00e9e.<\/p>\n","protected":false},"excerpt":{"rendered":"<p>T\u00e9l\u00e9commande cl\u00e9 intelligente Toyota Land Cruiser 2020-2021, 4 boutons, 433 MHz, puce 8A, FCC ID B2Z2K2A, 89904-60Y40 Apr\u00e8s-march\u00e9 : Fabricant<\/p>\n","protected":false},"featured_media":110983,"comment_status":"open","ping_status":"closed","template":"","meta":{"_relevanssi_hide_post":"","_relevanssi_hide_content":"","_relevanssi_pin_for_all":"","_relevanssi_pin_keywords":"","_relevanssi_unpin_keywords":"","_relevanssi_related_keywords":"","_relevanssi_related_include_ids":"","_relevanssi_related_exclude_ids":"","_relevanssi_related_no_append":"","_relevanssi_related_not_related":"","_relevanssi_related_posts":"","_relevanssi_noindex_reason":""},"product_brand":[],"product_cat":[2580],"product_tag":[],"class_list":{"0":"post-136936","1":"product","2":"type-product","3":"status-publish","4":"has-post-thumbnail","6":"product_cat-telecommandes-de-voiture","7":"pa_buttons-4-fr","8":"pa_car-makes-toyota-fr","9":"pa_color-black-fr","10":"pa_frequency-433mhz-fr","11":"pa_manufacturers-aftermarket-fr","12":"pa_remote-type-proximity-keys-fr","13":"pa_transponder-chip-yes-fr","14":"pa_types-car-remotes-fr","16":"first","17":"instock","18":"sale","19":"shipping-taxable","20":"purchasable","21":"product-type-simple"},"_links":{"self":[{"href":"https:\/\/gskeyae.com\/fr\/wp-json\/wp\/v2\/product\/136936","targetHints":{"allow":["GET"]}}],"collection":[{"href":"https:\/\/gskeyae.com\/fr\/wp-json\/wp\/v2\/product"}],"about":[{"href":"https:\/\/gskeyae.com\/fr\/wp-json\/wp\/v2\/types\/product"}],"replies":[{"embeddable":true,"href":"https:\/\/gskeyae.com\/fr\/wp-json\/wp\/v2\/comments?post=136936"}],"version-history":[{"count":0,"href":"https:\/\/gskeyae.com\/fr\/wp-json\/wp\/v2\/product\/136936\/revisions"}],"wp:featuredmedia":[{"embeddable":true,"href":"https:\/\/gskeyae.com\/fr\/wp-json\/wp\/v2\/media\/110983"}],"wp:attachment":[{"href":"https:\/\/gskeyae.com\/fr\/wp-json\/wp\/v2\/media?parent=136936"}],"wp:term":[{"taxonomy":"product_brand","embeddable":true,"href":"https:\/\/gskeyae.com\/fr\/wp-json\/wp\/v2\/product_brand?post=136936"},{"taxonomy":"product_cat","embeddable":true,"href":"https:\/\/gskeyae.com\/fr\/wp-json\/wp\/v2\/product_cat?post=136936"},{"taxonomy":"product_tag","embeddable":true,"href":"https:\/\/gskeyae.com\/fr\/wp-json\/wp\/v2\/product_tag?post=136936"}],"curies":[{"name":"wp","href":"https:\/\/api.w.org\/{rel}","templated":true}]}}