{"id":136935,"date":"2022-12-04T12:39:07","date_gmt":"2022-12-04T08:39:07","guid":{"rendered":"https:\/\/gskeyae.com\/?post_type=product&#038;p=136935"},"modified":"2026-04-11T15:33:09","modified_gmt":"2026-04-11T11:33:09","slug":"carte-cle-intelligente-renault-285c72104r","status":"publish","type":"product","link":"https:\/\/gskeyae.com\/fr\/product\/carte-cle-intelligente-renault-285c72104r\/","title":{"rendered":"Carte cl\u00e9 intelligente Renault Megane4 \/ Talisman 2016-2022 4 boutons 433MHz 285C72104R"},"content":{"rendered":"<h2 data-start=\"36\" data-end=\"148\">T\u00e9l\u00e9commande carte cl\u00e9 intelligente Renault Megane4 \/ Talisman 4 boutons 433 MHz 285C72104R Apr\u00e8s-March\u00e9 :<\/h2>\n<ul data-start=\"150\" data-end=\"450\">\n<li data-start=\"150\" data-end=\"182\">\n<p data-start=\"152\" data-end=\"182\"><strong data-start=\"152\" data-end=\"167\">Fabricant :<\/strong> Apr\u00e8s-March\u00e9<\/p>\n<\/li>\n<li data-start=\"183\" data-end=\"234\">\n<p data-start=\"185\" data-end=\"234\"><strong data-start=\"185\" data-end=\"221\">Remplacement pour la pi\u00e8ce OEM :<\/strong> 285C72104R<\/p>\n<\/li>\n<li data-start=\"235\" data-end=\"262\">\n<p data-start=\"237\" data-end=\"262\"><strong data-start=\"237\" data-end=\"252\">Fr\u00e9quence :<\/strong> 433 MHz<\/p>\n<\/li>\n<li data-start=\"263\" data-end=\"292\">\n<p data-start=\"265\" data-end=\"292\"><strong data-start=\"265\" data-end=\"283\">Type de pile :<\/strong> <a href=\"https:\/\/gskeyae.com\/fr\/product\/batterie-bouton-lithium-maxell-cr2032\/\">CR2032<\/a><\/p>\n<\/li>\n<li data-start=\"293\" data-end=\"357\">\n<p data-start=\"295\" data-end=\"357\"><strong data-start=\"295\" data-end=\"308\">Boutons :<\/strong> 4 \/ Verrouillage, D\u00e9verrouillage, Coffre, Feux<\/p>\n<\/li>\n<li data-start=\"358\" data-end=\"404\">\n<p data-start=\"360\" data-end=\"404\"><strong data-start=\"360\" data-end=\"383\">Puce transpondeur :<\/strong> NCF29A1M Hitag AES<\/p>\n<\/li>\n<li data-start=\"405\" data-end=\"450\">\n<p data-start=\"407\" data-end=\"450\"><strong data-start=\"407\" data-end=\"434\">Lame de cl\u00e9 d\u2019urgence :<\/strong> VA2 \/ Incluse<\/p>\n<\/li>\n<\/ul>\n<p data-start=\"452\" data-end=\"499\"><strong data-start=\"452\" data-end=\"497\">Compatibilit\u00e9 avec les mod\u00e8les suivants :<\/strong><\/p>\n<ul data-start=\"500\" data-end=\"690\">\n<li data-start=\"500\" data-end=\"529\">\n<p data-start=\"502\" data-end=\"529\">Renault Clio5 2019 &#8211; 2022<\/p>\n<\/li>\n<li data-start=\"530\" data-end=\"562\">\n<p data-start=\"532\" data-end=\"562\">Renault Talisman 2016 &#8211; 2021<\/p>\n<\/li>\n<li data-start=\"563\" data-end=\"595\">\n<p data-start=\"565\" data-end=\"595\">Renault Megane 4 2016 &#8211; 2021<\/p>\n<\/li>\n<li data-start=\"596\" data-end=\"628\">\n<p data-start=\"598\" data-end=\"628\">Renault Espace 5 2016 &#8211; 2021<\/p>\n<\/li>\n<li data-start=\"629\" data-end=\"659\">\n<p data-start=\"631\" data-end=\"659\">Renault Kadjar 2015 &#8211; 2021<\/p>\n<\/li>\n<li data-start=\"660\" data-end=\"690\">\n<p data-start=\"662\" data-end=\"690\">Renault Scenic 2015 &#8211; 2021<\/p>\n<\/li>\n<\/ul>\n<p data-start=\"692\" data-end=\"986\" data-is-last-node=\"\" data-is-only-node=\"\"><strong data-start=\"692\" data-end=\"706\">Remarque :<\/strong> Avant que la t\u00e9l\u00e9commande puisse d\u00e9marrer le v\u00e9hicule, elle doit \u00eatre programm\u00e9e. Vous devez donc vous rendre chez votre concessionnaire le plus proche ou chez un serrurier automobile local pour programmer la cl\u00e9 \u00e0 distance. La lame de cl\u00e9 d\u2019urgence doit \u00e9galement \u00eatre d\u00e9coup\u00e9e.<\/p>\n","protected":false},"excerpt":{"rendered":"<p>T\u00e9l\u00e9commande carte cl\u00e9 intelligente Renault Megane4 \/ Talisman 4 boutons 433 MHz 285C72104R Apr\u00e8s-March\u00e9 : Fabricant : Apr\u00e8s-March\u00e9 Remplacement pour<\/p>\n","protected":false},"featured_media":110986,"comment_status":"open","ping_status":"closed","template":"","meta":[],"product_brand":[],"product_cat":[2580],"product_tag":[],"class_list":{"0":"post-136935","1":"product","2":"type-product","3":"status-publish","4":"has-post-thumbnail","6":"product_cat-telecommandes-de-voiture","7":"pa_buttons-4-fr","8":"pa_car-makes-renault-fr","9":"pa_color-black-fr","10":"pa_frequency-433mhz-fr","11":"pa_manufacturers-aftermarket-fr","12":"pa_remote-type-proximity-keys-fr","13":"pa_transponder-chip-yes-fr","14":"pa_types-car-remotes-fr","16":"first","17":"instock","18":"shipping-taxable","19":"purchasable","20":"product-type-simple"},"_links":{"self":[{"href":"https:\/\/gskeyae.com\/fr\/wp-json\/wp\/v2\/product\/136935","targetHints":{"allow":["GET"]}}],"collection":[{"href":"https:\/\/gskeyae.com\/fr\/wp-json\/wp\/v2\/product"}],"about":[{"href":"https:\/\/gskeyae.com\/fr\/wp-json\/wp\/v2\/types\/product"}],"replies":[{"embeddable":true,"href":"https:\/\/gskeyae.com\/fr\/wp-json\/wp\/v2\/comments?post=136935"}],"version-history":[{"count":0,"href":"https:\/\/gskeyae.com\/fr\/wp-json\/wp\/v2\/product\/136935\/revisions"}],"wp:featuredmedia":[{"embeddable":true,"href":"https:\/\/gskeyae.com\/fr\/wp-json\/wp\/v2\/media\/110986"}],"wp:attachment":[{"href":"https:\/\/gskeyae.com\/fr\/wp-json\/wp\/v2\/media?parent=136935"}],"wp:term":[{"taxonomy":"product_brand","embeddable":true,"href":"https:\/\/gskeyae.com\/fr\/wp-json\/wp\/v2\/product_brand?post=136935"},{"taxonomy":"product_cat","embeddable":true,"href":"https:\/\/gskeyae.com\/fr\/wp-json\/wp\/v2\/product_cat?post=136935"},{"taxonomy":"product_tag","embeddable":true,"href":"https:\/\/gskeyae.com\/fr\/wp-json\/wp\/v2\/product_tag?post=136935"}],"curies":[{"name":"wp","href":"https:\/\/api.w.org\/{rel}","templated":true}]}}