{"id":136797,"date":"2023-02-18T11:46:32","date_gmt":"2023-02-18T07:46:32","guid":{"rendered":"https:\/\/gskeyae.com\/?post_type=product&#038;p=136797"},"modified":"2026-04-12T17:33:10","modified_gmt":"2026-04-12T13:33:10","slug":"cle-nissan-altima-maxima-285e3-4ra0b-occasion","status":"publish","type":"product","link":"https:\/\/gskeyae.com\/fr\/product\/cle-nissan-altima-maxima-285e3-4ra0b-occasion\/","title":{"rendered":"Cl\u00e9 intelligente Nissan Altima \/ Maxima 2016-2018 5 boutons 433MHz 285E3-4RA0B (occasion)"},"content":{"rendered":"<h2 data-start=\"91\" data-end=\"240\">Cl\u00e9 intelligente t\u00e9l\u00e9commande d\u2019origine Nissan Altima \/ Maxima 2016-2018, 5 boutons, 433MHz, KR5S180144014, 285E3-4RA0B (occasion) :<\/h2>\n<p data-start=\"242\" data-end=\"774\"><strong data-start=\"242\" data-end=\"257\" data-is-only-node=\"\">Fabricant :<\/strong> Nissan<br data-start=\"269\" data-end=\"272\" \/><strong data-start=\"272\" data-end=\"297\">Num\u00e9ro de pi\u00e8ce OEM :<\/strong> 285E3-4RA0B, 285E34RA0B<br data-start=\"321\" data-end=\"324\" \/><strong data-start=\"324\" data-end=\"336\">FCC ID :<\/strong> KR5S180144014<br data-start=\"350\" data-end=\"353\" \/><strong data-start=\"353\" data-end=\"361\">IC :<\/strong> 7812D-S180204<br data-start=\"375\" data-end=\"378\" \/><strong data-start=\"378\" data-end=\"393\">Fr\u00e9quence :<\/strong> 433MHz<br data-start=\"400\" data-end=\"403\" \/><strong data-start=\"403\" data-end=\"413\">\u00c9tat :<\/strong> Occasion<br data-start=\"422\" data-end=\"425\" \/><strong data-start=\"425\" data-end=\"443\">Type de pile :<\/strong> <a href=\"https:\/\/gskeyae.com\/fr\/product\/batterie-bouton-lithium-maxell-cr2032\/\">CR2032<\/a><br data-start=\"450\" data-end=\"453\" \/><strong data-start=\"453\" data-end=\"489\">Acc\u00e8s sans cl\u00e9 \/ Proximit\u00e9 \/ Intelligent :<\/strong> Oui<br data-start=\"493\" data-end=\"496\" \/><strong data-start=\"496\" data-end=\"517\">R\u00e9gion \/ March\u00e9 :<\/strong> Moyen-Orient &#8211; USA &#8211; Canada<br data-start=\"545\" data-end=\"548\" \/><strong data-start=\"548\" data-end=\"561\">Boutons :<\/strong> 5 \/ D\u00e9marrage \u00e0 distance, Verrouillage, D\u00e9verrouillage, Coffre, Alarme<br data-start=\"632\" data-end=\"635\" \/><strong data-start=\"635\" data-end=\"653\">Transpondeur :<\/strong> PCF7945M \/ HITAG AES \/ Puce 4A<br data-start=\"684\" data-end=\"687\" \/><strong data-start=\"687\" data-end=\"726\">Lame de cl\u00e9 d\u2019urgence non taill\u00e9e :<\/strong> identique \u00e0 H0564-EG010 &#8211; <a href=\"https:\/\/gskeyae.com\/fr\/product\/lame-de-cle-intelligente-nissan-tete-chromee-nsn14-h0564-eg010\/\">NSN14<\/a> \/ Non incluse<\/p>\n<p data-start=\"776\" data-end=\"823\"><strong data-start=\"776\" data-end=\"821\" data-is-only-node=\"\">Compatibilit\u00e9 avec les mod\u00e8les suivants :<\/strong><\/p>\n<ul data-start=\"824\" data-end=\"883\">\n<li data-start=\"824\" data-end=\"853\">\n<p data-start=\"826\" data-end=\"853\">Nissan Altima 2016 &#8211; 2018<\/p>\n<\/li>\n<li data-start=\"854\" data-end=\"883\">\n<p data-start=\"856\" data-end=\"883\">Nissan Maxima 2016 &#8211; 2018<\/p>\n<\/li>\n<\/ul>\n<p data-start=\"962\" data-end=\"991\"><strong data-start=\"962\" data-end=\"989\" data-is-only-node=\"\">Remarques importantes :<\/strong><\/p>\n<ul data-start=\"992\" data-end=\"1659\">\n<li data-start=\"992\" data-end=\"1298\">\n<p data-start=\"994\" data-end=\"1298\">Le num\u00e9ro de pi\u00e8ce Nissan 285E3-4RA0B correspond \u00e0 une t\u00e9l\u00e9commande intelligente \u00e0 5 boutons fonctionnant \u00e0 433 MHz, compatible avec les mod\u00e8les Nissan Altima et Maxima 2016-2018. Cette t\u00e9l\u00e9commande inclut les fonctions verrouillage, d\u00e9verrouillage, d\u00e9marrage \u00e0 distance, ouverture du coffre et alarme.<\/p>\n<\/li>\n<li data-start=\"1299\" data-end=\"1553\">\n<p data-start=\"1301\" data-end=\"1553\">Avant de pouvoir utiliser cette t\u00e9l\u00e9commande avec votre v\u00e9hicule, il est n\u00e9cessaire de la programmer. Cette op\u00e9ration doit \u00eatre effectu\u00e9e par un serrurier automobile professionnel ou un concessionnaire Nissan, car un \u00e9quipement sp\u00e9cialis\u00e9 est requis.<\/p>\n<\/li>\n<li data-start=\"1554\" data-end=\"1659\">\n<p data-start=\"1556\" data-end=\"1659\">La lame de cl\u00e9 d\u2019urgence devra \u00e9galement \u00eatre taill\u00e9e pour correspondre au contact de votre v\u00e9hicule.<\/p>\n<\/li>\n<\/ul>\n","protected":false},"excerpt":{"rendered":"<p>Cl\u00e9 intelligente t\u00e9l\u00e9commande d\u2019origine Nissan Altima \/ Maxima 2016-2018, 5 boutons, 433MHz, KR5S180144014, 285E3-4RA0B (occasion) : Fabricant : NissanNum\u00e9ro de<\/p>\n","protected":false},"featured_media":112605,"comment_status":"open","ping_status":"closed","template":"","meta":{"_relevanssi_hide_post":"","_relevanssi_hide_content":"","_relevanssi_pin_for_all":"","_relevanssi_pin_keywords":"","_relevanssi_unpin_keywords":"","_relevanssi_related_keywords":"","_relevanssi_related_include_ids":"","_relevanssi_related_exclude_ids":"","_relevanssi_related_no_append":"","_relevanssi_related_not_related":"","_relevanssi_related_posts":"","_relevanssi_noindex_reason":""},"product_brand":[],"product_cat":[2668,2580],"product_tag":[],"class_list":{"0":"post-136797","1":"product","2":"type-product","3":"status-publish","4":"has-post-thumbnail","6":"product_cat-telecommandes-doccasion","7":"product_cat-telecommandes-de-voiture","8":"pa_buttons-5-fr","9":"pa_car-makes-nissan-fr","10":"pa_color-black-fr","11":"pa_condition-used-fr","12":"pa_frequency-433mhz-fr","13":"pa_manufacturers-genuine-oem-fr","14":"pa_remote-type-proximity-keys-fr","15":"pa_transponder-chip-yes-fr","16":"pa_types-used-remotes-fr","17":"pa_types-car-remotes-fr","19":"first","20":"instock","21":"shipping-taxable","22":"purchasable","23":"product-type-simple"},"_links":{"self":[{"href":"https:\/\/gskeyae.com\/fr\/wp-json\/wp\/v2\/product\/136797","targetHints":{"allow":["GET"]}}],"collection":[{"href":"https:\/\/gskeyae.com\/fr\/wp-json\/wp\/v2\/product"}],"about":[{"href":"https:\/\/gskeyae.com\/fr\/wp-json\/wp\/v2\/types\/product"}],"replies":[{"embeddable":true,"href":"https:\/\/gskeyae.com\/fr\/wp-json\/wp\/v2\/comments?post=136797"}],"version-history":[{"count":0,"href":"https:\/\/gskeyae.com\/fr\/wp-json\/wp\/v2\/product\/136797\/revisions"}],"wp:featuredmedia":[{"embeddable":true,"href":"https:\/\/gskeyae.com\/fr\/wp-json\/wp\/v2\/media\/112605"}],"wp:attachment":[{"href":"https:\/\/gskeyae.com\/fr\/wp-json\/wp\/v2\/media?parent=136797"}],"wp:term":[{"taxonomy":"product_brand","embeddable":true,"href":"https:\/\/gskeyae.com\/fr\/wp-json\/wp\/v2\/product_brand?post=136797"},{"taxonomy":"product_cat","embeddable":true,"href":"https:\/\/gskeyae.com\/fr\/wp-json\/wp\/v2\/product_cat?post=136797"},{"taxonomy":"product_tag","embeddable":true,"href":"https:\/\/gskeyae.com\/fr\/wp-json\/wp\/v2\/product_tag?post=136797"}],"curies":[{"name":"wp","href":"https:\/\/api.w.org\/{rel}","templated":true}]}}