{"id":136782,"date":"2023-02-22T15:22:38","date_gmt":"2023-02-22T11:22:38","guid":{"rendered":"https:\/\/gskeyae.com\/?post_type=product&#038;p=136782"},"modified":"2025-12-17T20:04:56","modified_gmt":"2025-12-17T16:04:56","slug":"carte-cle-intelligente-lexus-ls460-89904-50650","status":"publish","type":"product","link":"https:\/\/gskeyae.com\/fr\/product\/carte-cle-intelligente-lexus-ls460-89904-50650\/","title":{"rendered":"Carte cl\u00e9 intelligente d\u2019origine Lexus LS460 2006-2012 433 MHz 89904-50650 (occasion)"},"content":{"rendered":"<h2 data-start=\"123\" data-end=\"232\">Cl\u00e9 carte intelligente d\u2019origine Lexus LS460 2006-2012 433MHz Puce 4D 89904-50650 (occasion) :<\/h2>\n<p data-start=\"234\" data-end=\"541\"><strong data-start=\"234\" data-end=\"249\">Fabricant :<\/strong> Lexus \/ Pi\u00e8ce d\u2019origine<br data-start=\"277\" data-end=\"280\" data-is-only-node=\"\" \/><strong data-start=\"280\" data-end=\"299\">R\u00e9f\u00e9rence OEM :<\/strong> 89904-50650, 8990450650<br data-start=\"323\" data-end=\"326\" \/><strong data-start=\"326\" data-end=\"338\">FCC ID :<\/strong> 14ABC<br data-start=\"344\" data-end=\"347\" \/><strong data-start=\"347\" data-end=\"362\">Fr\u00e9quence :<\/strong> 433MHz<br data-start=\"369\" data-end=\"372\" \/><strong data-start=\"372\" data-end=\"382\">\u00c9tat :<\/strong> Occasion<br data-start=\"391\" data-end=\"394\" \/><strong data-start=\"394\" data-end=\"417\">Puce transpondeur :<\/strong> 4D<br data-start=\"420\" data-end=\"423\" \/><strong data-start=\"423\" data-end=\"459\">Acc\u00e8s sans cl\u00e9 \/ Proximit\u00e9 \/ Intelligent :<\/strong> Oui<br data-start=\"463\" data-end=\"466\" \/><strong data-start=\"466\" data-end=\"493\">Lame de cl\u00e9 d\u2019urgence :<\/strong> Identique \u00e0 69515-50270 \/ <a href=\"https:\/\/gskeyae.com\/fr\/product\/lame-de-cle-de-carte-intelligente-lexus-toy48-69515-50270\/\">TOY48<\/a> \u2013 Non incluse<\/p>\n<p data-start=\"543\" data-end=\"587\" data-is-only-node=\"\"><strong data-start=\"543\" data-end=\"585\">Compatible avec les mod\u00e8les suivants :<\/strong><\/p>\n<ul data-start=\"588\" data-end=\"618\">\n<li data-start=\"588\" data-end=\"618\">\n<p data-start=\"590\" data-end=\"618\">Lexus LS460 2006 &#8211; 2012<\/p>\n<\/li>\n<\/ul>\n<p data-start=\"620\" data-end=\"923\"><strong data-start=\"620\" data-end=\"634\">Remarque :<\/strong> Avant que la t\u00e9l\u00e9commande puisse d\u00e9marrer le v\u00e9hicule, elle doit \u00eatre programm\u00e9e. Vous devez donc vous rendre chez votre concessionnaire le plus proche ou chez un serrurier automobile local pour faire programmer la cl\u00e9 t\u00e9l\u00e9commande. La lame de cl\u00e9 d\u2019urgence doit \u00e9galement \u00eatre taill\u00e9e.<\/p>\n","protected":false},"excerpt":{"rendered":"<p>Cl\u00e9 carte intelligente d\u2019origine Lexus LS460 2006-2012 433MHz Puce 4D 89904-50650 (occasion) : Fabricant : Lexus \/ Pi\u00e8ce d\u2019origineR\u00e9f\u00e9rence OEM<\/p>\n","protected":false},"featured_media":112698,"comment_status":"open","ping_status":"closed","template":"","meta":{"_relevanssi_hide_post":"","_relevanssi_hide_content":"","_relevanssi_pin_for_all":"","_relevanssi_pin_keywords":"","_relevanssi_unpin_keywords":"","_relevanssi_related_keywords":"","_relevanssi_related_include_ids":"","_relevanssi_related_exclude_ids":"","_relevanssi_related_no_append":"","_relevanssi_related_not_related":"","_relevanssi_related_posts":"","_relevanssi_noindex_reason":""},"product_brand":[],"product_cat":[2668,2580],"product_tag":[],"class_list":{"0":"post-136782","1":"product","2":"type-product","3":"status-publish","4":"has-post-thumbnail","6":"product_cat-telecommandes-doccasion","7":"product_cat-telecommandes-de-voiture","8":"pa_car-makes-lexus-fr","9":"pa_color-black-fr","10":"pa_condition-used-fr","11":"pa_frequency-433mhz-fr","12":"pa_manufacturers-genuine-oem-fr","13":"pa_remote-type-proximity-keys-fr","14":"pa_transponder-chip-yes-fr","15":"pa_types-used-remotes-fr","16":"pa_types-car-remotes-fr","18":"first","19":"instock","20":"shipping-taxable","21":"purchasable","22":"product-type-simple"},"_links":{"self":[{"href":"https:\/\/gskeyae.com\/fr\/wp-json\/wp\/v2\/product\/136782","targetHints":{"allow":["GET"]}}],"collection":[{"href":"https:\/\/gskeyae.com\/fr\/wp-json\/wp\/v2\/product"}],"about":[{"href":"https:\/\/gskeyae.com\/fr\/wp-json\/wp\/v2\/types\/product"}],"replies":[{"embeddable":true,"href":"https:\/\/gskeyae.com\/fr\/wp-json\/wp\/v2\/comments?post=136782"}],"version-history":[{"count":0,"href":"https:\/\/gskeyae.com\/fr\/wp-json\/wp\/v2\/product\/136782\/revisions"}],"wp:featuredmedia":[{"embeddable":true,"href":"https:\/\/gskeyae.com\/fr\/wp-json\/wp\/v2\/media\/112698"}],"wp:attachment":[{"href":"https:\/\/gskeyae.com\/fr\/wp-json\/wp\/v2\/media?parent=136782"}],"wp:term":[{"taxonomy":"product_brand","embeddable":true,"href":"https:\/\/gskeyae.com\/fr\/wp-json\/wp\/v2\/product_brand?post=136782"},{"taxonomy":"product_cat","embeddable":true,"href":"https:\/\/gskeyae.com\/fr\/wp-json\/wp\/v2\/product_cat?post=136782"},{"taxonomy":"product_tag","embeddable":true,"href":"https:\/\/gskeyae.com\/fr\/wp-json\/wp\/v2\/product_tag?post=136782"}],"curies":[{"name":"wp","href":"https:\/\/api.w.org\/{rel}","templated":true}]}}