{"id":136729,"date":"2023-03-11T15:58:47","date_gmt":"2023-03-11T11:58:47","guid":{"rendered":"https:\/\/gskeyae.com\/?post_type=product&#038;p=136729"},"modified":"2026-04-09T17:33:12","modified_gmt":"2026-04-09T13:33:12","slug":"autel-ikeygm005al-cle-intelligente-gm","status":"publish","type":"product","link":"https:\/\/gskeyae.com\/fr\/product\/autel-ikeygm005al-cle-intelligente-gm\/","title":{"rendered":"Autel IKEYGM005AL T\u00e9l\u00e9commande Cl\u00e9 Intelligente Universelle 5 Boutons (D\u00e9marrage \u00e0 Distance \/ Coffre) pour GM Cadillac"},"content":{"rendered":"<h2 data-start=\"0\" data-end=\"130\">AUTEL MAXIIM IKEY Style Premium IKEYGM005AL Cl\u00e9 Intelligente Universelle GM Cadillac 5 Boutons (D\u00e9marrage \u00e0 Distance \/ Coffre) :<\/h2>\n<p data-start=\"132\" data-end=\"630\">L\u2019<strong data-start=\"134\" data-end=\"155\">Autel IKEYGM005AL<\/strong> est une cl\u00e9 programmable de style GM\/Cadillac \u00e0 5 boutons (Verrouillage, D\u00e9verrouillage, D\u00e9marrage \u00e0 distance, Coffre, Panique). Utilisez l\u2019<a href=\"https:\/\/gskeyae.com\/fr\/product\/autel-maxiim-km100-kit-generateur-de-cle-universel\/\"><strong data-start=\"296\" data-end=\"318\">Autel MaxiIM KM100<\/strong><\/a> pour programmer l\u2019IKEY. Comprend une lame de secours de type GM\/Cadillac. Conforme ou d\u00e9passe les normes industrielles et r\u00e9glementaires. Compatible avec les syst\u00e8mes de v\u00e9hicules utilisant 315\/415 MHz et 868\/915 MHz. Capable de transmission de fr\u00e9quence sur de tr\u00e8s longues distances (40 m\u00e8tres \/ 130 pieds).<\/p>\n<p data-start=\"632\" data-end=\"695\"><strong data-start=\"632\" data-end=\"693\">Sp\u00e9cifications de la cl\u00e9 intelligente Autel IKEYGM005AL :<\/strong><\/p>\n<ul data-start=\"696\" data-end=\"930\" data-is-last-node=\"\" data-is-only-node=\"\">\n<li data-start=\"696\" data-end=\"721\">\n<p data-start=\"698\" data-end=\"721\"><strong data-start=\"698\" data-end=\"713\">Fabricant :<\/strong> Autel<\/p>\n<\/li>\n<li data-start=\"722\" data-end=\"811\">\n<p data-start=\"724\" data-end=\"811\"><strong data-start=\"724\" data-end=\"737\">Boutons :<\/strong> 5 \/ Verrouillage, D\u00e9verrouillage, D\u00e9marrage \u00e0 distance, Coffre, Panique<\/p>\n<\/li>\n<li data-start=\"812\" data-end=\"860\">\n<p data-start=\"814\" data-end=\"860\"><strong data-start=\"814\" data-end=\"842\">Lame de cl\u00e9 de secours :<\/strong> HU100 \/ Incluse<\/p>\n<\/li>\n<li data-start=\"861\" data-end=\"889\">\n<p data-start=\"863\" data-end=\"889\"><strong data-start=\"863\" data-end=\"874\">Piles :<\/strong> Non incluses<\/p>\n<\/li>\n<li data-start=\"890\" data-end=\"930\" data-is-last-node=\"\">\n<p data-start=\"892\" data-end=\"930\" data-is-last-node=\"\"><strong data-start=\"892\" data-end=\"910\">Type de pile :<\/strong> Pile <a href=\"https:\/\/gskeyae.com\/fr\/product\/batterie-bouton-lithium-maxell-cr2032\/\">CR2032<\/a> requise<\/p>\n<\/li>\n<\/ul>\n","protected":false},"excerpt":{"rendered":"<p>AUTEL MAXIIM IKEY Style Premium IKEYGM005AL Cl\u00e9 Intelligente Universelle GM Cadillac 5 Boutons (D\u00e9marrage \u00e0 Distance \/ Coffre) : L\u2019Autel<\/p>\n","protected":false},"featured_media":112914,"comment_status":"open","ping_status":"closed","template":"","meta":{"_relevanssi_hide_post":"","_relevanssi_hide_content":"","_relevanssi_pin_for_all":"","_relevanssi_pin_keywords":"","_relevanssi_unpin_keywords":"","_relevanssi_related_keywords":"","_relevanssi_related_include_ids":"","_relevanssi_related_exclude_ids":"","_relevanssi_related_no_append":"","_relevanssi_related_not_related":"","_relevanssi_related_posts":"","_relevanssi_noindex_reason":""},"product_brand":[],"product_cat":[2580],"product_tag":[],"class_list":{"0":"post-136729","1":"product","2":"type-product","3":"status-publish","4":"has-post-thumbnail","6":"product_cat-telecommandes-de-voiture","7":"pa_buttons-5-fr","8":"pa_car-makes-cadillac-fr","9":"pa_color-black-fr","10":"pa_manufacturers-autel-fr","11":"pa_remote-type-proximity-keys-fr","12":"pa_types-car-remotes-fr","14":"first","15":"instock","16":"shipping-taxable","17":"purchasable","18":"product-type-simple"},"_links":{"self":[{"href":"https:\/\/gskeyae.com\/fr\/wp-json\/wp\/v2\/product\/136729","targetHints":{"allow":["GET"]}}],"collection":[{"href":"https:\/\/gskeyae.com\/fr\/wp-json\/wp\/v2\/product"}],"about":[{"href":"https:\/\/gskeyae.com\/fr\/wp-json\/wp\/v2\/types\/product"}],"replies":[{"embeddable":true,"href":"https:\/\/gskeyae.com\/fr\/wp-json\/wp\/v2\/comments?post=136729"}],"version-history":[{"count":0,"href":"https:\/\/gskeyae.com\/fr\/wp-json\/wp\/v2\/product\/136729\/revisions"}],"wp:featuredmedia":[{"embeddable":true,"href":"https:\/\/gskeyae.com\/fr\/wp-json\/wp\/v2\/media\/112914"}],"wp:attachment":[{"href":"https:\/\/gskeyae.com\/fr\/wp-json\/wp\/v2\/media?parent=136729"}],"wp:term":[{"taxonomy":"product_brand","embeddable":true,"href":"https:\/\/gskeyae.com\/fr\/wp-json\/wp\/v2\/product_brand?post=136729"},{"taxonomy":"product_cat","embeddable":true,"href":"https:\/\/gskeyae.com\/fr\/wp-json\/wp\/v2\/product_cat?post=136729"},{"taxonomy":"product_tag","embeddable":true,"href":"https:\/\/gskeyae.com\/fr\/wp-json\/wp\/v2\/product_tag?post=136729"}],"curies":[{"name":"wp","href":"https:\/\/api.w.org\/{rel}","templated":true}]}}