{"id":136700,"date":"2023-04-09T12:44:02","date_gmt":"2023-04-09T08:44:02","guid":{"rendered":"https:\/\/gskeyae.com\/?post_type=product&#038;p=136700"},"modified":"2025-12-17T20:04:54","modified_gmt":"2025-12-17T16:04:54","slug":"cle-intelligente-hyundai-genesis-g80-95440-t1000","status":"publish","type":"product","link":"https:\/\/gskeyae.com\/fr\/product\/cle-intelligente-hyundai-genesis-g80-95440-t1000\/","title":{"rendered":"Cl\u00e9 t\u00e9l\u00e9commande intelligente Hyundai Genesis G80 2021 6 boutons 433MHz 95440-T1000"},"content":{"rendered":"<h2 data-start=\"42\" data-end=\"175\">Cl\u00e9 t\u00e9l\u00e9commande intelligente Hyundai Genesis G80 2021, 6 boutons, 433 MHz, puce ID47 TQ8-FOB-4F35, 95440-T1000 :<\/h2>\n<ul data-start=\"177\" data-end=\"673\">\n<li data-start=\"177\" data-end=\"236\">\n<p data-start=\"179\" data-end=\"236\"><strong data-start=\"179\" data-end=\"194\">Fabricant :<\/strong> Hyundai \/ Pi\u00e8ce d\u2019origine<\/p>\n<\/li>\n<li data-start=\"237\" data-end=\"284\">\n<p data-start=\"239\" data-end=\"284\"><strong data-start=\"239\" data-end=\"258\">R\u00e9f\u00e9rence OEM :<\/strong> 95440-T1000, 95440T1000<\/p>\n<\/li>\n<li data-start=\"285\" data-end=\"326\">\n<p data-start=\"287\" data-end=\"326\"><strong data-start=\"287\" data-end=\"299\">FCC ID :<\/strong> TQ8-FOB-4F35, TQ8FOB4F35<\/p>\n<\/li>\n<li data-start=\"327\" data-end=\"346\">\n<p data-start=\"329\" data-end=\"346\"><strong data-start=\"329\" data-end=\"339\">\u00c9tat :<\/strong> Neuf<\/p>\n<\/li>\n<li data-start=\"347\" data-end=\"374\">\n<p data-start=\"349\" data-end=\"374\"><strong data-start=\"349\" data-end=\"364\">Fr\u00e9quence :<\/strong> 433 MHz<\/p>\n<\/li>\n<li data-start=\"375\" data-end=\"404\">\n<p data-start=\"377\" data-end=\"404\"><strong data-start=\"377\" data-end=\"395\">Type de pile :<\/strong> <a href=\"https:\/\/gskeyae.com\/fr\/product\/batterie-bouton-lithium-maxell-cr2032\/\">CR2032<\/a><\/p>\n<\/li>\n<li data-start=\"405\" data-end=\"443\">\n<p data-start=\"407\" data-end=\"443\"><strong data-start=\"407\" data-end=\"428\">R\u00e9gion \/ March\u00e9 :<\/strong> USA &#8211; Canada<\/p>\n<\/li>\n<li data-start=\"444\" data-end=\"495\">\n<p data-start=\"446\" data-end=\"495\"><strong data-start=\"446\" data-end=\"469\">Puce transpondeur :<\/strong> HITAG 3 &#8211; ID47 NCF29A1X<\/p>\n<\/li>\n<li data-start=\"496\" data-end=\"598\">\n<p data-start=\"498\" data-end=\"598\"><strong data-start=\"498\" data-end=\"511\">Boutons :<\/strong> 6 (Verrouillage, D\u00e9verrouillage, Alarme\/Panique, Coffre, D\u00e9marrage \u00e0 distance, Feux)<\/p>\n<\/li>\n<li data-start=\"599\" data-end=\"673\">\n<p data-start=\"601\" data-end=\"673\"><strong data-start=\"601\" data-end=\"620\">Cl\u00e9 d\u2019urgence :<\/strong> m\u00eame mod\u00e8le que 81996-T6000 &#8211; KIA9TE \/ Non incluse<\/p>\n<\/li>\n<\/ul>\n<p data-start=\"675\" data-end=\"696\"><strong data-start=\"675\" data-end=\"694\">Compatibilit\u00e9 :<\/strong><\/p>\n<ul data-start=\"697\" data-end=\"725\">\n<li data-start=\"697\" data-end=\"725\">\n<p data-start=\"699\" data-end=\"725\">2021 Hyundai Genesis G80<\/p>\n<\/li>\n<\/ul>\n<p data-start=\"727\" data-end=\"1160\"><strong data-start=\"727\" data-end=\"746\">Programmation :<\/strong><br data-start=\"746\" data-end=\"749\" \/>Si vous avez achet\u00e9 une nouvelle t\u00e9l\u00e9commande intelligente Hyundai Genesis 95440-T1000, elle doit \u00eatre programm\u00e9e pour se synchroniser correctement avec votre v\u00e9hicule \u00e0 l\u2019aide d\u2019un outil de programmation sp\u00e9cialis\u00e9 ou par un serrurier qualifi\u00e9.<br data-start=\"994\" data-end=\"997\" \/>Acheter une t\u00e9l\u00e9commande sur gskeyae.com et la faire programmer par un serrurier est souvent plus abordable que de l\u2019acheter directement chez un concessionnaire.<\/p>\n","protected":false},"excerpt":{"rendered":"<p>Cl\u00e9 t\u00e9l\u00e9commande intelligente Hyundai Genesis G80 2021, 6 boutons, 433 MHz, puce ID47 TQ8-FOB-4F35, 95440-T1000 : Fabricant : Hyundai \/<\/p>\n","protected":false},"featured_media":113402,"comment_status":"open","ping_status":"closed","template":"","meta":{"_relevanssi_hide_post":"","_relevanssi_hide_content":"","_relevanssi_pin_for_all":"","_relevanssi_pin_keywords":"","_relevanssi_unpin_keywords":"","_relevanssi_related_keywords":"","_relevanssi_related_include_ids":"","_relevanssi_related_exclude_ids":"","_relevanssi_related_no_append":"","_relevanssi_related_not_related":"","_relevanssi_related_posts":"","_relevanssi_noindex_reason":""},"product_brand":[],"product_cat":[2580],"product_tag":[],"class_list":{"0":"post-136700","1":"product","2":"type-product","3":"status-publish","4":"has-post-thumbnail","6":"product_cat-telecommandes-de-voiture","7":"pa_buttons-6-fr","8":"pa_car-makes-hyundai-fr","9":"pa_color-black-fr","10":"pa_frequency-433mhz-fr","11":"pa_manufacturers-genuine-oem-fr","12":"pa_remote-type-proximity-keys-fr","13":"pa_transponder-chip-yes-fr","14":"pa_types-car-remotes-fr","16":"first","17":"instock","18":"shipping-taxable","19":"purchasable","20":"product-type-simple"},"_links":{"self":[{"href":"https:\/\/gskeyae.com\/fr\/wp-json\/wp\/v2\/product\/136700","targetHints":{"allow":["GET"]}}],"collection":[{"href":"https:\/\/gskeyae.com\/fr\/wp-json\/wp\/v2\/product"}],"about":[{"href":"https:\/\/gskeyae.com\/fr\/wp-json\/wp\/v2\/types\/product"}],"replies":[{"embeddable":true,"href":"https:\/\/gskeyae.com\/fr\/wp-json\/wp\/v2\/comments?post=136700"}],"version-history":[{"count":0,"href":"https:\/\/gskeyae.com\/fr\/wp-json\/wp\/v2\/product\/136700\/revisions"}],"wp:featuredmedia":[{"embeddable":true,"href":"https:\/\/gskeyae.com\/fr\/wp-json\/wp\/v2\/media\/113402"}],"wp:attachment":[{"href":"https:\/\/gskeyae.com\/fr\/wp-json\/wp\/v2\/media?parent=136700"}],"wp:term":[{"taxonomy":"product_brand","embeddable":true,"href":"https:\/\/gskeyae.com\/fr\/wp-json\/wp\/v2\/product_brand?post=136700"},{"taxonomy":"product_cat","embeddable":true,"href":"https:\/\/gskeyae.com\/fr\/wp-json\/wp\/v2\/product_cat?post=136700"},{"taxonomy":"product_tag","embeddable":true,"href":"https:\/\/gskeyae.com\/fr\/wp-json\/wp\/v2\/product_tag?post=136700"}],"curies":[{"name":"wp","href":"https:\/\/api.w.org\/{rel}","templated":true}]}}