{"id":136696,"date":"2023-04-13T13:38:05","date_gmt":"2023-04-13T09:38:05","guid":{"rendered":"https:\/\/gskeyae.com\/?post_type=product&#038;p=136696"},"modified":"2025-12-17T20:04:54","modified_gmt":"2025-12-17T16:04:54","slug":"cle-intelligente-honda-cr-v-72147-tla-t110-m1","status":"publish","type":"product","link":"https:\/\/gskeyae.com\/fr\/product\/cle-intelligente-honda-cr-v-72147-tla-t110-m1\/","title":{"rendered":"T\u00e9l\u00e9commande intelligente Honda CR-V 2016-2020 3 boutons 433 MHz 72147-TLA-T110-M1"},"content":{"rendered":"<h2 data-start=\"42\" data-end=\"175\">T\u00e9l\u00e9commande intelligente Honda CR-V 2016-2020, 3 boutons, 433 MHz, puce HITAG3, A2C98319100, 72147-TLA-T110-M1 :<\/h2>\n<ul data-start=\"177\" data-end=\"519\">\n<li data-start=\"177\" data-end=\"228\">\n<p data-start=\"179\" data-end=\"228\"><strong data-start=\"179\" data-end=\"194\">Fabricant :<\/strong> Pi\u00e8ce de rechange<\/p>\n<\/li>\n<li data-start=\"229\" data-end=\"298\">\n<p data-start=\"231\" data-end=\"298\"><strong data-start=\"231\" data-end=\"262\">Remplace la r\u00e9f\u00e9rence OEM :<\/strong> 72147-TLA-T110-M1, 72147TLAT110M1<\/p>\n<\/li>\n<li data-start=\"299\" data-end=\"327\">\n<p data-start=\"301\" data-end=\"327\"><strong data-start=\"301\" data-end=\"313\">FCC ID :<\/strong> A2C98319100<\/p>\n<\/li>\n<li data-start=\"328\" data-end=\"355\">\n<p data-start=\"330\" data-end=\"355\"><strong data-start=\"330\" data-end=\"345\">Fr\u00e9quence :<\/strong> 433 MHz<\/p>\n<\/li>\n<li data-start=\"356\" data-end=\"390\">\n<p data-start=\"358\" data-end=\"390\"><strong data-start=\"358\" data-end=\"381\">Puce transpondeur :<\/strong> HITAG3<\/p>\n<\/li>\n<li data-start=\"391\" data-end=\"449\">\n<p data-start=\"393\" data-end=\"449\"><strong data-start=\"393\" data-end=\"406\">Boutons :<\/strong> 3 (Verrouillage, D\u00e9verrouillage, Coffre)<\/p>\n<\/li>\n<li data-start=\"450\" data-end=\"519\">\n<p data-start=\"452\" data-end=\"519\"><strong data-start=\"452\" data-end=\"479\">Cl\u00e9 d\u2019urgence incluse :<\/strong> m\u00eame mod\u00e8le que 35118-T2A-A50 &#8211; <a href=\"https:\/\/gskeyae.com\/fr\/product\/lame-de-cle-intelligente-honda-hon66-35118-t2a-a50\/\">HON66<\/a><\/p>\n<\/li>\n<\/ul>\n<p data-start=\"521\" data-end=\"542\"><strong data-start=\"521\" data-end=\"540\">Compatibilit\u00e9 :<\/strong><\/p>\n<ul data-start=\"543\" data-end=\"569\">\n<li data-start=\"543\" data-end=\"569\">\n<p data-start=\"545\" data-end=\"569\">Honda CR-V 2016 &#8211; 2020<\/p>\n<\/li>\n<\/ul>\n<p data-start=\"700\" data-end=\"982\"><strong data-start=\"700\" data-end=\"714\">Remarque :<\/strong> Avant que la t\u00e9l\u00e9commande puisse d\u00e9marrer le v\u00e9hicule, elle doit \u00eatre programm\u00e9e. Vous devez donc vous rendre chez votre concessionnaire le plus proche ou chez un serrurier automobile local pour faire programmer la cl\u00e9. La cl\u00e9 d\u2019urgence doit \u00e9galement \u00eatre taill\u00e9e.<\/p>\n","protected":false},"excerpt":{"rendered":"<p>T\u00e9l\u00e9commande intelligente Honda CR-V 2016-2020, 3 boutons, 433 MHz, puce HITAG3, A2C98319100, 72147-TLA-T110-M1 : Fabricant : Pi\u00e8ce de rechange Remplace<\/p>\n","protected":false},"featured_media":113496,"comment_status":"open","ping_status":"closed","template":"","meta":{"_relevanssi_hide_post":"","_relevanssi_hide_content":"","_relevanssi_pin_for_all":"","_relevanssi_pin_keywords":"","_relevanssi_unpin_keywords":"","_relevanssi_related_keywords":"","_relevanssi_related_include_ids":"","_relevanssi_related_exclude_ids":"","_relevanssi_related_no_append":"","_relevanssi_related_not_related":"","_relevanssi_related_posts":"","_relevanssi_noindex_reason":""},"product_brand":[],"product_cat":[2580],"product_tag":[],"class_list":{"0":"post-136696","1":"product","2":"type-product","3":"status-publish","4":"has-post-thumbnail","6":"product_cat-telecommandes-de-voiture","7":"pa_buttons-3-fr","8":"pa_car-makes-honda-fr","9":"pa_color-black-fr","10":"pa_frequency-433mhz-fr","11":"pa_manufacturers-aftermarket-fr","12":"pa_remote-type-proximity-keys-fr","13":"pa_transponder-chip-yes-fr","14":"pa_types-car-remotes-fr","16":"first","17":"instock","18":"shipping-taxable","19":"purchasable","20":"product-type-simple"},"_links":{"self":[{"href":"https:\/\/gskeyae.com\/fr\/wp-json\/wp\/v2\/product\/136696","targetHints":{"allow":["GET"]}}],"collection":[{"href":"https:\/\/gskeyae.com\/fr\/wp-json\/wp\/v2\/product"}],"about":[{"href":"https:\/\/gskeyae.com\/fr\/wp-json\/wp\/v2\/types\/product"}],"replies":[{"embeddable":true,"href":"https:\/\/gskeyae.com\/fr\/wp-json\/wp\/v2\/comments?post=136696"}],"version-history":[{"count":0,"href":"https:\/\/gskeyae.com\/fr\/wp-json\/wp\/v2\/product\/136696\/revisions"}],"wp:featuredmedia":[{"embeddable":true,"href":"https:\/\/gskeyae.com\/fr\/wp-json\/wp\/v2\/media\/113496"}],"wp:attachment":[{"href":"https:\/\/gskeyae.com\/fr\/wp-json\/wp\/v2\/media?parent=136696"}],"wp:term":[{"taxonomy":"product_brand","embeddable":true,"href":"https:\/\/gskeyae.com\/fr\/wp-json\/wp\/v2\/product_brand?post=136696"},{"taxonomy":"product_cat","embeddable":true,"href":"https:\/\/gskeyae.com\/fr\/wp-json\/wp\/v2\/product_cat?post=136696"},{"taxonomy":"product_tag","embeddable":true,"href":"https:\/\/gskeyae.com\/fr\/wp-json\/wp\/v2\/product_tag?post=136696"}],"curies":[{"name":"wp","href":"https:\/\/api.w.org\/{rel}","templated":true}]}}