{"id":136691,"date":"2023-04-13T15:22:03","date_gmt":"2023-04-13T11:22:03","guid":{"rendered":"https:\/\/gskeyae.com\/?post_type=product&#038;p=136691"},"modified":"2025-12-17T20:04:53","modified_gmt":"2025-12-17T16:04:53","slug":"cle-intelligente-honda-cr-v-72147-tha-h210-m1","status":"publish","type":"product","link":"https:\/\/gskeyae.com\/fr\/product\/cle-intelligente-honda-cr-v-72147-tha-h210-m1\/","title":{"rendered":"T\u00e9l\u00e9commande intelligente Honda CR-V 2017-2018 4 boutons 433MHz 72147-THA-H210-M1"},"content":{"rendered":"<h2 data-start=\"42\" data-end=\"170\">T\u00e9l\u00e9commande intelligente Honda CR-V 2017-2018, 4 boutons, 433 MHz, puce HITAG3, KR5V2X, 72147-THA-H210-M1 :<\/h2>\n<ul data-start=\"172\" data-end=\"606\">\n<li data-start=\"172\" data-end=\"223\">\n<p data-start=\"174\" data-end=\"223\"><strong data-start=\"174\" data-end=\"189\">Fabricant :<\/strong> Pi\u00e8ce de rechange<\/p>\n<\/li>\n<li data-start=\"224\" data-end=\"293\">\n<p data-start=\"226\" data-end=\"293\"><strong data-start=\"226\" data-end=\"257\">Remplace la r\u00e9f\u00e9rence OEM :<\/strong> 72147-THA-H210-M1, 72147THAH210M1<\/p>\n<\/li>\n<li data-start=\"294\" data-end=\"317\">\n<p data-start=\"296\" data-end=\"317\"><strong data-start=\"296\" data-end=\"308\">FCC ID :<\/strong> KR5V2X<\/p>\n<\/li>\n<li data-start=\"318\" data-end=\"345\">\n<p data-start=\"320\" data-end=\"345\"><strong data-start=\"320\" data-end=\"335\">Fr\u00e9quence :<\/strong> 433 MHz<\/p>\n<\/li>\n<li data-start=\"346\" data-end=\"375\">\n<p data-start=\"348\" data-end=\"375\"><strong data-start=\"348\" data-end=\"366\">Type de pile :<\/strong> <a href=\"https:\/\/gskeyae.com\/fr\/product\/batterie-bouton-lithium-maxell-cr2032\/\">CR2032<\/a><\/p>\n<\/li>\n<li data-start=\"376\" data-end=\"410\">\n<p data-start=\"378\" data-end=\"410\"><strong data-start=\"378\" data-end=\"401\">Puce transpondeur :<\/strong> HITAG3<\/p>\n<\/li>\n<li data-start=\"411\" data-end=\"455\">\n<p data-start=\"413\" data-end=\"455\"><strong data-start=\"413\" data-end=\"449\">Acc\u00e8s sans cl\u00e9 \/ Proximit\u00e9 \/ Intelligent :<\/strong> OUI<\/p>\n<\/li>\n<li data-start=\"456\" data-end=\"536\">\n<p data-start=\"458\" data-end=\"536\"><strong data-start=\"458\" data-end=\"471\">Boutons :<\/strong> 4 (Verrouillage, D\u00e9verrouillage, Coffre, D\u00e9marrage \u00e0 distance)<\/p>\n<\/li>\n<li data-start=\"537\" data-end=\"606\">\n<p data-start=\"539\" data-end=\"606\"><strong data-start=\"539\" data-end=\"566\">Cl\u00e9 d\u2019urgence incluse :<\/strong> m\u00eame mod\u00e8le que 35118-T2A-A50 &#8211; <a href=\"https:\/\/gskeyae.com\/fr\/product\/lame-de-cle-intelligente-honda-hon66-35118-t2a-a50\/\">HON66<\/a><\/p>\n<\/li>\n<\/ul>\n<p data-start=\"608\" data-end=\"655\"><strong data-start=\"608\" data-end=\"653\">Compatibilit\u00e9 avec les mod\u00e8les suivants :<\/strong><\/p>\n<ul data-start=\"656\" data-end=\"682\">\n<li data-start=\"656\" data-end=\"682\">\n<p data-start=\"658\" data-end=\"682\">Honda CR-V 2017 &#8211; 2018<\/p>\n<\/li>\n<\/ul>\n<p data-start=\"800\" data-end=\"1082\"><strong data-start=\"800\" data-end=\"814\">Remarque :<\/strong> Avant que la t\u00e9l\u00e9commande puisse d\u00e9marrer le v\u00e9hicule, elle doit \u00eatre programm\u00e9e. Vous devez donc vous rendre chez votre concessionnaire le plus proche ou chez un serrurier automobile local pour faire programmer la cl\u00e9. La cl\u00e9 d\u2019urgence doit \u00e9galement \u00eatre taill\u00e9e.<\/p>\n","protected":false},"excerpt":{"rendered":"<p>T\u00e9l\u00e9commande intelligente Honda CR-V 2017-2018, 4 boutons, 433 MHz, puce HITAG3, KR5V2X, 72147-THA-H210-M1 : Fabricant : Pi\u00e8ce de rechange Remplace<\/p>\n","protected":false},"featured_media":113508,"comment_status":"open","ping_status":"closed","template":"","meta":{"_relevanssi_hide_post":"","_relevanssi_hide_content":"","_relevanssi_pin_for_all":"","_relevanssi_pin_keywords":"","_relevanssi_unpin_keywords":"","_relevanssi_related_keywords":"","_relevanssi_related_include_ids":"","_relevanssi_related_exclude_ids":"","_relevanssi_related_no_append":"","_relevanssi_related_not_related":"","_relevanssi_related_posts":"","_relevanssi_noindex_reason":""},"product_brand":[],"product_cat":[2580],"product_tag":[],"class_list":{"0":"post-136691","1":"product","2":"type-product","3":"status-publish","4":"has-post-thumbnail","6":"product_cat-telecommandes-de-voiture","7":"pa_buttons-4-fr","8":"pa_car-makes-honda-fr","9":"pa_color-black-fr","10":"pa_frequency-433mhz-fr","11":"pa_manufacturers-aftermarket-fr","12":"pa_remote-type-proximity-keys-fr","13":"pa_transponder-chip-yes-fr","14":"pa_types-car-remotes-fr","16":"first","17":"instock","18":"shipping-taxable","19":"purchasable","20":"product-type-simple"},"_links":{"self":[{"href":"https:\/\/gskeyae.com\/fr\/wp-json\/wp\/v2\/product\/136691","targetHints":{"allow":["GET"]}}],"collection":[{"href":"https:\/\/gskeyae.com\/fr\/wp-json\/wp\/v2\/product"}],"about":[{"href":"https:\/\/gskeyae.com\/fr\/wp-json\/wp\/v2\/types\/product"}],"replies":[{"embeddable":true,"href":"https:\/\/gskeyae.com\/fr\/wp-json\/wp\/v2\/comments?post=136691"}],"version-history":[{"count":0,"href":"https:\/\/gskeyae.com\/fr\/wp-json\/wp\/v2\/product\/136691\/revisions"}],"wp:featuredmedia":[{"embeddable":true,"href":"https:\/\/gskeyae.com\/fr\/wp-json\/wp\/v2\/media\/113508"}],"wp:attachment":[{"href":"https:\/\/gskeyae.com\/fr\/wp-json\/wp\/v2\/media?parent=136691"}],"wp:term":[{"taxonomy":"product_brand","embeddable":true,"href":"https:\/\/gskeyae.com\/fr\/wp-json\/wp\/v2\/product_brand?post=136691"},{"taxonomy":"product_cat","embeddable":true,"href":"https:\/\/gskeyae.com\/fr\/wp-json\/wp\/v2\/product_cat?post=136691"},{"taxonomy":"product_tag","embeddable":true,"href":"https:\/\/gskeyae.com\/fr\/wp-json\/wp\/v2\/product_tag?post=136691"}],"curies":[{"name":"wp","href":"https:\/\/api.w.org\/{rel}","templated":true}]}}