{"id":136683,"date":"2023-04-16T14:37:07","date_gmt":"2023-04-16T10:37:07","guid":{"rendered":"https:\/\/gskeyae.com\/?post_type=product&#038;p=136683"},"modified":"2026-02-09T15:33:17","modified_gmt":"2026-02-09T11:33:17","slug":"cle-intelligente-honda-accord-72147-t2g-a31","status":"publish","type":"product","link":"https:\/\/gskeyae.com\/fr\/product\/cle-intelligente-honda-accord-72147-t2g-a31\/","title":{"rendered":"T\u00e9l\u00e9commande intelligente Honda Accord 2016-2017 5 boutons 433MHz 72147-T2G-A31"},"content":{"rendered":"<hr data-start=\"41\" data-end=\"44\" \/>\n<h2 data-start=\"46\" data-end=\"180\">T\u00e9l\u00e9commande intelligente Honda Accord 2016-2017 \u2013 5 boutons, 433MHz, HITAG 3, ACJ932HK1310A, r\u00e9f. 72147-T2G-A31 (apr\u00e8s-march\u00e9) :<\/h2>\n<ul data-start=\"182\" data-end=\"586\">\n<li data-start=\"182\" data-end=\"214\">\n<p data-start=\"184\" data-end=\"214\"><strong data-start=\"184\" data-end=\"199\">Fabricant :<\/strong> Apr\u00e8s-march\u00e9<\/p>\n<\/li>\n<li data-start=\"215\" data-end=\"278\">\n<p data-start=\"217\" data-end=\"278\"><strong data-start=\"217\" data-end=\"248\">Remplace la r\u00e9f\u00e9rence OEM :<\/strong> 72147-T2G-A31 \/ 72147T2GA31<\/p>\n<\/li>\n<li data-start=\"279\" data-end=\"309\">\n<p data-start=\"281\" data-end=\"309\"><strong data-start=\"281\" data-end=\"293\">FCC ID :<\/strong> ACJ932HK1310A<\/p>\n<\/li>\n<li data-start=\"310\" data-end=\"335\">\n<p data-start=\"312\" data-end=\"335\"><strong data-start=\"312\" data-end=\"320\">IC :<\/strong> 216J-HK1310A<\/p>\n<\/li>\n<li data-start=\"336\" data-end=\"363\">\n<p data-start=\"338\" data-end=\"363\"><strong data-start=\"338\" data-end=\"353\">Fr\u00e9quence :<\/strong> 433 MHz<\/p>\n<\/li>\n<li data-start=\"364\" data-end=\"393\">\n<p data-start=\"366\" data-end=\"393\"><strong data-start=\"366\" data-end=\"384\">Type de pile :<\/strong> <a href=\"https:\/\/gskeyae.com\/fr\/product\/batterie-bouton-lithium-maxell-cr2032\/\">CR2032<\/a><\/p>\n<\/li>\n<li data-start=\"394\" data-end=\"429\">\n<p data-start=\"396\" data-end=\"429\"><strong data-start=\"396\" data-end=\"419\">Puce transpondeur :<\/strong> HITAG 3<\/p>\n<\/li>\n<li data-start=\"430\" data-end=\"519\">\n<p data-start=\"432\" data-end=\"519\"><strong data-start=\"432\" data-end=\"445\">Boutons :<\/strong> 5 (Verrouillage, D\u00e9verrouillage, Coffre, Panique, D\u00e9marrage \u00e0 distance)<\/p>\n<\/li>\n<li data-start=\"520\" data-end=\"586\">\n<p data-start=\"522\" data-end=\"586\"><strong data-start=\"522\" data-end=\"543\">Lame de secours :<\/strong> M\u00eame que 35118-T2A-A50 \u2013 <a href=\"https:\/\/gskeyae.com\/fr\/product\/lame-de-cle-intelligente-honda-hon66-35118-t2a-a50\/\">HON66<\/a> \/ Incluse<\/p>\n<\/li>\n<\/ul>\n<p data-start=\"588\" data-end=\"626\"><strong data-start=\"588\" data-end=\"624\">Compatibilit\u00e9 avec les mod\u00e8les :<\/strong><\/p>\n<ul data-start=\"627\" data-end=\"653\">\n<li data-start=\"627\" data-end=\"653\">\n<p data-start=\"629\" data-end=\"653\">2016 &#8211; 2017 Honda Accord<\/p>\n<\/li>\n<\/ul>\n<p data-start=\"770\" data-end=\"1033\"><strong data-start=\"770\" data-end=\"784\">Remarque :<\/strong> Avant que la t\u00e9l\u00e9commande puisse d\u00e9marrer le v\u00e9hicule, elle doit \u00eatre programm\u00e9e. Il est donc n\u00e9cessaire de se rendre chez un concessionnaire ou un serrurier automobile local pour programmer la cl\u00e9. La lame de secours doit \u00e9galement \u00eatre taill\u00e9e.<\/p>\n","protected":false},"excerpt":{"rendered":"<p>T\u00e9l\u00e9commande intelligente Honda Accord 2016-2017 \u2013 5 boutons, 433MHz, HITAG 3, ACJ932HK1310A, r\u00e9f. 72147-T2G-A31 (apr\u00e8s-march\u00e9) : Fabricant : Apr\u00e8s-march\u00e9 Remplace<\/p>\n","protected":false},"featured_media":113571,"comment_status":"open","ping_status":"closed","template":"","meta":{"_relevanssi_hide_post":"","_relevanssi_hide_content":"","_relevanssi_pin_for_all":"","_relevanssi_pin_keywords":"","_relevanssi_unpin_keywords":"","_relevanssi_related_keywords":"","_relevanssi_related_include_ids":"","_relevanssi_related_exclude_ids":"","_relevanssi_related_no_append":"","_relevanssi_related_not_related":"","_relevanssi_related_posts":"","_relevanssi_noindex_reason":""},"product_brand":[],"product_cat":[2580],"product_tag":[],"class_list":{"0":"post-136683","1":"product","2":"type-product","3":"status-publish","4":"has-post-thumbnail","6":"product_cat-telecommandes-de-voiture","7":"pa_buttons-5-fr","8":"pa_car-makes-honda-fr","9":"pa_color-black-fr","10":"pa_frequency-433mhz-fr","11":"pa_manufacturers-aftermarket-fr","12":"pa_remote-type-proximity-keys-fr","13":"pa_transponder-chip-yes-fr","14":"pa_types-car-remotes-fr","16":"first","17":"instock","18":"shipping-taxable","19":"purchasable","20":"product-type-simple"},"_links":{"self":[{"href":"https:\/\/gskeyae.com\/fr\/wp-json\/wp\/v2\/product\/136683","targetHints":{"allow":["GET"]}}],"collection":[{"href":"https:\/\/gskeyae.com\/fr\/wp-json\/wp\/v2\/product"}],"about":[{"href":"https:\/\/gskeyae.com\/fr\/wp-json\/wp\/v2\/types\/product"}],"replies":[{"embeddable":true,"href":"https:\/\/gskeyae.com\/fr\/wp-json\/wp\/v2\/comments?post=136683"}],"version-history":[{"count":0,"href":"https:\/\/gskeyae.com\/fr\/wp-json\/wp\/v2\/product\/136683\/revisions"}],"wp:featuredmedia":[{"embeddable":true,"href":"https:\/\/gskeyae.com\/fr\/wp-json\/wp\/v2\/media\/113571"}],"wp:attachment":[{"href":"https:\/\/gskeyae.com\/fr\/wp-json\/wp\/v2\/media?parent=136683"}],"wp:term":[{"taxonomy":"product_brand","embeddable":true,"href":"https:\/\/gskeyae.com\/fr\/wp-json\/wp\/v2\/product_brand?post=136683"},{"taxonomy":"product_cat","embeddable":true,"href":"https:\/\/gskeyae.com\/fr\/wp-json\/wp\/v2\/product_cat?post=136683"},{"taxonomy":"product_tag","embeddable":true,"href":"https:\/\/gskeyae.com\/fr\/wp-json\/wp\/v2\/product_tag?post=136683"}],"curies":[{"name":"wp","href":"https:\/\/api.w.org\/{rel}","templated":true}]}}