{"id":136670,"date":"2023-06-03T13:10:18","date_gmt":"2023-06-03T09:10:18","guid":{"rendered":"https:\/\/gskeyae.com\/?post_type=product&#038;p=136670"},"modified":"2025-12-17T20:04:52","modified_gmt":"2025-12-17T16:04:52","slug":"cle-intelligente-cadillac-hyq2ab-13598507","status":"publish","type":"product","link":"https:\/\/gskeyae.com\/fr\/product\/cle-intelligente-cadillac-hyq2ab-13598507\/","title":{"rendered":"T\u00e9l\u00e9commande intelligente Cadillac ATS CTS XTS 2014-2019 5 boutons 315MHz HYQ2AB 13598507"},"content":{"rendered":"<h2 data-start=\"46\" data-end=\"186\">T\u00e9l\u00e9commande intelligente Cadillac ATS \/ CTS \/ XTS 2014-2019 \u2013 5 boutons avec d\u00e9marrage, 315MHz, HYQ2AB, 13598507 (apr\u00e8s-march\u00e9) :<\/h2>\n<ul data-start=\"188\" data-end=\"670\">\n<li data-start=\"188\" data-end=\"220\">\n<p data-start=\"190\" data-end=\"220\"><strong data-start=\"190\" data-end=\"205\">Fabricant :<\/strong> Apr\u00e8s-march\u00e9<\/p>\n<\/li>\n<li data-start=\"221\" data-end=\"316\">\n<p data-start=\"223\" data-end=\"316\"><strong data-start=\"223\" data-end=\"256\">Remplace les r\u00e9f\u00e9rences OEM :<\/strong> 13598507, 13580811, 13594024, 1358539, 13510254, 13598530<\/p>\n<\/li>\n<li data-start=\"317\" data-end=\"340\">\n<p data-start=\"319\" data-end=\"340\"><strong data-start=\"319\" data-end=\"331\">FCC ID :<\/strong> HYQ2AB<\/p>\n<\/li>\n<li data-start=\"341\" data-end=\"363\">\n<p data-start=\"343\" data-end=\"363\"><strong data-start=\"343\" data-end=\"351\">IC :<\/strong> 1551A-2AB<\/p>\n<\/li>\n<li data-start=\"364\" data-end=\"391\">\n<p data-start=\"366\" data-end=\"391\"><strong data-start=\"366\" data-end=\"381\">Fr\u00e9quence :<\/strong> 315 MHz<\/p>\n<\/li>\n<li data-start=\"392\" data-end=\"421\">\n<p data-start=\"394\" data-end=\"421\"><strong data-start=\"394\" data-end=\"412\">Type de pile :<\/strong> <a href=\"https:\/\/gskeyae.com\/fr\/product\/batterie-bouton-lithium-maxell-cr2032\/\">CR2032<\/a><\/p>\n<\/li>\n<li data-start=\"422\" data-end=\"454\">\n<p data-start=\"424\" data-end=\"454\"><strong data-start=\"424\" data-end=\"447\">Puce transpondeur :<\/strong> ID46<\/p>\n<\/li>\n<li data-start=\"455\" data-end=\"499\">\n<p data-start=\"457\" data-end=\"499\"><strong data-start=\"457\" data-end=\"493\">Acc\u00e8s sans cl\u00e9 \/ Proximit\u00e9 \/ Intelligent :<\/strong> Oui<\/p>\n<\/li>\n<li data-start=\"500\" data-end=\"589\">\n<p data-start=\"502\" data-end=\"589\"><strong data-start=\"502\" data-end=\"515\">Boutons :<\/strong> 5 (Verrouillage, D\u00e9verrouillage, Coffre, Panique, D\u00e9marrage \u00e0 distance)<\/p>\n<\/li>\n<li data-start=\"590\" data-end=\"670\">\n<p data-start=\"592\" data-end=\"670\"><strong data-start=\"592\" data-end=\"613\">Lame de secours :<\/strong> M\u00eame que 5922070, 22984994, 22894661 \u2013 <a href=\"https:\/\/gskeyae.com\/fr\/product\/lame-de-cle-durgence-cadillac-hu100-22984994-22894661\/\">HU100<\/a> \/ Incluse<\/p>\n<\/li>\n<\/ul>\n<p data-start=\"672\" data-end=\"710\"><strong data-start=\"672\" data-end=\"708\">Compatibilit\u00e9 avec les mod\u00e8les :<\/strong><\/p>\n<ul data-start=\"711\" data-end=\"828\">\n<li data-start=\"711\" data-end=\"737\">\n<p data-start=\"713\" data-end=\"737\">Cadillac ATS 2015-2019<\/p>\n<\/li>\n<li data-start=\"738\" data-end=\"766\">\n<p data-start=\"740\" data-end=\"766\">Cadillac ATS-V 2016-2019<\/p>\n<\/li>\n<li data-start=\"767\" data-end=\"799\">\n<p data-start=\"769\" data-end=\"799\">Cadillac CTS Sedan 2014-2019<\/p>\n<\/li>\n<li data-start=\"800\" data-end=\"828\">\n<p data-start=\"802\" data-end=\"828\">Cadillac XTS 7\/2015-2019<\/p>\n<\/li>\n<\/ul>\n<p data-start=\"906\" data-end=\"1196\"><strong data-start=\"906\" data-end=\"920\">Remarque :<\/strong> Avant de pouvoir d\u00e9marrer le v\u00e9hicule, la t\u00e9l\u00e9commande doit \u00eatre programm\u00e9e. Il est donc n\u00e9cessaire de se rendre chez un concessionnaire ou un serrurier automobile local disposant des outils appropri\u00e9s pour programmer la cl\u00e9. La lame de secours doit \u00e9galement \u00eatre taill\u00e9e.<\/p>\n","protected":false},"excerpt":{"rendered":"<p>T\u00e9l\u00e9commande intelligente Cadillac ATS \/ CTS \/ XTS 2014-2019 \u2013 5 boutons avec d\u00e9marrage, 315MHz, HYQ2AB, 13598507 (apr\u00e8s-march\u00e9) : Fabricant<\/p>\n","protected":false},"featured_media":113865,"comment_status":"open","ping_status":"closed","template":"","meta":{"_relevanssi_hide_post":"","_relevanssi_hide_content":"","_relevanssi_pin_for_all":"","_relevanssi_pin_keywords":"","_relevanssi_unpin_keywords":"","_relevanssi_related_keywords":"","_relevanssi_related_include_ids":"","_relevanssi_related_exclude_ids":"","_relevanssi_related_no_append":"","_relevanssi_related_not_related":"","_relevanssi_related_posts":"","_relevanssi_noindex_reason":""},"product_brand":[],"product_cat":[2580],"product_tag":[],"class_list":{"0":"post-136670","1":"product","2":"type-product","3":"status-publish","4":"has-post-thumbnail","6":"product_cat-telecommandes-de-voiture","7":"pa_buttons-5-fr","8":"pa_car-makes-cadillac-fr","9":"pa_color-black-fr","10":"pa_frequency-315mhz-fr","11":"pa_manufacturers-aftermarket-fr","12":"pa_remote-type-proximity-keys-fr","13":"pa_transponder-chip-yes-fr","14":"pa_types-car-remotes-fr","16":"first","17":"instock","18":"shipping-taxable","19":"purchasable","20":"product-type-simple"},"_links":{"self":[{"href":"https:\/\/gskeyae.com\/fr\/wp-json\/wp\/v2\/product\/136670","targetHints":{"allow":["GET"]}}],"collection":[{"href":"https:\/\/gskeyae.com\/fr\/wp-json\/wp\/v2\/product"}],"about":[{"href":"https:\/\/gskeyae.com\/fr\/wp-json\/wp\/v2\/types\/product"}],"replies":[{"embeddable":true,"href":"https:\/\/gskeyae.com\/fr\/wp-json\/wp\/v2\/comments?post=136670"}],"version-history":[{"count":0,"href":"https:\/\/gskeyae.com\/fr\/wp-json\/wp\/v2\/product\/136670\/revisions"}],"wp:featuredmedia":[{"embeddable":true,"href":"https:\/\/gskeyae.com\/fr\/wp-json\/wp\/v2\/media\/113865"}],"wp:attachment":[{"href":"https:\/\/gskeyae.com\/fr\/wp-json\/wp\/v2\/media?parent=136670"}],"wp:term":[{"taxonomy":"product_brand","embeddable":true,"href":"https:\/\/gskeyae.com\/fr\/wp-json\/wp\/v2\/product_brand?post=136670"},{"taxonomy":"product_cat","embeddable":true,"href":"https:\/\/gskeyae.com\/fr\/wp-json\/wp\/v2\/product_cat?post=136670"},{"taxonomy":"product_tag","embeddable":true,"href":"https:\/\/gskeyae.com\/fr\/wp-json\/wp\/v2\/product_tag?post=136670"}],"curies":[{"name":"wp","href":"https:\/\/api.w.org\/{rel}","templated":true}]}}