{"id":136609,"date":"2023-06-22T16:51:48","date_gmt":"2023-06-22T12:51:48","guid":{"rendered":"https:\/\/gskeyae.com\/?post_type=product&#038;p=136609"},"modified":"2025-12-18T18:31:10","modified_gmt":"2025-12-18T14:31:10","slug":"cle-toyota-land-cruiser-89904-60430-utilisee","status":"publish","type":"product","link":"https:\/\/gskeyae.com\/fr\/product\/cle-toyota-land-cruiser-89904-60430-utilisee\/","title":{"rendered":"Cl\u00e9 intelligente Toyota Land Cruiser 2009-2015 2 boutons 433MHz B53EA 89904-60430 (Utilis\u00e9e)"},"content":{"rendered":"<h2 data-start=\"51\" data-end=\"182\">Cl\u00e9 intelligente d\u2019origine Toyota Land Cruiser 2009-2015, 2 boutons, 433MHz, 89904-60430 (Utilis\u00e9e) :<\/h2>\n<ul data-start=\"184\" data-end=\"561\">\n<li data-start=\"184\" data-end=\"224\">\n<p data-start=\"186\" data-end=\"224\"><strong data-start=\"186\" data-end=\"201\">Fabricant :<\/strong> Toyota<\/p>\n<\/li>\n<li data-start=\"225\" data-end=\"336\">\n<p data-start=\"227\" data-end=\"336\"><strong data-start=\"227\" data-end=\"252\">Num\u00e9ro de pi\u00e8ce OEM :<\/strong> 89904-60430 \/ 89904-60432 \/ 89904-60431 \/ 89904-60780 \/ 89904-48E90 \/ 89904-60782<\/p>\n<\/li>\n<li data-start=\"337\" data-end=\"359\">\n<p data-start=\"339\" data-end=\"359\"><strong data-start=\"339\" data-end=\"351\">FCC ID :<\/strong> B53EA<\/p>\n<\/li>\n<li data-start=\"360\" data-end=\"387\">\n<p data-start=\"362\" data-end=\"387\"><strong data-start=\"362\" data-end=\"377\">Fr\u00e9quence :<\/strong> 433 MHz<\/p>\n<\/li>\n<li data-start=\"388\" data-end=\"438\">\n<p data-start=\"390\" data-end=\"438\"><strong data-start=\"390\" data-end=\"403\">Boutons :<\/strong> 2 \/ Verrouillage, D\u00e9verrouillage<\/p>\n<\/li>\n<li data-start=\"439\" data-end=\"462\">\n<p data-start=\"441\" data-end=\"462\"><strong data-start=\"441\" data-end=\"451\">\u00c9tat :<\/strong> Utilis\u00e9e<\/p>\n<\/li>\n<li data-start=\"463\" data-end=\"509\">\n<p data-start=\"465\" data-end=\"509\"><strong data-start=\"465\" data-end=\"503\">Acc\u00e8s sans cl\u00e9 \/ Proximit\u00e9 \/ Intelligent :<\/strong> OUI<\/p>\n<\/li>\n<li data-start=\"510\" data-end=\"561\">\n<p data-start=\"512\" data-end=\"561\"><strong data-start=\"512\" data-end=\"539\">Lame de cl\u00e9 d\u2019urgence :<\/strong> <a href=\"https:\/\/gskeyae.com\/fr\/product\/lame-de-cle-intelligente-toyota-69515-52120\/\">LXP90<\/a> \/ Non incluse<\/p>\n<\/li>\n<\/ul>\n<p data-start=\"563\" data-end=\"607\"><strong data-start=\"563\" data-end=\"605\">Compatible avec les mod\u00e8les suivants :<\/strong><\/p>\n<ul data-start=\"608\" data-end=\"643\">\n<li data-start=\"608\" data-end=\"643\">\n<p data-start=\"610\" data-end=\"643\">Toyota Land Cruiser 2009 &#8211; 2015<\/p>\n<\/li>\n<\/ul>\n<p data-start=\"721\" data-end=\"1005\"><strong data-start=\"721\" data-end=\"735\">Remarque :<\/strong> Avant que la t\u00e9l\u00e9commande puisse d\u00e9marrer le v\u00e9hicule, elle doit \u00eatre programm\u00e9e. Vous devez donc vous rendre chez votre concessionnaire le plus proche ou chez un serrurier automobile local pour programmer la cl\u00e9. La lame de cl\u00e9 d\u2019urgence doit \u00e9galement \u00eatre taill\u00e9e.<\/p>\n","protected":false},"excerpt":{"rendered":"<p>Cl\u00e9 intelligente d\u2019origine Toyota Land Cruiser 2009-2015, 2 boutons, 433MHz, 89904-60430 (Utilis\u00e9e) : Fabricant : Toyota Num\u00e9ro de pi\u00e8ce OEM<\/p>\n","protected":false},"featured_media":116547,"comment_status":"open","ping_status":"closed","template":"","meta":{"_relevanssi_hide_post":"","_relevanssi_hide_content":"","_relevanssi_pin_for_all":"","_relevanssi_pin_keywords":"","_relevanssi_unpin_keywords":"","_relevanssi_related_keywords":"","_relevanssi_related_include_ids":"","_relevanssi_related_exclude_ids":"","_relevanssi_related_no_append":"","_relevanssi_related_not_related":"","_relevanssi_related_posts":"","_relevanssi_noindex_reason":""},"product_brand":[],"product_cat":[2668,2580],"product_tag":[],"class_list":{"0":"post-136609","1":"product","2":"type-product","3":"status-publish","4":"has-post-thumbnail","6":"product_cat-telecommandes-doccasion","7":"product_cat-telecommandes-de-voiture","8":"pa_buttons-2-fr","9":"pa_car-makes-toyota-fr","10":"pa_color-silver-fr","11":"pa_condition-used-fr","12":"pa_frequency-433mhz-fr","13":"pa_manufacturers-genuine-oem-fr","14":"pa_remote-type-proximity-keys-fr","15":"pa_transponder-chip-yes-fr","16":"pa_types-used-remotes-fr","17":"pa_types-car-remotes-fr","19":"first","20":"outofstock","21":"shipping-taxable","22":"purchasable","23":"product-type-simple"},"_links":{"self":[{"href":"https:\/\/gskeyae.com\/fr\/wp-json\/wp\/v2\/product\/136609","targetHints":{"allow":["GET"]}}],"collection":[{"href":"https:\/\/gskeyae.com\/fr\/wp-json\/wp\/v2\/product"}],"about":[{"href":"https:\/\/gskeyae.com\/fr\/wp-json\/wp\/v2\/types\/product"}],"replies":[{"embeddable":true,"href":"https:\/\/gskeyae.com\/fr\/wp-json\/wp\/v2\/comments?post=136609"}],"version-history":[{"count":0,"href":"https:\/\/gskeyae.com\/fr\/wp-json\/wp\/v2\/product\/136609\/revisions"}],"wp:featuredmedia":[{"embeddable":true,"href":"https:\/\/gskeyae.com\/fr\/wp-json\/wp\/v2\/media\/116547"}],"wp:attachment":[{"href":"https:\/\/gskeyae.com\/fr\/wp-json\/wp\/v2\/media?parent=136609"}],"wp:term":[{"taxonomy":"product_brand","embeddable":true,"href":"https:\/\/gskeyae.com\/fr\/wp-json\/wp\/v2\/product_brand?post=136609"},{"taxonomy":"product_cat","embeddable":true,"href":"https:\/\/gskeyae.com\/fr\/wp-json\/wp\/v2\/product_cat?post=136609"},{"taxonomy":"product_tag","embeddable":true,"href":"https:\/\/gskeyae.com\/fr\/wp-json\/wp\/v2\/product_tag?post=136609"}],"curies":[{"name":"wp","href":"https:\/\/api.w.org\/{rel}","templated":true}]}}