{"id":136597,"date":"2023-06-27T15:21:52","date_gmt":"2023-06-27T11:21:52","guid":{"rendered":"https:\/\/gskeyae.com\/?post_type=product&#038;p=136597"},"modified":"2025-12-17T20:04:49","modified_gmt":"2025-12-17T16:04:49","slug":"cle-intelligente-cadillac-13598506","status":"publish","type":"product","link":"https:\/\/gskeyae.com\/fr\/product\/cle-intelligente-cadillac-13598506\/","title":{"rendered":"Cl\u00e9 intelligente Cadillac ATS CTS XTS 2014-2019 4 boutons 315MHz HU100 HYQ2AB 13598506"},"content":{"rendered":"<h2 data-start=\"0\" data-end=\"112\">T\u00e9l\u00e9commande intelligente Cadillac ATS CTS XTS 2014-2019 4 boutons 315MHz HU100 HYQ2AB 13598506 Apr\u00e8s-vente :<\/h2>\n<p data-start=\"114\" data-end=\"549\"><strong data-start=\"114\" data-end=\"129\">Fabricant :<\/strong> Apr\u00e8s-vente<br data-start=\"141\" data-end=\"144\" \/><strong data-start=\"144\" data-end=\"181\">Remplace le num\u00e9ro de pi\u00e8ce OEM :<\/strong> 13598506 \/ 13510253 \/ 13594023<br data-start=\"212\" data-end=\"215\" \/><strong data-start=\"215\" data-end=\"227\">FCC ID :<\/strong> HYQ2AB<br data-start=\"234\" data-end=\"237\" \/><strong data-start=\"237\" data-end=\"245\" data-is-only-node=\"\">IC :<\/strong> 1552A-2AB<br data-start=\"255\" data-end=\"258\" \/><strong data-start=\"258\" data-end=\"273\">Fr\u00e9quence :<\/strong> 315 MHz<br data-start=\"281\" data-end=\"284\" \/><strong data-start=\"284\" data-end=\"302\">Type de pile :<\/strong> <a href=\"https:\/\/gskeyae.com\/fr\/product\/batterie-bouton-lithium-maxell-cr2032\/\">CR2032<\/a><br data-start=\"309\" data-end=\"312\" \/><strong data-start=\"312\" data-end=\"335\">Puce transpondeur :<\/strong> Puce ID46<br data-start=\"345\" data-end=\"348\" \/><strong data-start=\"348\" data-end=\"384\">Acc\u00e8s sans cl\u00e9 \/ Proximit\u00e9 \/ Intelligent :<\/strong> Oui<br data-start=\"388\" data-end=\"391\" \/><strong data-start=\"391\" data-end=\"404\">Boutons :<\/strong> 4 \/ Verrouiller, D\u00e9verrouiller, Alarme, Coffre<br data-start=\"459\" data-end=\"462\" \/><strong data-start=\"462\" data-end=\"489\">Lame de cl\u00e9 d\u2019urgence :<\/strong> identique \u00e0 5922070, 22984994, 22894661 &#8211; <a href=\"https:\/\/gskeyae.com\/fr\/product\/lame-de-cle-durgence-cadillac-hu100-22984994-22894661\/\">HU100<\/a> \/ Incluse<\/p>\n<h3 data-start=\"551\" data-end=\"576\"><strong data-start=\"555\" data-end=\"574\">Compatibilit\u00e9 :<\/strong><\/h3>\n<ul data-start=\"577\" data-end=\"669\">\n<li data-start=\"577\" data-end=\"605\">\n<p data-start=\"579\" data-end=\"605\">2015 &#8211; 2019 Cadillac ATS<\/p>\n<\/li>\n<li data-start=\"606\" data-end=\"640\">\n<p data-start=\"608\" data-end=\"640\">2014 &#8211; 2018 Cadillac CTS Sedan<\/p>\n<\/li>\n<li data-start=\"641\" data-end=\"669\">\n<p data-start=\"643\" data-end=\"669\">2015 &#8211; 2019 Cadillac XTS<\/p>\n<\/li>\n<\/ul>\n<p data-start=\"788\" data-end=\"1087\" data-is-last-node=\"\" data-is-only-node=\"\"><strong data-start=\"788\" data-end=\"802\">Remarque :<\/strong> Avant que la t\u00e9l\u00e9commande puisse d\u00e9marrer le v\u00e9hicule, elle doit \u00eatre programm\u00e9e. Vous devez vous rendre chez votre concessionnaire le plus proche ou chez un serrurier automobile local pour programmer la cl\u00e9 t\u00e9l\u00e9commande. De plus, la lame de cl\u00e9 d\u2019urgence doit \u00e9galement \u00eatre taill\u00e9e.<\/p>\n","protected":false},"excerpt":{"rendered":"<p>T\u00e9l\u00e9commande intelligente Cadillac ATS CTS XTS 2014-2019 4 boutons 315MHz HU100 HYQ2AB 13598506 Apr\u00e8s-vente : Fabricant : Apr\u00e8s-venteRemplace le num\u00e9ro<\/p>\n","protected":false},"featured_media":114384,"comment_status":"open","ping_status":"closed","template":"","meta":{"_relevanssi_hide_post":"","_relevanssi_hide_content":"","_relevanssi_pin_for_all":"","_relevanssi_pin_keywords":"","_relevanssi_unpin_keywords":"","_relevanssi_related_keywords":"","_relevanssi_related_include_ids":"","_relevanssi_related_exclude_ids":"","_relevanssi_related_no_append":"","_relevanssi_related_not_related":"","_relevanssi_related_posts":"","_relevanssi_noindex_reason":""},"product_brand":[],"product_cat":[2580],"product_tag":[],"class_list":{"0":"post-136597","1":"product","2":"type-product","3":"status-publish","4":"has-post-thumbnail","6":"product_cat-telecommandes-de-voiture","7":"pa_buttons-4-fr","8":"pa_car-makes-cadillac-fr","9":"pa_color-black-fr","10":"pa_frequency-315mhz-fr","11":"pa_manufacturers-aftermarket-fr","12":"pa_remote-type-proximity-keys-fr","13":"pa_transponder-chip-yes-fr","14":"pa_types-car-remotes-fr","16":"first","17":"instock","18":"shipping-taxable","19":"purchasable","20":"product-type-simple"},"_links":{"self":[{"href":"https:\/\/gskeyae.com\/fr\/wp-json\/wp\/v2\/product\/136597","targetHints":{"allow":["GET"]}}],"collection":[{"href":"https:\/\/gskeyae.com\/fr\/wp-json\/wp\/v2\/product"}],"about":[{"href":"https:\/\/gskeyae.com\/fr\/wp-json\/wp\/v2\/types\/product"}],"replies":[{"embeddable":true,"href":"https:\/\/gskeyae.com\/fr\/wp-json\/wp\/v2\/comments?post=136597"}],"version-history":[{"count":0,"href":"https:\/\/gskeyae.com\/fr\/wp-json\/wp\/v2\/product\/136597\/revisions"}],"wp:featuredmedia":[{"embeddable":true,"href":"https:\/\/gskeyae.com\/fr\/wp-json\/wp\/v2\/media\/114384"}],"wp:attachment":[{"href":"https:\/\/gskeyae.com\/fr\/wp-json\/wp\/v2\/media?parent=136597"}],"wp:term":[{"taxonomy":"product_brand","embeddable":true,"href":"https:\/\/gskeyae.com\/fr\/wp-json\/wp\/v2\/product_brand?post=136597"},{"taxonomy":"product_cat","embeddable":true,"href":"https:\/\/gskeyae.com\/fr\/wp-json\/wp\/v2\/product_cat?post=136597"},{"taxonomy":"product_tag","embeddable":true,"href":"https:\/\/gskeyae.com\/fr\/wp-json\/wp\/v2\/product_tag?post=136597"}],"curies":[{"name":"wp","href":"https:\/\/api.w.org\/{rel}","templated":true}]}}