{"id":136583,"date":"2023-06-27T17:07:12","date_gmt":"2023-06-27T13:07:12","guid":{"rendered":"https:\/\/gskeyae.com\/?post_type=product&#038;p=136583"},"modified":"2026-02-24T11:33:18","modified_gmt":"2026-02-24T07:33:18","slug":"cle-intelligente-honda-odyssey-72147-tk8-a51","status":"publish","type":"product","link":"https:\/\/gskeyae.com\/fr\/product\/cle-intelligente-honda-odyssey-72147-tk8-a51\/","title":{"rendered":"Cl\u00e9 intelligente Honda Odyssey 2014-2017 6 boutons 315MHz KR5V1X 72147-TK8-A51"},"content":{"rendered":"<h2 data-start=\"46\" data-end=\"158\">Cl\u00e9 intelligente Honda Odyssey 2014-2017 6 boutons 315MHz KR5V1X 72147-TK8-A51 Pi\u00e8ce de rechange :<\/h2>\n<p data-start=\"160\" data-end=\"628\"><strong data-start=\"160\" data-end=\"175\">Fabricant : <\/strong>Pi\u00e8ce de rechange<br \/>\n<strong data-start=\"190\" data-end=\"221\">Remplace la r\u00e9f\u00e9rence OEM :<\/strong> 72147-TK8-A51, 72147TK8A51 \/ A2C83158300<br data-start=\"262\" data-end=\"265\" \/><strong data-start=\"265\" data-end=\"277\">FCC ID :<\/strong> KR5V1X<br data-start=\"284\" data-end=\"287\" \/><strong data-start=\"287\" data-end=\"295\">IC :<\/strong> 7812D-V1X<br data-start=\"305\" data-end=\"308\" \/><strong data-start=\"308\" data-end=\"323\" data-is-only-node=\"\">Fr\u00e9quence :<\/strong> 315 MHz<br data-start=\"331\" data-end=\"334\" \/><strong data-start=\"334\" data-end=\"352\">Type de pile :<\/strong> <a href=\"https:\/\/gskeyae.com\/fr\/product\/batterie-bouton-lithium-maxell-cr2032\/\">CR2032<\/a><br data-start=\"359\" data-end=\"362\" \/><strong data-start=\"362\" data-end=\"385\">Puce transpondeur :<\/strong> HITAG3<br data-start=\"392\" data-end=\"395\" \/><strong data-start=\"395\" data-end=\"431\">Acc\u00e8s sans cl\u00e9 \/ Proximit\u00e9 \/ Intelligent :<\/strong> OUI<br data-start=\"435\" data-end=\"438\" \/><strong data-start=\"438\" data-end=\"451\">Boutons :<\/strong> 6 \/ Verrouillage, D\u00e9verrouillage, Porte coulissante gauche, Porte coulissante droite, Coffre, Alarme<br data-start=\"552\" data-end=\"555\" \/><strong data-start=\"555\" data-end=\"582\">Lame de cl\u00e9 d\u2019urgence :<\/strong> identique \u00e0 35118-T2A-A50 &#8211; <a href=\"https:\/\/gskeyae.com\/fr\/product\/lame-de-cle-intelligente-honda-hon66-35118-t2a-a50\/\">HON66<\/a> \/ Incluse<\/p>\n<p data-start=\"630\" data-end=\"674\"><strong data-start=\"630\" data-end=\"672\">Compatible avec les mod\u00e8les suivants :<\/strong><\/p>\n<ul data-start=\"675\" data-end=\"739\">\n<li data-start=\"675\" data-end=\"708\">\n<p data-start=\"677\" data-end=\"708\">2014 &#8211; 2017 Honda Odyssey EXL<\/p>\n<\/li>\n<li data-start=\"709\" data-end=\"739\">\n<p data-start=\"711\" data-end=\"739\">2017 Honda Odyssey Touring<\/p>\n<\/li>\n<\/ul>\n","protected":false},"excerpt":{"rendered":"<p>Cl\u00e9 intelligente Honda Odyssey 2014-2017 6 boutons 315MHz KR5V1X 72147-TK8-A51 Pi\u00e8ce de rechange : Fabricant : Pi\u00e8ce de rechange Remplace<\/p>\n","protected":false},"featured_media":114408,"comment_status":"open","ping_status":"closed","template":"","meta":{"_relevanssi_hide_post":"","_relevanssi_hide_content":"","_relevanssi_pin_for_all":"","_relevanssi_pin_keywords":"","_relevanssi_unpin_keywords":"","_relevanssi_related_keywords":"","_relevanssi_related_include_ids":"","_relevanssi_related_exclude_ids":"","_relevanssi_related_no_append":"","_relevanssi_related_not_related":"","_relevanssi_related_posts":"","_relevanssi_noindex_reason":""},"product_brand":[],"product_cat":[2580],"product_tag":[],"class_list":{"0":"post-136583","1":"product","2":"type-product","3":"status-publish","4":"has-post-thumbnail","6":"product_cat-telecommandes-de-voiture","7":"pa_buttons-6-fr","8":"pa_car-makes-honda-fr","9":"pa_color-black-fr","10":"pa_frequency-315mhz-fr","11":"pa_manufacturers-aftermarket-fr","12":"pa_remote-type-proximity-keys-fr","13":"pa_transponder-chip-yes-fr","14":"pa_types-car-remotes-fr","16":"first","17":"instock","18":"shipping-taxable","19":"purchasable","20":"product-type-simple"},"_links":{"self":[{"href":"https:\/\/gskeyae.com\/fr\/wp-json\/wp\/v2\/product\/136583","targetHints":{"allow":["GET"]}}],"collection":[{"href":"https:\/\/gskeyae.com\/fr\/wp-json\/wp\/v2\/product"}],"about":[{"href":"https:\/\/gskeyae.com\/fr\/wp-json\/wp\/v2\/types\/product"}],"replies":[{"embeddable":true,"href":"https:\/\/gskeyae.com\/fr\/wp-json\/wp\/v2\/comments?post=136583"}],"version-history":[{"count":0,"href":"https:\/\/gskeyae.com\/fr\/wp-json\/wp\/v2\/product\/136583\/revisions"}],"wp:featuredmedia":[{"embeddable":true,"href":"https:\/\/gskeyae.com\/fr\/wp-json\/wp\/v2\/media\/114408"}],"wp:attachment":[{"href":"https:\/\/gskeyae.com\/fr\/wp-json\/wp\/v2\/media?parent=136583"}],"wp:term":[{"taxonomy":"product_brand","embeddable":true,"href":"https:\/\/gskeyae.com\/fr\/wp-json\/wp\/v2\/product_brand?post=136583"},{"taxonomy":"product_cat","embeddable":true,"href":"https:\/\/gskeyae.com\/fr\/wp-json\/wp\/v2\/product_cat?post=136583"},{"taxonomy":"product_tag","embeddable":true,"href":"https:\/\/gskeyae.com\/fr\/wp-json\/wp\/v2\/product_tag?post=136583"}],"curies":[{"name":"wp","href":"https:\/\/api.w.org\/{rel}","templated":true}]}}