{"id":136041,"date":"2023-08-07T10:12:46","date_gmt":"2023-08-07T06:12:46","guid":{"rendered":"https:\/\/gskeyae.com\/?post_type=product&#038;p=136041"},"modified":"2026-04-09T19:33:10","modified_gmt":"2026-04-09T15:33:10","slug":"cle-intelligente-mitsubishi-lancer-8637a663-usee","status":"publish","type":"product","link":"https:\/\/gskeyae.com\/fr\/product\/cle-intelligente-mitsubishi-lancer-8637a663-usee\/","title":{"rendered":"T\u00e9l\u00e9commande Cl\u00e9 Intelligente Mitsubishi Lancer 2008-2014 3 Boutons 433MHz 8637A663 (US\u00c9E)"},"content":{"rendered":"<h2 data-start=\"0\" data-end=\"119\">T\u00e9l\u00e9commande Cl\u00e9 Intelligente Mitsubishi Lancer 2008-2014 3 Boutons 433MHz Puce ID46 8637A663 (US\u00c9E) :<\/h2>\n<p data-start=\"121\" data-end=\"548\"><strong data-start=\"121\" data-end=\"136\">Fabricant :<\/strong> Mitsubishi \/ Original<br data-start=\"162\" data-end=\"165\" \/><strong data-start=\"165\" data-end=\"190\">Num\u00e9ro de pi\u00e8ce OEM :<\/strong> 8637A663<br data-start=\"199\" data-end=\"202\" \/><strong data-start=\"202\" data-end=\"214\">FCC ID :<\/strong> G8D-644M-KEY-E<br data-start=\"229\" data-end=\"232\" data-is-only-node=\"\" \/><strong data-start=\"232\" data-end=\"242\">\u00c9tat :<\/strong> US\u00c9E<br data-start=\"247\" data-end=\"250\" \/><strong data-start=\"250\" data-end=\"265\">Fr\u00e9quence :<\/strong> 433MHz<br data-start=\"272\" data-end=\"275\" \/><strong data-start=\"275\" data-end=\"297\">Type de batterie :<\/strong> <a href=\"https:\/\/gskeyae.com\/fr\/product\/batterie-bouton-lithium-maxell-cr2032\/\">CR2032<\/a><br data-start=\"304\" data-end=\"307\" \/><strong data-start=\"307\" data-end=\"320\">Boutons :<\/strong> 3 (Verrouillage, D\u00e9verrouillage, Coffre)<br data-start=\"361\" data-end=\"364\" \/><strong data-start=\"364\" data-end=\"409\">Acc\u00e8s sans cl\u00e9 \/ Proximit\u00e9 \/ Intelligent :<\/strong> Oui<br data-start=\"413\" data-end=\"416\" \/><strong data-start=\"416\" data-end=\"439\">Puce transpondeur :<\/strong> PCF7952A \/ HITAG 2 \/ ID46<br data-start=\"465\" data-end=\"468\" \/><strong data-start=\"468\" data-end=\"495\">Lame de cl\u00e9 d\u2019urgence :<\/strong> M\u00eame r\u00e9f\u00e9rence que 6370A770 &#8211; <a href=\"https:\/\/gskeyae.com\/fr\/product\/lame-de-cle-durgence-mitsubishi-mit11r-6370a770\/\">MIT11R<\/a> \/ Non incluse<\/p>\n<p data-start=\"550\" data-end=\"588\"><strong data-start=\"550\" data-end=\"586\">Compatibilit\u00e9 avec les mod\u00e8les :<\/strong><\/p>\n<ul data-start=\"589\" data-end=\"624\">\n<li data-start=\"589\" data-end=\"624\">\n<p data-start=\"591\" data-end=\"624\">Mitsubishi Lancer : 2008 \u2013 2014<\/p>\n<\/li>\n<\/ul>\n","protected":false},"excerpt":{"rendered":"<p>T\u00e9l\u00e9commande Cl\u00e9 Intelligente Mitsubishi Lancer 2008-2014 3 Boutons 433MHz Puce ID46 8637A663 (US\u00c9E) : Fabricant : Mitsubishi \/ OriginalNum\u00e9ro de<\/p>\n","protected":false},"featured_media":115347,"comment_status":"open","ping_status":"closed","template":"elementor_theme","meta":{"_relevanssi_hide_post":"","_relevanssi_hide_content":"","_relevanssi_pin_for_all":"","_relevanssi_pin_keywords":"","_relevanssi_unpin_keywords":"","_relevanssi_related_keywords":"","_relevanssi_related_include_ids":"","_relevanssi_related_exclude_ids":"","_relevanssi_related_no_append":"","_relevanssi_related_not_related":"","_relevanssi_related_posts":"","_relevanssi_noindex_reason":""},"product_brand":[],"product_cat":[2668,2580],"product_tag":[],"class_list":{"0":"post-136041","1":"product","2":"type-product","3":"status-publish","4":"has-post-thumbnail","6":"product_cat-telecommandes-doccasion","7":"product_cat-telecommandes-de-voiture","8":"pa_buttons-3-fr","9":"pa_car-makes-mitsubishi-fr","10":"pa_color-black-fr","11":"pa_condition-used-fr","12":"pa_frequency-433mhz-fr","13":"pa_manufacturers-genuine-oem-fr","14":"pa_remote-type-proximity-keys-fr","15":"pa_transponder-chip-yes-fr","16":"pa_types-used-remotes-fr","17":"pa_types-car-remotes-fr","19":"first","20":"instock","21":"shipping-taxable","22":"purchasable","23":"product-type-simple"},"_links":{"self":[{"href":"https:\/\/gskeyae.com\/fr\/wp-json\/wp\/v2\/product\/136041","targetHints":{"allow":["GET"]}}],"collection":[{"href":"https:\/\/gskeyae.com\/fr\/wp-json\/wp\/v2\/product"}],"about":[{"href":"https:\/\/gskeyae.com\/fr\/wp-json\/wp\/v2\/types\/product"}],"replies":[{"embeddable":true,"href":"https:\/\/gskeyae.com\/fr\/wp-json\/wp\/v2\/comments?post=136041"}],"version-history":[{"count":0,"href":"https:\/\/gskeyae.com\/fr\/wp-json\/wp\/v2\/product\/136041\/revisions"}],"wp:featuredmedia":[{"embeddable":true,"href":"https:\/\/gskeyae.com\/fr\/wp-json\/wp\/v2\/media\/115347"}],"wp:attachment":[{"href":"https:\/\/gskeyae.com\/fr\/wp-json\/wp\/v2\/media?parent=136041"}],"wp:term":[{"taxonomy":"product_brand","embeddable":true,"href":"https:\/\/gskeyae.com\/fr\/wp-json\/wp\/v2\/product_brand?post=136041"},{"taxonomy":"product_cat","embeddable":true,"href":"https:\/\/gskeyae.com\/fr\/wp-json\/wp\/v2\/product_cat?post=136041"},{"taxonomy":"product_tag","embeddable":true,"href":"https:\/\/gskeyae.com\/fr\/wp-json\/wp\/v2\/product_tag?post=136041"}],"curies":[{"name":"wp","href":"https:\/\/api.w.org\/{rel}","templated":true}]}}