{"id":136030,"date":"2023-08-07T15:13:49","date_gmt":"2023-08-07T11:13:49","guid":{"rendered":"https:\/\/gskeyae.com\/?post_type=product&#038;p=136030"},"modified":"2026-04-13T15:33:22","modified_gmt":"2026-04-13T11:33:22","slug":"telecommande-gm-5922377-usee","status":"publish","type":"product","link":"https:\/\/gskeyae.com\/fr\/product\/telecommande-gm-5922377-usee\/","title":{"rendered":"T\u00e9l\u00e9commande d\u2019Entr\u00e9e Sans Cl\u00e9 GM 5 Boutons 315MHz OUC60221 \/ OUC60270 \/ 5922377 2007-2017 (US\u00c9E)"},"content":{"rendered":"<h2 data-start=\"0\" data-end=\"126\">T\u00e9l\u00e9commande d\u2019Entr\u00e9e Sans Cl\u00e9 GM 5 Boutons 315MHz IC : 850K60270, FCC ID : OUC60221 \/ OUC60270, R\u00e9f. : 5922377 (US\u00c9E) :<\/h2>\n<p data-start=\"128\" data-end=\"456\"><strong data-start=\"128\" data-end=\"143\">Fabricant :<\/strong> Original<br data-start=\"156\" data-end=\"159\" \/><strong data-start=\"159\" data-end=\"185\">Num\u00e9ros de pi\u00e8ce OEM :<\/strong> 22756459 \/ 22951509 \/ STRATTEC 5922377<br data-start=\"224\" data-end=\"227\" \/><strong data-start=\"227\" data-end=\"239\">FCC ID :<\/strong> OUC60221 \/ OUC60270<br data-start=\"259\" data-end=\"262\" \/><strong data-start=\"262\" data-end=\"270\" data-is-only-node=\"\">IC :<\/strong> 850K60270 \/ 850K60221<br data-start=\"292\" data-end=\"295\" \/><strong data-start=\"295\" data-end=\"310\">Fr\u00e9quence :<\/strong> 315MHz<br data-start=\"317\" data-end=\"320\" \/><strong data-start=\"320\" data-end=\"330\">\u00c9tat :<\/strong> US\u00c9E<br data-start=\"335\" data-end=\"338\" \/><strong data-start=\"338\" data-end=\"360\">Type de batterie :<\/strong> <a href=\"https:\/\/gskeyae.com\/fr\/product\/batterie-bouton-lithium-maxell-cr2032\/\">CR2032<\/a><br data-start=\"367\" data-end=\"370\" \/><strong data-start=\"370\" data-end=\"383\">Boutons :<\/strong> 5 (Verrouillage, D\u00e9verrouillage, Panique, D\u00e9marrage \u00e0 distance, Hayon)<\/p>\n<p data-start=\"458\" data-end=\"496\"><strong data-start=\"458\" data-end=\"494\">Compatibilit\u00e9 avec les mod\u00e8les :<\/strong><\/p>\n<ul data-start=\"497\" data-end=\"791\">\n<li data-start=\"497\" data-end=\"528\">\n<p data-start=\"499\" data-end=\"528\">Buick Enclave : 2007 \u2013 2017<\/p>\n<\/li>\n<li data-start=\"529\" data-end=\"564\">\n<p data-start=\"531\" data-end=\"564\">Cadillac Escalade : 2007 \u2013 2010<\/p>\n<\/li>\n<li data-start=\"565\" data-end=\"593\">\n<p data-start=\"567\" data-end=\"593\">Chevrolet Equinox : 2010<\/p>\n<\/li>\n<li data-start=\"594\" data-end=\"630\">\n<p data-start=\"596\" data-end=\"630\">Chevrolet Suburban : 2007 \u2013 2014<\/p>\n<\/li>\n<li data-start=\"631\" data-end=\"664\">\n<p data-start=\"633\" data-end=\"664\">Chevrolet Tahoe : 2007 \u2013 2014<\/p>\n<\/li>\n<li data-start=\"665\" data-end=\"701\">\n<p data-start=\"667\" data-end=\"701\">Chevrolet Traverse : 2007 \u2013 2017<\/p>\n<\/li>\n<li data-start=\"702\" data-end=\"730\">\n<p data-start=\"704\" data-end=\"730\">GMC Acadia : 2007 \u2013 2016<\/p>\n<\/li>\n<li data-start=\"731\" data-end=\"758\">\n<p data-start=\"733\" data-end=\"758\">GMC Yukon : 2007 \u2013 2014<\/p>\n<\/li>\n<li data-start=\"759\" data-end=\"791\">\n<p data-start=\"761\" data-end=\"791\">Saturn Outlook : 2007 \u2013 2010<\/p>\n<\/li>\n<\/ul>\n","protected":false},"excerpt":{"rendered":"<p>T\u00e9l\u00e9commande d\u2019Entr\u00e9e Sans Cl\u00e9 GM 5 Boutons 315MHz IC : 850K60270, FCC ID : OUC60221 \/ OUC60270, R\u00e9f. : 5922377<\/p>\n","protected":false},"featured_media":115381,"comment_status":"open","ping_status":"closed","template":"elementor_theme","meta":{"_relevanssi_hide_post":"","_relevanssi_hide_content":"","_relevanssi_pin_for_all":"","_relevanssi_pin_keywords":"","_relevanssi_unpin_keywords":"","_relevanssi_related_keywords":"","_relevanssi_related_include_ids":"","_relevanssi_related_exclude_ids":"","_relevanssi_related_no_append":"","_relevanssi_related_not_related":"","_relevanssi_related_posts":"","_relevanssi_noindex_reason":""},"product_brand":[],"product_cat":[2668,2580],"product_tag":[],"class_list":{"0":"post-136030","1":"product","2":"type-product","3":"status-publish","4":"has-post-thumbnail","6":"product_cat-telecommandes-doccasion","7":"product_cat-telecommandes-de-voiture","8":"pa_buttons-5-fr","9":"pa_car-makes-buick-fr","10":"pa_car-makes-cadillac-fr","11":"pa_car-makes-chevrolet-fr","12":"pa_car-makes-gmc-fr","13":"pa_car-makes-saturn-fr","14":"pa_color-black-fr","15":"pa_condition-used-fr","16":"pa_frequency-315mhz-fr","17":"pa_manufacturers-genuine-oem-fr","18":"pa_remote-type-non-proximity-keys-fr","19":"pa_transponder-chip-no-fr","20":"pa_types-used-remotes-fr","21":"pa_types-car-remotes-fr","23":"first","24":"instock","25":"shipping-taxable","26":"purchasable","27":"product-type-simple"},"_links":{"self":[{"href":"https:\/\/gskeyae.com\/fr\/wp-json\/wp\/v2\/product\/136030","targetHints":{"allow":["GET"]}}],"collection":[{"href":"https:\/\/gskeyae.com\/fr\/wp-json\/wp\/v2\/product"}],"about":[{"href":"https:\/\/gskeyae.com\/fr\/wp-json\/wp\/v2\/types\/product"}],"replies":[{"embeddable":true,"href":"https:\/\/gskeyae.com\/fr\/wp-json\/wp\/v2\/comments?post=136030"}],"version-history":[{"count":0,"href":"https:\/\/gskeyae.com\/fr\/wp-json\/wp\/v2\/product\/136030\/revisions"}],"wp:featuredmedia":[{"embeddable":true,"href":"https:\/\/gskeyae.com\/fr\/wp-json\/wp\/v2\/media\/115381"}],"wp:attachment":[{"href":"https:\/\/gskeyae.com\/fr\/wp-json\/wp\/v2\/media?parent=136030"}],"wp:term":[{"taxonomy":"product_brand","embeddable":true,"href":"https:\/\/gskeyae.com\/fr\/wp-json\/wp\/v2\/product_brand?post=136030"},{"taxonomy":"product_cat","embeddable":true,"href":"https:\/\/gskeyae.com\/fr\/wp-json\/wp\/v2\/product_cat?post=136030"},{"taxonomy":"product_tag","embeddable":true,"href":"https:\/\/gskeyae.com\/fr\/wp-json\/wp\/v2\/product_tag?post=136030"}],"curies":[{"name":"wp","href":"https:\/\/api.w.org\/{rel}","templated":true}]}}