{"id":135940,"date":"2023-08-14T12:10:03","date_gmt":"2023-08-14T08:10:03","guid":{"rendered":"https:\/\/gskeyae.com\/?post_type=product&#038;p=135940"},"modified":"2026-03-30T15:33:13","modified_gmt":"2026-03-30T11:33:13","slug":"cle-mitsubishi-asx-mit11r-6370b941-doccasion","status":"publish","type":"product","link":"https:\/\/gskeyae.com\/fr\/product\/cle-mitsubishi-asx-mit11r-6370b941-doccasion\/","title":{"rendered":"Cl\u00e9 t\u00e9l\u00e9commande originale Mitsubishi ASX 2017-2018 2 boutons 433MHz MIT11R 6370B941 (d\u2019occasion)"},"content":{"rendered":"<h2 data-start=\"42\" data-end=\"151\">Cl\u00e9 t\u00e9l\u00e9commande originale Mitsubishi ASX 2017-2018, 2 boutons, 433MHz, MIT11R, 6370B941 (d\u2019occasion) :<\/h2>\n<p data-start=\"153\" data-end=\"438\"><strong data-start=\"153\" data-end=\"168\">Fabricant :<\/strong> Mitsubishi\u00a0<br data-start=\"193\" data-end=\"196\" \/><strong data-start=\"196\" data-end=\"221\">Num\u00e9ro de pi\u00e8ce OEM :<\/strong> 6370B941<br data-start=\"230\" data-end=\"233\" \/><strong data-start=\"233\" data-end=\"243\">\u00c9tat :<\/strong> D\u2019OCCASION<br data-start=\"254\" data-end=\"257\" data-is-only-node=\"\" \/><strong data-start=\"257\" data-end=\"272\">Fr\u00e9quence :<\/strong> 433MHz<br data-start=\"279\" data-end=\"282\" \/><strong data-start=\"282\" data-end=\"304\">Type de batterie :<\/strong> CR1620<br data-start=\"311\" data-end=\"314\" \/><strong data-start=\"314\" data-end=\"327\">Boutons :<\/strong> 2 \/ Verrouiller, D\u00e9verrouiller<br data-start=\"358\" data-end=\"361\" \/><strong data-start=\"361\" data-end=\"378\">Lame de cl\u00e9 :<\/strong> MIT11R<br data-start=\"385\" data-end=\"388\" \/><strong data-start=\"388\" data-end=\"411\">Puce transpondeur :<\/strong> HITAG 2 \/ PCF7961 \/ ID46<\/p>\n<p data-start=\"440\" data-end=\"461\"><strong data-start=\"440\" data-end=\"459\">Compatibilit\u00e9 :<\/strong><\/p>\n<ul data-start=\"462\" data-end=\"492\" data-is-last-node=\"\" data-is-only-node=\"\">\n<li data-start=\"462\" data-end=\"492\" data-is-last-node=\"\">\n<p data-start=\"464\" data-end=\"492\" data-is-last-node=\"\">Mitsubishi ASX : 2017 &#8211; 2018<\/p>\n<\/li>\n<\/ul>\n","protected":false},"excerpt":{"rendered":"<p>Cl\u00e9 t\u00e9l\u00e9commande originale Mitsubishi ASX 2017-2018, 2 boutons, 433MHz, MIT11R, 6370B941 (d\u2019occasion) : Fabricant : Mitsubishi\u00a0Num\u00e9ro de pi\u00e8ce OEM :<\/p>\n","protected":false},"featured_media":115619,"comment_status":"open","ping_status":"closed","template":"elementor_theme","meta":{"_relevanssi_hide_post":"","_relevanssi_hide_content":"","_relevanssi_pin_for_all":"","_relevanssi_pin_keywords":"","_relevanssi_unpin_keywords":"","_relevanssi_related_keywords":"","_relevanssi_related_include_ids":"","_relevanssi_related_exclude_ids":"","_relevanssi_related_no_append":"","_relevanssi_related_not_related":"","_relevanssi_related_posts":"","_relevanssi_noindex_reason":""},"product_brand":[],"product_cat":[2668,2580],"product_tag":[],"class_list":{"0":"post-135940","1":"product","2":"type-product","3":"status-publish","4":"has-post-thumbnail","6":"product_cat-telecommandes-doccasion","7":"product_cat-telecommandes-de-voiture","8":"pa_buttons-2-fr","9":"pa_car-makes-mitsubishi-fr","10":"pa_color-black-fr","11":"pa_condition-used-fr","12":"pa_frequency-433mhz-fr","13":"pa_manufacturers-genuine-oem-fr","14":"pa_remote-type-remote-head-keys-fr","15":"pa_transponder-chip-yes-fr","16":"pa_types-used-remotes-fr","17":"pa_types-car-remotes-fr","19":"first","20":"instock","21":"shipping-taxable","22":"purchasable","23":"product-type-simple"},"_links":{"self":[{"href":"https:\/\/gskeyae.com\/fr\/wp-json\/wp\/v2\/product\/135940","targetHints":{"allow":["GET"]}}],"collection":[{"href":"https:\/\/gskeyae.com\/fr\/wp-json\/wp\/v2\/product"}],"about":[{"href":"https:\/\/gskeyae.com\/fr\/wp-json\/wp\/v2\/types\/product"}],"replies":[{"embeddable":true,"href":"https:\/\/gskeyae.com\/fr\/wp-json\/wp\/v2\/comments?post=135940"}],"version-history":[{"count":0,"href":"https:\/\/gskeyae.com\/fr\/wp-json\/wp\/v2\/product\/135940\/revisions"}],"wp:featuredmedia":[{"embeddable":true,"href":"https:\/\/gskeyae.com\/fr\/wp-json\/wp\/v2\/media\/115619"}],"wp:attachment":[{"href":"https:\/\/gskeyae.com\/fr\/wp-json\/wp\/v2\/media?parent=135940"}],"wp:term":[{"taxonomy":"product_brand","embeddable":true,"href":"https:\/\/gskeyae.com\/fr\/wp-json\/wp\/v2\/product_brand?post=135940"},{"taxonomy":"product_cat","embeddable":true,"href":"https:\/\/gskeyae.com\/fr\/wp-json\/wp\/v2\/product_cat?post=135940"},{"taxonomy":"product_tag","embeddable":true,"href":"https:\/\/gskeyae.com\/fr\/wp-json\/wp\/v2\/product_tag?post=135940"}],"curies":[{"name":"wp","href":"https:\/\/api.w.org\/{rel}","templated":true}]}}