{"id":135928,"date":"2023-08-14T17:31:39","date_gmt":"2023-08-14T13:31:39","guid":{"rendered":"https:\/\/gskeyae.com\/?post_type=product&#038;p=135928"},"modified":"2025-12-17T20:06:42","modified_gmt":"2025-12-17T16:06:42","slug":"telecommande-kia-optima-95430-2g201-doccasion","status":"publish","type":"product","link":"https:\/\/gskeyae.com\/fr\/product\/telecommande-kia-optima-95430-2g201-doccasion\/","title":{"rendered":"T\u00e9l\u00e9commande originale KIA Optima 2006-2010 4 boutons 315MHz OSLOKA-310T 95430-2G201 (d\u2019occasion)"},"content":{"rendered":"<h2 data-start=\"42\" data-end=\"195\">T\u00e9l\u00e9commande originale KIA Optima 2006-2010, 4 boutons, 315MHz, mod\u00e8le OKA-310T, FCC ID : OSLOKA-310T, 95430-2G201 (d\u2019occasion) :<\/h2>\n<p data-start=\"197\" data-end=\"565\"><strong data-start=\"197\" data-end=\"212\">Fabricant :<\/strong> KIA<br data-start=\"230\" data-end=\"233\" \/><strong data-start=\"233\" data-end=\"259\">Num\u00e9ros de pi\u00e8ce OEM :<\/strong> 95430-2G200, 95430-2G201, 95430-2G202<br data-start=\"297\" data-end=\"300\" \/><strong data-start=\"300\" data-end=\"312\">ID FCC :<\/strong> OSLOKA-310T, OSLOKA310T<br data-start=\"336\" data-end=\"339\" \/><strong data-start=\"339\" data-end=\"351\" data-is-only-node=\"\">Canada :<\/strong> 850F-OKA310T<br data-start=\"364\" data-end=\"367\" \/><strong data-start=\"367\" data-end=\"379\">Mod\u00e8le :<\/strong> OKA-310T<br data-start=\"388\" data-end=\"391\" \/><strong data-start=\"391\" data-end=\"401\">\u00c9tat :<\/strong> D\u2019OCCASION<br data-start=\"412\" data-end=\"415\" \/><strong data-start=\"415\" data-end=\"430\">Fr\u00e9quence :<\/strong> 315MHz<br data-start=\"437\" data-end=\"440\" \/><strong data-start=\"440\" data-end=\"463\">Puce transpondeur :<\/strong> Non<br data-start=\"467\" data-end=\"470\" \/><strong data-start=\"470\" data-end=\"492\">Type de batterie :<\/strong> <a href=\"https:\/\/gskeyae.com\/fr\/product\/batterie-bouton-lithium-maxell-cr2032\/\">CR2032<\/a><br data-start=\"499\" data-end=\"502\" \/><strong data-start=\"502\" data-end=\"515\">Boutons :<\/strong> 4 \/ Verrouiller, D\u00e9verrouiller, Coffre, Panique<\/p>\n<p data-start=\"567\" data-end=\"588\"><strong data-start=\"567\" data-end=\"586\">Compatibilit\u00e9 :<\/strong><\/p>\n<ul data-start=\"589\" data-end=\"615\">\n<li data-start=\"589\" data-end=\"615\">\n<p data-start=\"591\" data-end=\"615\">KIA Optima 2006 &#8211; 2010<\/p>\n<\/li>\n<\/ul>\n","protected":false},"excerpt":{"rendered":"<p>T\u00e9l\u00e9commande originale KIA Optima 2006-2010, 4 boutons, 315MHz, mod\u00e8le OKA-310T, FCC ID : OSLOKA-310T, 95430-2G201 (d\u2019occasion) : Fabricant : KIANum\u00e9ros<\/p>\n","protected":false},"featured_media":115661,"comment_status":"open","ping_status":"closed","template":"elementor_theme","meta":{"_relevanssi_hide_post":"","_relevanssi_hide_content":"","_relevanssi_pin_for_all":"","_relevanssi_pin_keywords":"","_relevanssi_unpin_keywords":"","_relevanssi_related_keywords":"","_relevanssi_related_include_ids":"","_relevanssi_related_exclude_ids":"","_relevanssi_related_no_append":"","_relevanssi_related_not_related":"","_relevanssi_related_posts":"","_relevanssi_noindex_reason":""},"product_brand":[],"product_cat":[2668,2580],"product_tag":[],"class_list":{"0":"post-135928","1":"product","2":"type-product","3":"status-publish","4":"has-post-thumbnail","6":"product_cat-telecommandes-doccasion","7":"product_cat-telecommandes-de-voiture","8":"pa_buttons-4-fr","9":"pa_car-makes-kia-fr","10":"pa_color-black-fr","11":"pa_condition-used-fr","12":"pa_frequency-315mhz-fr","13":"pa_manufacturers-genuine-oem-fr","14":"pa_remote-type-non-proximity-keys-fr","15":"pa_transponder-chip-no-fr","16":"pa_types-used-remotes-fr","17":"pa_types-car-remotes-fr","19":"first","20":"outofstock","21":"shipping-taxable","22":"purchasable","23":"product-type-simple"},"_links":{"self":[{"href":"https:\/\/gskeyae.com\/fr\/wp-json\/wp\/v2\/product\/135928","targetHints":{"allow":["GET"]}}],"collection":[{"href":"https:\/\/gskeyae.com\/fr\/wp-json\/wp\/v2\/product"}],"about":[{"href":"https:\/\/gskeyae.com\/fr\/wp-json\/wp\/v2\/types\/product"}],"replies":[{"embeddable":true,"href":"https:\/\/gskeyae.com\/fr\/wp-json\/wp\/v2\/comments?post=135928"}],"version-history":[{"count":0,"href":"https:\/\/gskeyae.com\/fr\/wp-json\/wp\/v2\/product\/135928\/revisions"}],"wp:featuredmedia":[{"embeddable":true,"href":"https:\/\/gskeyae.com\/fr\/wp-json\/wp\/v2\/media\/115661"}],"wp:attachment":[{"href":"https:\/\/gskeyae.com\/fr\/wp-json\/wp\/v2\/media?parent=135928"}],"wp:term":[{"taxonomy":"product_brand","embeddable":true,"href":"https:\/\/gskeyae.com\/fr\/wp-json\/wp\/v2\/product_brand?post=135928"},{"taxonomy":"product_cat","embeddable":true,"href":"https:\/\/gskeyae.com\/fr\/wp-json\/wp\/v2\/product_cat?post=135928"},{"taxonomy":"product_tag","embeddable":true,"href":"https:\/\/gskeyae.com\/fr\/wp-json\/wp\/v2\/product_tag?post=135928"}],"curies":[{"name":"wp","href":"https:\/\/api.w.org\/{rel}","templated":true}]}}