{"id":134872,"date":"2023-09-21T15:38:14","date_gmt":"2023-09-21T11:38:14","guid":{"rendered":"https:\/\/gskeyae.com\/?post_type=product&#038;p=134872"},"modified":"2025-12-17T20:04:35","modified_gmt":"2025-12-17T16:04:35","slug":"cle-intelligente-hyundai-kona-95440-j9250","status":"publish","type":"product","link":"https:\/\/gskeyae.com\/fr\/product\/cle-intelligente-hyundai-kona-95440-j9250\/","title":{"rendered":"T\u00e9l\u00e9commande intelligente d&rsquo;origine Hyundai Kona 2022 5 boutons 433MHz FOB-4F41 95440-J9250"},"content":{"rendered":"<h2 data-start=\"0\" data-end=\"128\">T\u00e9l\u00e9commande intelligente d&rsquo;origine Hyundai Kona 2022 \u2013 5 boutons, 433 MHz, FCC ID : FOB-4F41 95440-J9250 :<\/h2>\n<p data-start=\"130\" data-end=\"590\"><strong data-start=\"130\" data-end=\"145\">Fabricant :<\/strong> Hyundai \/ Pi\u00e8ce d&rsquo;origine<br data-start=\"185\" data-end=\"188\" \/><strong data-start=\"188\" data-end=\"213\">Num\u00e9ro de pi\u00e8ce OEM :<\/strong> 95440-J9250<br data-start=\"225\" data-end=\"228\" \/><strong data-start=\"228\" data-end=\"240\">FCC ID :<\/strong> FOB-4F41<br data-start=\"249\" data-end=\"252\" data-is-only-node=\"\" \/><strong data-start=\"252\" data-end=\"262\">\u00c9tat :<\/strong> Neuf<br data-start=\"279\" data-end=\"282\" \/><strong data-start=\"282\" data-end=\"297\">Fr\u00e9quence :<\/strong> 433 MHz<br data-start=\"305\" data-end=\"308\" \/><strong data-start=\"308\" data-end=\"330\">Type de batterie :<\/strong> <a href=\"https:\/\/gskeyae.com\/fr\/product\/batterie-bouton-lithium-maxell-cr2032\/\">CR2032<\/a><br data-start=\"337\" data-end=\"340\" \/><strong data-start=\"340\" data-end=\"368\">Keyless GO \/ Proximit\u00e9 :<\/strong> OUI<br data-start=\"372\" data-end=\"375\" \/><strong data-start=\"375\" data-end=\"388\">Boutons :<\/strong> 5 \/ Verrouillage, D\u00e9verrouillage, Coffre, Alerte (Panic), D\u00e9marrage \u00e0 distance<br data-start=\"467\" data-end=\"470\" \/><strong data-start=\"470\" data-end=\"493\">Puce transpondeur :<\/strong> HITAG 3 &#8211; Puce ID47 NCF29A1X<br data-start=\"522\" data-end=\"525\" \/><strong data-start=\"525\" data-end=\"552\">Lame de cl\u00e9 d\u2019urgence :<\/strong> identique \u00e0 81996-J9020 \/ Non incluse<\/p>\n<p data-start=\"592\" data-end=\"689\"><strong data-start=\"592\" data-end=\"687\">Compatibilit\u00e9 de la t\u00e9l\u00e9commande intelligente Hyundai Kona OEM 5 boutons 433 MHz FOB-4F41 :<\/strong><\/p>\n<ul data-start=\"690\" data-end=\"709\">\n<li data-start=\"690\" data-end=\"709\">\n<p data-start=\"692\" data-end=\"709\">Hyundai Kona 2022<\/p>\n<\/li>\n<\/ul>\n","protected":false},"excerpt":{"rendered":"<p>T\u00e9l\u00e9commande intelligente d&rsquo;origine Hyundai Kona 2022 \u2013 5 boutons, 433 MHz, FCC ID : FOB-4F41 95440-J9250 : Fabricant : Hyundai<\/p>\n","protected":false},"featured_media":116776,"comment_status":"open","ping_status":"closed","template":"elementor_theme","meta":{"_relevanssi_hide_post":"","_relevanssi_hide_content":"","_relevanssi_pin_for_all":"","_relevanssi_pin_keywords":"","_relevanssi_unpin_keywords":"","_relevanssi_related_keywords":"","_relevanssi_related_include_ids":"","_relevanssi_related_exclude_ids":"","_relevanssi_related_no_append":"","_relevanssi_related_not_related":"","_relevanssi_related_posts":"","_relevanssi_noindex_reason":""},"product_brand":[],"product_cat":[2580],"product_tag":[],"class_list":{"0":"post-134872","1":"product","2":"type-product","3":"status-publish","4":"has-post-thumbnail","6":"product_cat-telecommandes-de-voiture","7":"pa_buttons-5-fr","8":"pa_car-makes-hyundai-fr","9":"pa_color-black-fr","10":"pa_frequency-433mhz-fr","11":"pa_manufacturers-genuine-oem-fr","12":"pa_remote-type-proximity-keys-fr","13":"pa_transponder-chip-yes-fr","14":"pa_types-car-remotes-fr","16":"first","17":"instock","18":"shipping-taxable","19":"purchasable","20":"product-type-simple"},"_links":{"self":[{"href":"https:\/\/gskeyae.com\/fr\/wp-json\/wp\/v2\/product\/134872","targetHints":{"allow":["GET"]}}],"collection":[{"href":"https:\/\/gskeyae.com\/fr\/wp-json\/wp\/v2\/product"}],"about":[{"href":"https:\/\/gskeyae.com\/fr\/wp-json\/wp\/v2\/types\/product"}],"replies":[{"embeddable":true,"href":"https:\/\/gskeyae.com\/fr\/wp-json\/wp\/v2\/comments?post=134872"}],"version-history":[{"count":0,"href":"https:\/\/gskeyae.com\/fr\/wp-json\/wp\/v2\/product\/134872\/revisions"}],"wp:featuredmedia":[{"embeddable":true,"href":"https:\/\/gskeyae.com\/fr\/wp-json\/wp\/v2\/media\/116776"}],"wp:attachment":[{"href":"https:\/\/gskeyae.com\/fr\/wp-json\/wp\/v2\/media?parent=134872"}],"wp:term":[{"taxonomy":"product_brand","embeddable":true,"href":"https:\/\/gskeyae.com\/fr\/wp-json\/wp\/v2\/product_brand?post=134872"},{"taxonomy":"product_cat","embeddable":true,"href":"https:\/\/gskeyae.com\/fr\/wp-json\/wp\/v2\/product_cat?post=134872"},{"taxonomy":"product_tag","embeddable":true,"href":"https:\/\/gskeyae.com\/fr\/wp-json\/wp\/v2\/product_tag?post=134872"}],"curies":[{"name":"wp","href":"https:\/\/api.w.org\/{rel}","templated":true}]}}