{"id":134811,"date":"2023-10-01T11:32:48","date_gmt":"2023-10-01T07:32:48","guid":{"rendered":"https:\/\/gskeyae.com\/?post_type=product&#038;p=134811"},"modified":"2025-12-17T20:04:34","modified_gmt":"2025-12-17T16:04:34","slug":"cle-intelligente-kia-telluride-95440-s9100","status":"publish","type":"product","link":"https:\/\/gskeyae.com\/fr\/product\/cle-intelligente-kia-telluride-95440-s9100\/","title":{"rendered":"Cl\u00e9 intelligente d\u2019origine KIA Telluride 2020-2022 3 boutons 433MHz 95440-S9100"},"content":{"rendered":"<h2 data-start=\"0\" data-end=\"126\">T\u00e9l\u00e9commande cl\u00e9 intelligente d\u2019origine KIA Telluride 2020-2022 \u2013 3 boutons \u2013 433 MHz \u2013 Puce ID47 \u2013 R\u00e9f. : 95440-S9100 :<\/h2>\n<p data-start=\"128\" data-end=\"627\"><strong data-start=\"128\" data-end=\"143\">Fabricant :<\/strong> KIA \/ Pi\u00e8ce d\u2019origine<br data-start=\"171\" data-end=\"174\" \/><strong data-start=\"174\" data-end=\"199\" data-is-only-node=\"\">Num\u00e9ro de pi\u00e8ce OEM :<\/strong> 95440-S9100, 95440S9100<br data-start=\"223\" data-end=\"226\" \/><strong data-start=\"226\" data-end=\"236\">\u00c9tat :<\/strong> Neuf<br data-start=\"241\" data-end=\"244\" \/><strong data-start=\"244\" data-end=\"259\">Fr\u00e9quence :<\/strong> 433 MHz<br data-start=\"267\" data-end=\"270\" \/><strong data-start=\"319\" data-end=\"332\">Boutons :<\/strong> 3 (Verrouillage, D\u00e9verrouillage, Hayon)<br data-start=\"372\" data-end=\"375\" \/><strong data-start=\"375\" data-end=\"398\">Puce transpondeur :<\/strong> HITAG3 \/ Puce ID47<br data-start=\"417\" data-end=\"420\" \/><strong data-start=\"420\" data-end=\"449\">Remplacement de la pile :<\/strong> <a href=\"https:\/\/gskeyae.com\/fr\/product\/batterie-bouton-lithium-maxell-cr2032\/\">CR2032<\/a><br data-start=\"456\" data-end=\"459\" \/><strong data-start=\"459\" data-end=\"486\">Lame de cl\u00e9 d\u2019urgence :<\/strong> Identique \u00e0 <a href=\"https:\/\/gskeyae.com\/fr\/product\/lame-de-cle-durgence-kia-hu134-81996-m6020\/\">81996-M6020<\/a> \/ 81999-J7020 \/ 81996-S9000 \u2013 Non incluse<br data-start=\"552\" data-end=\"555\" \/><strong data-start=\"555\" data-end=\"597\">Compatible avec les mod\u00e8les suivants :<\/strong><\/p>\n<ul>\n<li data-start=\"128\" data-end=\"627\">KIA Telluride 2020 &#8211; 2022<\/li>\n<\/ul>\n<p data-start=\"629\" data-end=\"972\" data-is-last-node=\"\" data-is-only-node=\"\"><strong data-start=\"629\" data-end=\"648\">Programmation :<\/strong> Cette t\u00e9l\u00e9commande cl\u00e9 intelligente KIA Telluride 2020-2022 doit \u00eatre programm\u00e9e avant de pouvoir d\u00e9marrer votre v\u00e9hicule. Veuillez consulter un concessionnaire ou un serrurier automobile \u00e9quip\u00e9 des outils n\u00e9cessaires pour programmer la cl\u00e9, garantissant ainsi une compatibilit\u00e9 parfaite avec les syst\u00e8mes de votre voiture.<\/p>\n","protected":false},"excerpt":{"rendered":"<p>T\u00e9l\u00e9commande cl\u00e9 intelligente d\u2019origine KIA Telluride 2020-2022 \u2013 3 boutons \u2013 433 MHz \u2013 Puce ID47 \u2013 R\u00e9f. : 95440-S9100<\/p>\n","protected":false},"featured_media":116937,"comment_status":"open","ping_status":"closed","template":"elementor_theme","meta":{"_relevanssi_hide_post":"","_relevanssi_hide_content":"","_relevanssi_pin_for_all":"","_relevanssi_pin_keywords":"","_relevanssi_unpin_keywords":"","_relevanssi_related_keywords":"","_relevanssi_related_include_ids":"","_relevanssi_related_exclude_ids":"","_relevanssi_related_no_append":"","_relevanssi_related_not_related":"","_relevanssi_related_posts":"","_relevanssi_noindex_reason":""},"product_brand":[],"product_cat":[2580],"product_tag":[],"class_list":{"0":"post-134811","1":"product","2":"type-product","3":"status-publish","4":"has-post-thumbnail","6":"product_cat-telecommandes-de-voiture","7":"pa_buttons-3-fr","8":"pa_car-makes-kia-fr","9":"pa_color-black-fr","10":"pa_frequency-433mhz-fr","11":"pa_manufacturers-genuine-oem-fr","12":"pa_remote-type-proximity-keys-fr","13":"pa_transponder-chip-yes-fr","14":"pa_types-car-remotes-fr","16":"first","17":"instock","18":"shipping-taxable","19":"purchasable","20":"product-type-simple"},"_links":{"self":[{"href":"https:\/\/gskeyae.com\/fr\/wp-json\/wp\/v2\/product\/134811","targetHints":{"allow":["GET"]}}],"collection":[{"href":"https:\/\/gskeyae.com\/fr\/wp-json\/wp\/v2\/product"}],"about":[{"href":"https:\/\/gskeyae.com\/fr\/wp-json\/wp\/v2\/types\/product"}],"replies":[{"embeddable":true,"href":"https:\/\/gskeyae.com\/fr\/wp-json\/wp\/v2\/comments?post=134811"}],"version-history":[{"count":0,"href":"https:\/\/gskeyae.com\/fr\/wp-json\/wp\/v2\/product\/134811\/revisions"}],"wp:featuredmedia":[{"embeddable":true,"href":"https:\/\/gskeyae.com\/fr\/wp-json\/wp\/v2\/media\/116937"}],"wp:attachment":[{"href":"https:\/\/gskeyae.com\/fr\/wp-json\/wp\/v2\/media?parent=134811"}],"wp:term":[{"taxonomy":"product_brand","embeddable":true,"href":"https:\/\/gskeyae.com\/fr\/wp-json\/wp\/v2\/product_brand?post=134811"},{"taxonomy":"product_cat","embeddable":true,"href":"https:\/\/gskeyae.com\/fr\/wp-json\/wp\/v2\/product_cat?post=134811"},{"taxonomy":"product_tag","embeddable":true,"href":"https:\/\/gskeyae.com\/fr\/wp-json\/wp\/v2\/product_tag?post=134811"}],"curies":[{"name":"wp","href":"https:\/\/api.w.org\/{rel}","templated":true}]}}