{"id":134803,"date":"2023-10-01T14:59:17","date_gmt":"2023-10-01T10:59:17","guid":{"rendered":"https:\/\/gskeyae.com\/?post_type=product&#038;p=134803"},"modified":"2026-02-04T15:33:09","modified_gmt":"2026-02-04T11:33:09","slug":"cle-intelligente-kia-telluride-95440-s9110","status":"publish","type":"product","link":"https:\/\/gskeyae.com\/fr\/product\/cle-intelligente-kia-telluride-95440-s9110\/","title":{"rendered":"Cl\u00e9 intelligente d\u2019origine KIA Telluride 2020 4 boutons 433MHz 95440-S9110"},"content":{"rendered":"<h2 data-start=\"40\" data-end=\"178\">T\u00e9l\u00e9commande intelligente d\u2019origine KIA Telluride 2020 \u2013 Proximit\u00e9 \u2013 4 boutons avec d\u00e9marrage \u2013 433 MHz \u2013 FOB-4F24 \u2013 95440-S9110 :<\/h2>\n<ul data-start=\"180\" data-end=\"689\">\n<li data-start=\"180\" data-end=\"235\">\n<p data-start=\"182\" data-end=\"235\"><strong data-start=\"182\" data-end=\"195\">Fabricant<\/strong> : KIA \/ Pi\u00e8ce d\u2019origine<\/p>\n<\/li>\n<li data-start=\"236\" data-end=\"289\">\n<p data-start=\"238\" data-end=\"289\"><strong data-start=\"238\" data-end=\"261\">Num\u00e9ro de pi\u00e8ce OEM<\/strong> : 95440-S9110, 95440S9110<\/p>\n<\/li>\n<li data-start=\"290\" data-end=\"315\">\n<p data-start=\"292\" data-end=\"315\"><strong data-start=\"292\" data-end=\"302\">ID FCC<\/strong> : FOB-4F24<\/p>\n<\/li>\n<li data-start=\"316\" data-end=\"343\">\n<p data-start=\"318\" data-end=\"343\"><strong data-start=\"318\" data-end=\"331\">Fr\u00e9quence<\/strong> : 433 MHz<\/p>\n<\/li>\n<li data-start=\"344\" data-end=\"363\">\n<p data-start=\"346\" data-end=\"363\"><strong data-start=\"346\" data-end=\"354\">\u00c9tat<\/strong> : Neuf<\/p>\n<\/li>\n<li data-start=\"364\" data-end=\"393\">\n<p data-start=\"366\" data-end=\"393\"><strong data-start=\"366\" data-end=\"382\">Type de pile<\/strong> : <a href=\"https:\/\/gskeyae.com\/fr\/product\/batterie-bouton-lithium-maxell-cr2032\/\">CR2032<\/a><\/p>\n<\/li>\n<li data-start=\"394\" data-end=\"462\">\n<p data-start=\"396\" data-end=\"462\"><strong data-start=\"396\" data-end=\"454\">Fonction intelligente \/ Acc\u00e8s mains libres \/ Proximit\u00e9<\/strong> : Oui<\/p>\n<\/li>\n<li data-start=\"463\" data-end=\"509\">\n<p data-start=\"465\" data-end=\"509\"><strong data-start=\"465\" data-end=\"486\">Puce transpondeur<\/strong> : HITAG3 \/ Puce ID47<\/p>\n<\/li>\n<li data-start=\"510\" data-end=\"590\">\n<p data-start=\"512\" data-end=\"590\"><strong data-start=\"512\" data-end=\"523\">Boutons<\/strong> : 4 \/ Verrouillage, D\u00e9verrouillage, Coffre, D\u00e9marrage \u00e0 distance<\/p>\n<\/li>\n<li data-start=\"591\" data-end=\"689\">\n<p data-start=\"593\" data-end=\"689\"><strong data-start=\"593\" data-end=\"618\">Lame de cl\u00e9 d&rsquo;urgence<\/strong> : identique \u00e0 81996-S9000 \/ <a href=\"https:\/\/gskeyae.com\/fr\/product\/lame-de-cle-durgence-kia-hu134-81996-m6020\/\">81996-M6020<\/a> \u2013 KK12 \u2013 HU134 \/ NON incluse<\/p>\n<\/li>\n<\/ul>\n<p data-start=\"691\" data-end=\"732\"><strong data-start=\"691\" data-end=\"728\">Compatible avec le mod\u00e8le suivant<\/strong> :<\/p>\n<ul data-start=\"733\" data-end=\"753\">\n<li data-start=\"733\" data-end=\"753\">\n<p data-start=\"735\" data-end=\"753\">KIA Telluride 2020<\/p>\n<\/li>\n<\/ul>\n<p data-start=\"755\" data-end=\"1022\"><strong data-start=\"755\" data-end=\"772\">Programmation<\/strong> : Avant que cette t\u00e9l\u00e9commande intelligente pour KIA Telluride 2020 puisse d\u00e9marrer le v\u00e9hicule, elle doit \u00eatre programm\u00e9e. Il est donc n\u00e9cessaire de se rendre chez un concessionnaire ou un serrurier automobile local pour effectuer la programmation.<\/p>\n<p data-start=\"1024\" data-end=\"1198\" data-is-last-node=\"\" data-is-only-node=\"\"><strong data-start=\"1024\" data-end=\"1036\">Remarque<\/strong> : La lame de cl\u00e9 n\u00e9cessite une d\u00e9coupe professionnelle par un serrurier ou un concessionnaire afin de s\u2019adapter aux serrures de portes et au contact du v\u00e9hicule.<\/p>\n","protected":false},"excerpt":{"rendered":"<p>T\u00e9l\u00e9commande intelligente d\u2019origine KIA Telluride 2020 \u2013 Proximit\u00e9 \u2013 4 boutons avec d\u00e9marrage \u2013 433 MHz \u2013 FOB-4F24 \u2013 95440-S9110<\/p>\n","protected":false},"featured_media":116978,"comment_status":"open","ping_status":"closed","template":"elementor_theme","meta":{"_relevanssi_hide_post":"","_relevanssi_hide_content":"","_relevanssi_pin_for_all":"","_relevanssi_pin_keywords":"","_relevanssi_unpin_keywords":"","_relevanssi_related_keywords":"","_relevanssi_related_include_ids":"","_relevanssi_related_exclude_ids":"","_relevanssi_related_no_append":"","_relevanssi_related_not_related":"","_relevanssi_related_posts":"","_relevanssi_noindex_reason":""},"product_brand":[],"product_cat":[2580],"product_tag":[],"class_list":{"0":"post-134803","1":"product","2":"type-product","3":"status-publish","4":"has-post-thumbnail","6":"product_cat-telecommandes-de-voiture","7":"pa_buttons-4-fr","8":"pa_car-makes-kia-fr","9":"pa_color-black-fr","10":"pa_frequency-433mhz-fr","11":"pa_manufacturers-genuine-oem-fr","12":"pa_remote-type-proximity-keys-fr","13":"pa_transponder-chip-yes-fr","14":"pa_types-car-remotes-fr","16":"first","17":"instock","18":"shipping-taxable","19":"purchasable","20":"product-type-simple"},"_links":{"self":[{"href":"https:\/\/gskeyae.com\/fr\/wp-json\/wp\/v2\/product\/134803","targetHints":{"allow":["GET"]}}],"collection":[{"href":"https:\/\/gskeyae.com\/fr\/wp-json\/wp\/v2\/product"}],"about":[{"href":"https:\/\/gskeyae.com\/fr\/wp-json\/wp\/v2\/types\/product"}],"replies":[{"embeddable":true,"href":"https:\/\/gskeyae.com\/fr\/wp-json\/wp\/v2\/comments?post=134803"}],"version-history":[{"count":0,"href":"https:\/\/gskeyae.com\/fr\/wp-json\/wp\/v2\/product\/134803\/revisions"}],"wp:featuredmedia":[{"embeddable":true,"href":"https:\/\/gskeyae.com\/fr\/wp-json\/wp\/v2\/media\/116978"}],"wp:attachment":[{"href":"https:\/\/gskeyae.com\/fr\/wp-json\/wp\/v2\/media?parent=134803"}],"wp:term":[{"taxonomy":"product_brand","embeddable":true,"href":"https:\/\/gskeyae.com\/fr\/wp-json\/wp\/v2\/product_brand?post=134803"},{"taxonomy":"product_cat","embeddable":true,"href":"https:\/\/gskeyae.com\/fr\/wp-json\/wp\/v2\/product_cat?post=134803"},{"taxonomy":"product_tag","embeddable":true,"href":"https:\/\/gskeyae.com\/fr\/wp-json\/wp\/v2\/product_tag?post=134803"}],"curies":[{"name":"wp","href":"https:\/\/api.w.org\/{rel}","templated":true}]}}