{"id":134769,"date":"2023-10-26T15:54:27","date_gmt":"2023-10-26T11:54:27","guid":{"rendered":"https:\/\/gskeyae.com\/?post_type=product&#038;p=134769"},"modified":"2025-12-17T20:06:41","modified_gmt":"2025-12-17T16:06:41","slug":"telecommande-pliante-hyundai-sonata-95430-c1210-utilisee","status":"publish","type":"product","link":"https:\/\/gskeyae.com\/fr\/product\/telecommande-pliante-hyundai-sonata-95430-c1210-utilisee\/","title":{"rendered":"T\u00e9l\u00e9commande pliante Hyundai Sonata 2017-2020 4 boutons 433MHz 95430-C1210 (UTILIS\u00c9E)"},"content":{"rendered":"<h2 data-start=\"0\" data-end=\"121\">T\u00e9l\u00e9commande pliante d&rsquo;origine Hyundai Sonata 2017-2020 \u00e0 4 boutons 433MHz FCC ID : TQ8-RKE-4F25 95430-C1210 (UTILIS\u00c9E) :<\/h2>\n<p data-start=\"123\" data-end=\"528\"><strong data-start=\"123\" data-end=\"138\">Fabricant :<\/strong> Hyundai \/ Pi\u00e8ce d&rsquo;origine<br data-start=\"178\" data-end=\"181\" \/><strong data-start=\"181\" data-end=\"202\">Num\u00e9ro de pi\u00e8ce :<\/strong> 95430-C1210<br data-start=\"214\" data-end=\"217\" data-is-only-node=\"\" \/><strong data-start=\"217\" data-end=\"229\">FCC ID :<\/strong> TQ8-RKE-4F25<br data-start=\"242\" data-end=\"245\" \/><strong data-start=\"245\" data-end=\"253\">IC :<\/strong> 5074A-RKE4F25<br data-start=\"267\" data-end=\"270\" \/><strong data-start=\"270\" data-end=\"285\">Fr\u00e9quence :<\/strong> 433MHz<br data-start=\"292\" data-end=\"295\" \/><strong data-start=\"295\" data-end=\"305\">\u00c9tat :<\/strong> Utilis\u00e9e<br data-start=\"314\" data-end=\"317\" \/><strong data-start=\"317\" data-end=\"335\">Type de pile :<\/strong> <a href=\"https:\/\/gskeyae.com\/fr\/product\/batterie-bouton-lithium-maxell-cr2032\/\">CR2032<\/a><br data-start=\"342\" data-end=\"345\" \/><strong data-start=\"345\" data-end=\"358\">Boutons :<\/strong> 4 \/ Verrouillage, D\u00e9verrouillage, Coffre, Alerte (Panic)<br data-start=\"415\" data-end=\"418\" \/><strong data-start=\"418\" data-end=\"441\">Puce transpondeur :<\/strong> Non<br data-start=\"445\" data-end=\"448\" \/><strong data-start=\"448\" data-end=\"475\">Lame de cl\u00e9 d&rsquo;urgence :<\/strong> M\u00eame que 81996-D3000 \/ 81996-D3001 \u2013 <strong data-start=\"513\" data-end=\"528\">Non incluse<\/strong><\/p>\n<p data-start=\"530\" data-end=\"551\"><strong data-start=\"530\" data-end=\"549\">Compatibilit\u00e9 :<\/strong><\/p>\n<ul data-start=\"552\" data-end=\"580\" data-is-last-node=\"\" data-is-only-node=\"\">\n<li data-start=\"552\" data-end=\"580\" data-is-last-node=\"\">\n<p data-start=\"554\" data-end=\"580\" data-is-last-node=\"\">Hyundai Sonata 2017 &#8211; 2020<\/p>\n<\/li>\n<\/ul>\n","protected":false},"excerpt":{"rendered":"<p>T\u00e9l\u00e9commande pliante d&rsquo;origine Hyundai Sonata 2017-2020 \u00e0 4 boutons 433MHz FCC ID : TQ8-RKE-4F25 95430-C1210 (UTILIS\u00c9E) : Fabricant : Hyundai<\/p>\n","protected":false},"featured_media":117485,"comment_status":"open","ping_status":"closed","template":"elementor_theme","meta":{"_relevanssi_hide_post":"","_relevanssi_hide_content":"","_relevanssi_pin_for_all":"","_relevanssi_pin_keywords":"","_relevanssi_unpin_keywords":"","_relevanssi_related_keywords":"","_relevanssi_related_include_ids":"","_relevanssi_related_exclude_ids":"","_relevanssi_related_no_append":"","_relevanssi_related_not_related":"","_relevanssi_related_posts":"","_relevanssi_noindex_reason":""},"product_brand":[],"product_cat":[2668,2580],"product_tag":[],"class_list":{"0":"post-134769","1":"product","2":"type-product","3":"status-publish","4":"has-post-thumbnail","6":"product_cat-telecommandes-doccasion","7":"product_cat-telecommandes-de-voiture","8":"pa_buttons-4-fr","9":"pa_car-makes-hyundai-fr","10":"pa_color-black-fr","11":"pa_condition-used-fr","12":"pa_frequency-433mhz-fr","13":"pa_manufacturers-genuine-oem-fr","14":"pa_remote-type-remote-flip-keys-fr","15":"pa_transponder-chip-no-fr","16":"pa_types-used-remotes-fr","17":"pa_types-car-remotes-fr","19":"first","20":"outofstock","21":"shipping-taxable","22":"purchasable","23":"product-type-simple"},"_links":{"self":[{"href":"https:\/\/gskeyae.com\/fr\/wp-json\/wp\/v2\/product\/134769","targetHints":{"allow":["GET"]}}],"collection":[{"href":"https:\/\/gskeyae.com\/fr\/wp-json\/wp\/v2\/product"}],"about":[{"href":"https:\/\/gskeyae.com\/fr\/wp-json\/wp\/v2\/types\/product"}],"replies":[{"embeddable":true,"href":"https:\/\/gskeyae.com\/fr\/wp-json\/wp\/v2\/comments?post=134769"}],"version-history":[{"count":0,"href":"https:\/\/gskeyae.com\/fr\/wp-json\/wp\/v2\/product\/134769\/revisions"}],"wp:featuredmedia":[{"embeddable":true,"href":"https:\/\/gskeyae.com\/fr\/wp-json\/wp\/v2\/media\/117485"}],"wp:attachment":[{"href":"https:\/\/gskeyae.com\/fr\/wp-json\/wp\/v2\/media?parent=134769"}],"wp:term":[{"taxonomy":"product_brand","embeddable":true,"href":"https:\/\/gskeyae.com\/fr\/wp-json\/wp\/v2\/product_brand?post=134769"},{"taxonomy":"product_cat","embeddable":true,"href":"https:\/\/gskeyae.com\/fr\/wp-json\/wp\/v2\/product_cat?post=134769"},{"taxonomy":"product_tag","embeddable":true,"href":"https:\/\/gskeyae.com\/fr\/wp-json\/wp\/v2\/product_tag?post=134769"}],"curies":[{"name":"wp","href":"https:\/\/api.w.org\/{rel}","templated":true}]}}