{"id":134594,"date":"2024-01-23T12:41:02","date_gmt":"2024-01-23T08:41:02","guid":{"rendered":"https:\/\/gskeyae.com\/?post_type=product&#038;p=134594"},"modified":"2025-12-17T20:04:31","modified_gmt":"2025-12-17T16:04:31","slug":"cle-intelligente-kia-cerato-95440-m6701","status":"publish","type":"product","link":"https:\/\/gskeyae.com\/fr\/product\/cle-intelligente-kia-cerato-95440-m6701\/","title":{"rendered":"T\u00e9l\u00e9commande cl\u00e9 intelligente KIA Cerato 2018 3 boutons 433MHz puce Texas TI 8A 95440-M6701"},"content":{"rendered":"<h2 data-start=\"0\" data-end=\"116\">T\u00e9l\u00e9commande cl\u00e9 intelligente d\u2019origine KIA Cerato 2018, 3 boutons, 433 MHz, puce transpondeur Texas TI 8A 95440-M6701 :<\/h2>\n<p data-start=\"118\" data-end=\"466\">Num\u00e9ro de pi\u00e8ce OEM : 95440-M6701 \/ 95440-M6700<br data-start=\"165\" data-end=\"168\" \/>Fr\u00e9quence : 433MHz<br data-start=\"187\" data-end=\"190\" data-is-only-node=\"\" \/>Type de batterie : <a href=\"https:\/\/gskeyae.com\/fr\/product\/batterie-bouton-lithium-maxell-cr2032\/\">CR2032<\/a><br data-start=\"215\" data-end=\"218\" \/>D\u00e9marrage sans cl\u00e9 : Oui<br data-start=\"242\" data-end=\"245\" \/>Boutons : 3 \/ Verrouillage, D\u00e9verrouillage, Coffre<br data-start=\"295\" data-end=\"298\" \/>Puce transpondeur : 8A Texas Crypto 128 bits AES<br data-start=\"346\" data-end=\"349\" \/>Lame de cl\u00e9 d&rsquo;urgence identique \u00e0 81996-M6020 : <a href=\"https:\/\/gskeyae.com\/fr\/product\/lame-de-cle-durgence-kia-hu134-81996-m6020\/\">HU134<\/a> \/ KK12 &#8211; Non incluse<br data-start=\"423\" data-end=\"426\" \/>Compatible avec les mod\u00e8les suivants :<\/p>\n<ul>\n<li data-start=\"468\" data-end=\"484\">KIA Sorento 2018<\/li>\n<\/ul>\n","protected":false},"excerpt":{"rendered":"<p>T\u00e9l\u00e9commande cl\u00e9 intelligente d\u2019origine KIA Cerato 2018, 3 boutons, 433 MHz, puce transpondeur Texas TI 8A 95440-M6701 : Num\u00e9ro de<\/p>\n","protected":false},"featured_media":119493,"comment_status":"open","ping_status":"closed","template":"elementor_theme","meta":{"_relevanssi_hide_post":"","_relevanssi_hide_content":"","_relevanssi_pin_for_all":"","_relevanssi_pin_keywords":"","_relevanssi_unpin_keywords":"","_relevanssi_related_keywords":"","_relevanssi_related_include_ids":"","_relevanssi_related_exclude_ids":"","_relevanssi_related_no_append":"","_relevanssi_related_not_related":"","_relevanssi_related_posts":"","_relevanssi_noindex_reason":""},"product_brand":[],"product_cat":[2580],"product_tag":[],"class_list":{"0":"post-134594","1":"product","2":"type-product","3":"status-publish","4":"has-post-thumbnail","6":"product_cat-telecommandes-de-voiture","7":"pa_buttons-3-fr","8":"pa_car-makes-kia-fr","9":"pa_color-black-fr","10":"pa_frequency-433mhz-fr","11":"pa_manufacturers-genuine-oem-fr","12":"pa_remote-type-proximity-keys-fr","13":"pa_transponder-chip-yes-fr","14":"pa_types-car-remotes-fr","16":"first","17":"instock","18":"shipping-taxable","19":"purchasable","20":"product-type-simple"},"_links":{"self":[{"href":"https:\/\/gskeyae.com\/fr\/wp-json\/wp\/v2\/product\/134594","targetHints":{"allow":["GET"]}}],"collection":[{"href":"https:\/\/gskeyae.com\/fr\/wp-json\/wp\/v2\/product"}],"about":[{"href":"https:\/\/gskeyae.com\/fr\/wp-json\/wp\/v2\/types\/product"}],"replies":[{"embeddable":true,"href":"https:\/\/gskeyae.com\/fr\/wp-json\/wp\/v2\/comments?post=134594"}],"version-history":[{"count":0,"href":"https:\/\/gskeyae.com\/fr\/wp-json\/wp\/v2\/product\/134594\/revisions"}],"wp:featuredmedia":[{"embeddable":true,"href":"https:\/\/gskeyae.com\/fr\/wp-json\/wp\/v2\/media\/119493"}],"wp:attachment":[{"href":"https:\/\/gskeyae.com\/fr\/wp-json\/wp\/v2\/media?parent=134594"}],"wp:term":[{"taxonomy":"product_brand","embeddable":true,"href":"https:\/\/gskeyae.com\/fr\/wp-json\/wp\/v2\/product_brand?post=134594"},{"taxonomy":"product_cat","embeddable":true,"href":"https:\/\/gskeyae.com\/fr\/wp-json\/wp\/v2\/product_cat?post=134594"},{"taxonomy":"product_tag","embeddable":true,"href":"https:\/\/gskeyae.com\/fr\/wp-json\/wp\/v2\/product_tag?post=134594"}],"curies":[{"name":"wp","href":"https:\/\/api.w.org\/{rel}","templated":true}]}}