{"id":134546,"date":"2024-02-07T11:03:47","date_gmt":"2024-02-07T07:03:47","guid":{"rendered":"https:\/\/gskeyae.com\/?post_type=product&#038;p=134546"},"modified":"2026-03-30T19:33:13","modified_gmt":"2026-03-30T15:33:13","slug":"cle-intelligente-toyota-crown-b3n2k2r-8990h-30220","status":"publish","type":"product","link":"https:\/\/gskeyae.com\/fr\/product\/cle-intelligente-toyota-crown-b3n2k2r-8990h-30220\/","title":{"rendered":"Cl\u00e9 intelligente t\u00e9l\u00e9commande d\u2019origine Toyota CROWN 2023-2024 3 boutons 433MHz B3N2K2R 8990H-30220"},"content":{"rendered":"<h2 data-start=\"0\" data-end=\"137\">T\u00e9l\u00e9commande cl\u00e9 intelligente d\u2019origine Toyota CROWN 2023-2024, 3 boutons, 433 MHz, FCC ID : B3N2K2R, r\u00e9f\u00e9rence P\/N : 8990H-30220 :<\/h2>\n<p data-start=\"139\" data-end=\"523\">Fabricant : Toyota \/ Original avec pochette normale<br data-start=\"190\" data-end=\"193\" \/>Num\u00e9ro de pi\u00e8ce OEM : 8990H-30220, 8990H30220<br data-start=\"226\" data-end=\"229\" \/>FCC ID : B3N2K2R<br data-start=\"245\" data-end=\"248\" \/>\u00c9tat : Neuf<br data-start=\"259\" data-end=\"262\" \/>Fr\u00e9quence : 433MHz<br data-start=\"281\" data-end=\"284\" \/>Boutons : 3 \/ Verrouillage, D\u00e9verrouillage, Hayon<br data-start=\"333\" data-end=\"336\" \/>Acc\u00e8s sans cl\u00e9 \/ Proximit\u00e9 \/ Intelligent : Oui<br data-start=\"352\" data-end=\"355\" \/>Puces Transpondeur : Puce 8A<br data-start=\"383\" data-end=\"386\" \/>Lame de cl\u00e9 d\u2019urgence identique \u00e0 69515-33120 &#8211; <a href=\"https:\/\/gskeyae.com\/fr\/product\/lame-de-cle-intelligente-toyota-toy48-69515-33120\/\">TOY48<\/a> \/ Non incluse<br data-start=\"453\" data-end=\"456\" \/>Compatible avec les mod\u00e8les suivants :<\/p>\n<ul>\n<li data-start=\"139\" data-end=\"523\">2023 &#8211; 2024 Toyota Crown<\/li>\n<\/ul>\n","protected":false},"excerpt":{"rendered":"<p>T\u00e9l\u00e9commande cl\u00e9 intelligente d\u2019origine Toyota CROWN 2023-2024, 3 boutons, 433 MHz, FCC ID : B3N2K2R, r\u00e9f\u00e9rence P\/N : 8990H-30220 :<\/p>\n","protected":false},"featured_media":119822,"comment_status":"open","ping_status":"closed","template":"","meta":{"_relevanssi_hide_post":"","_relevanssi_hide_content":"","_relevanssi_pin_for_all":"","_relevanssi_pin_keywords":"","_relevanssi_unpin_keywords":"","_relevanssi_related_keywords":"","_relevanssi_related_include_ids":"","_relevanssi_related_exclude_ids":"","_relevanssi_related_no_append":"","_relevanssi_related_not_related":"","_relevanssi_related_posts":"","_relevanssi_noindex_reason":""},"product_brand":[],"product_cat":[2580],"product_tag":[],"class_list":{"0":"post-134546","1":"product","2":"type-product","3":"status-publish","4":"has-post-thumbnail","6":"product_cat-telecommandes-de-voiture","7":"pa_buttons-3-fr","8":"pa_car-makes-toyota-fr","9":"pa_color-black-fr","10":"pa_frequency-433mhz-fr","11":"pa_manufacturers-original-fr","12":"pa_remote-type-proximity-keys-fr","13":"pa_transponder-chip-yes-fr","14":"pa_types-car-remotes-fr","16":"first","17":"instock","18":"shipping-taxable","19":"purchasable","20":"product-type-simple"},"_links":{"self":[{"href":"https:\/\/gskeyae.com\/fr\/wp-json\/wp\/v2\/product\/134546","targetHints":{"allow":["GET"]}}],"collection":[{"href":"https:\/\/gskeyae.com\/fr\/wp-json\/wp\/v2\/product"}],"about":[{"href":"https:\/\/gskeyae.com\/fr\/wp-json\/wp\/v2\/types\/product"}],"replies":[{"embeddable":true,"href":"https:\/\/gskeyae.com\/fr\/wp-json\/wp\/v2\/comments?post=134546"}],"version-history":[{"count":0,"href":"https:\/\/gskeyae.com\/fr\/wp-json\/wp\/v2\/product\/134546\/revisions"}],"wp:featuredmedia":[{"embeddable":true,"href":"https:\/\/gskeyae.com\/fr\/wp-json\/wp\/v2\/media\/119822"}],"wp:attachment":[{"href":"https:\/\/gskeyae.com\/fr\/wp-json\/wp\/v2\/media?parent=134546"}],"wp:term":[{"taxonomy":"product_brand","embeddable":true,"href":"https:\/\/gskeyae.com\/fr\/wp-json\/wp\/v2\/product_brand?post=134546"},{"taxonomy":"product_cat","embeddable":true,"href":"https:\/\/gskeyae.com\/fr\/wp-json\/wp\/v2\/product_cat?post=134546"},{"taxonomy":"product_tag","embeddable":true,"href":"https:\/\/gskeyae.com\/fr\/wp-json\/wp\/v2\/product_tag?post=134546"}],"curies":[{"name":"wp","href":"https:\/\/api.w.org\/{rel}","templated":true}]}}