{"id":134468,"date":"2024-05-27T14:45:33","date_gmt":"2024-05-27T10:45:33","guid":{"rendered":"https:\/\/gskeyae.com\/?post_type=product&#038;p=134468"},"modified":"2025-12-17T20:04:28","modified_gmt":"2025-12-17T16:04:28","slug":"telecommande-cadillac-sts-15212383-doccasion","status":"publish","type":"product","link":"https:\/\/gskeyae.com\/fr\/product\/telecommande-cadillac-sts-15212383-doccasion\/","title":{"rendered":"T\u00e9l\u00e9commande d\u2019entr\u00e9e sans cl\u00e9 Cadillac STS 2005-2007 5 boutons 315MHz 15212383 (D\u2019Occasion)"},"content":{"rendered":"<h2 data-start=\"35\" data-end=\"157\">T\u00e9l\u00e9commande d\u2019entr\u00e9e sans cl\u00e9 Cadillac STS d&rsquo;origine 2005-2007, 5 boutons, 315MHz, M3N65981403, 15212383 (D\u2019occasion) :<\/h2>\n<p data-start=\"159\" data-end=\"462\">Num\u00e9ro de pi\u00e8ce OEM : 15212383<br data-start=\"189\" data-end=\"192\" \/>Num\u00e9ro de pi\u00e8ce compatible : 15212382 \/ 15212384<br data-start=\"240\" data-end=\"243\" \/>FCC ID : M3N65981403<br data-start=\"263\" data-end=\"266\" \/>IC : 267F-65981403<br data-start=\"284\" data-end=\"287\" \/>\u00c9tat : D\u2019occasion<br data-start=\"304\" data-end=\"307\" \/>Fr\u00e9quence : 315MHz<br data-start=\"325\" data-end=\"328\" \/>Type de pile : <a href=\"https:\/\/gskeyae.com\/fr\/product\/batterie-bouton-lithium-maxell-cr2032\/\">CR2032<\/a><br data-start=\"349\" data-end=\"352\" \/>Puce transpondeur : ID46<br data-start=\"376\" data-end=\"379\" \/>Boutons : 5 \/ Verrouillage, D\u00e9verrouillage, Panique, Coffre, D\u00e9marrage \u00e0 distance<\/p>\n<p data-start=\"464\" data-end=\"531\"><strong>Compatible avec les mod\u00e8les suivants :<\/strong><\/p>\n<ul>\n<li data-start=\"464\" data-end=\"531\">2005 &#8211; 2007 Cadillac STS<\/li>\n<\/ul>\n","protected":false},"excerpt":{"rendered":"<p>T\u00e9l\u00e9commande d\u2019entr\u00e9e sans cl\u00e9 Cadillac STS d&rsquo;origine 2005-2007, 5 boutons, 315MHz, M3N65981403, 15212383 (D\u2019occasion) : Num\u00e9ro de pi\u00e8ce OEM :<\/p>\n","protected":false},"featured_media":120446,"comment_status":"open","ping_status":"closed","template":"elementor_theme","meta":{"_relevanssi_hide_post":"","_relevanssi_hide_content":"","_relevanssi_pin_for_all":"","_relevanssi_pin_keywords":"","_relevanssi_unpin_keywords":"","_relevanssi_related_keywords":"","_relevanssi_related_include_ids":"","_relevanssi_related_exclude_ids":"","_relevanssi_related_no_append":"","_relevanssi_related_not_related":"","_relevanssi_related_posts":"","_relevanssi_noindex_reason":""},"product_brand":[],"product_cat":[2668,2580],"product_tag":[],"class_list":{"0":"post-134468","1":"product","2":"type-product","3":"status-publish","4":"has-post-thumbnail","6":"product_cat-telecommandes-doccasion","7":"product_cat-telecommandes-de-voiture","8":"pa_buttons-5-fr","9":"pa_car-makes-cadillac-fr","10":"pa_color-black-fr","11":"pa_condition-used-fr","12":"pa_frequency-315mhz-fr","13":"pa_manufacturers-genuine-oem-fr","14":"pa_remote-type-non-proximity-keys-fr","15":"pa_transponder-chip-yes-fr","16":"pa_types-used-remotes-fr","17":"pa_types-car-remotes-fr","19":"first","20":"instock","21":"shipping-taxable","22":"purchasable","23":"product-type-simple"},"_links":{"self":[{"href":"https:\/\/gskeyae.com\/fr\/wp-json\/wp\/v2\/product\/134468","targetHints":{"allow":["GET"]}}],"collection":[{"href":"https:\/\/gskeyae.com\/fr\/wp-json\/wp\/v2\/product"}],"about":[{"href":"https:\/\/gskeyae.com\/fr\/wp-json\/wp\/v2\/types\/product"}],"replies":[{"embeddable":true,"href":"https:\/\/gskeyae.com\/fr\/wp-json\/wp\/v2\/comments?post=134468"}],"version-history":[{"count":0,"href":"https:\/\/gskeyae.com\/fr\/wp-json\/wp\/v2\/product\/134468\/revisions"}],"wp:featuredmedia":[{"embeddable":true,"href":"https:\/\/gskeyae.com\/fr\/wp-json\/wp\/v2\/media\/120446"}],"wp:attachment":[{"href":"https:\/\/gskeyae.com\/fr\/wp-json\/wp\/v2\/media?parent=134468"}],"wp:term":[{"taxonomy":"product_brand","embeddable":true,"href":"https:\/\/gskeyae.com\/fr\/wp-json\/wp\/v2\/product_brand?post=134468"},{"taxonomy":"product_cat","embeddable":true,"href":"https:\/\/gskeyae.com\/fr\/wp-json\/wp\/v2\/product_cat?post=134468"},{"taxonomy":"product_tag","embeddable":true,"href":"https:\/\/gskeyae.com\/fr\/wp-json\/wp\/v2\/product_tag?post=134468"}],"curies":[{"name":"wp","href":"https:\/\/api.w.org\/{rel}","templated":true}]}}