{"id":134357,"date":"2024-07-30T15:24:52","date_gmt":"2024-07-30T11:24:52","guid":{"rendered":"https:\/\/gskeyae.com\/?post_type=product&#038;p=134357"},"modified":"2026-04-04T19:33:10","modified_gmt":"2026-04-04T15:33:10","slug":"cle-pliante-intelligente-mg-zs-mg5-10947244-sbkp","status":"publish","type":"product","link":"https:\/\/gskeyae.com\/fr\/product\/cle-pliante-intelligente-mg-zs-mg5-10947244-sbkp\/","title":{"rendered":"2015-2019 T\u00e9l\u00e9commande cl\u00e9 pliante intelligente MG ZS MG5 3 boutons 433MHz 10947244-SBKP"},"content":{"rendered":"<h2 data-start=\"0\" data-end=\"116\">MG ZS MG5 T\u00e9l\u00e9commande cl\u00e9 pliante intelligente d\u2019origine 2015-2019 Proximit\u00e9 3 boutons 433MHz 10947244-SBKP (OEM) :<\/h2>\n<p data-start=\"118\" data-end=\"437\">Fabricant : MG \/ Original avec sac normal<br data-start=\"159\" data-end=\"162\" \/>Num\u00e9ros de pi\u00e8ce : 10947244-SBKP (10234136-SKYP)<br data-start=\"210\" data-end=\"213\" data-is-only-node=\"\" \/>\u00c9tat : Carte PCB d\u2019origine avec coque de rechange<br data-start=\"262\" data-end=\"265\" \/>Boutons : 3 \/ Verrouiller, D\u00e9verrouiller, Coffre<br data-start=\"313\" data-end=\"316\" \/>Fr\u00e9quence : 433MHz<br data-start=\"334\" data-end=\"337\" \/>Lame de cl\u00e9 : Non incluse<br data-start=\"362\" data-end=\"365\" \/>Acc\u00e8s sans cl\u00e9 \/ Proximit\u00e9 \/ Intelligent : OUI<br data-start=\"407\" data-end=\"410\" \/>Transpondeur ID : Puce 47<\/p>\n<p data-start=\"439\" data-end=\"574\" data-is-last-node=\"\" data-is-only-node=\"\">Compatibilit\u00e9 t\u00e9l\u00e9commande cl\u00e9 pliante intelligente MG ZS MG5 3 boutons 433MHz 10947244-SBKP :<\/p>\n<ul>\n<li data-start=\"439\" data-end=\"574\">2015 &#8211; 2019 MG ZS<\/li>\n<li data-start=\"439\" data-end=\"574\">2022 &#8211; 2023 MG MG5<\/li>\n<\/ul>\n","protected":false},"excerpt":{"rendered":"<p>MG ZS MG5 T\u00e9l\u00e9commande cl\u00e9 pliante intelligente d\u2019origine 2015-2019 Proximit\u00e9 3 boutons 433MHz 10947244-SBKP (OEM) : Fabricant : MG \/<\/p>\n","protected":false},"featured_media":121089,"comment_status":"open","ping_status":"closed","template":"","meta":[],"product_brand":[],"product_cat":[2580],"product_tag":[],"class_list":{"0":"post-134357","1":"product","2":"type-product","3":"status-publish","4":"has-post-thumbnail","6":"product_cat-telecommandes-de-voiture","7":"pa_buttons-3-fr","8":"pa_car-makes-mg-fr","9":"pa_color-black-fr","10":"pa_frequency-433mhz-fr","11":"pa_manufacturers-original-fr","12":"pa_remote-type-proximity-keys-fr","13":"pa_remote-type-remote-flip-keys-fr","14":"pa_transponder-chip-yes-fr","15":"pa_types-car-remotes-fr","17":"first","18":"instock","19":"shipping-taxable","20":"purchasable","21":"product-type-simple"},"_links":{"self":[{"href":"https:\/\/gskeyae.com\/fr\/wp-json\/wp\/v2\/product\/134357","targetHints":{"allow":["GET"]}}],"collection":[{"href":"https:\/\/gskeyae.com\/fr\/wp-json\/wp\/v2\/product"}],"about":[{"href":"https:\/\/gskeyae.com\/fr\/wp-json\/wp\/v2\/types\/product"}],"replies":[{"embeddable":true,"href":"https:\/\/gskeyae.com\/fr\/wp-json\/wp\/v2\/comments?post=134357"}],"version-history":[{"count":0,"href":"https:\/\/gskeyae.com\/fr\/wp-json\/wp\/v2\/product\/134357\/revisions"}],"wp:featuredmedia":[{"embeddable":true,"href":"https:\/\/gskeyae.com\/fr\/wp-json\/wp\/v2\/media\/121089"}],"wp:attachment":[{"href":"https:\/\/gskeyae.com\/fr\/wp-json\/wp\/v2\/media?parent=134357"}],"wp:term":[{"taxonomy":"product_brand","embeddable":true,"href":"https:\/\/gskeyae.com\/fr\/wp-json\/wp\/v2\/product_brand?post=134357"},{"taxonomy":"product_cat","embeddable":true,"href":"https:\/\/gskeyae.com\/fr\/wp-json\/wp\/v2\/product_cat?post=134357"},{"taxonomy":"product_tag","embeddable":true,"href":"https:\/\/gskeyae.com\/fr\/wp-json\/wp\/v2\/product_tag?post=134357"}],"curies":[{"name":"wp","href":"https:\/\/api.w.org\/{rel}","templated":true}]}}