{"id":133562,"date":"2023-11-30T14:50:10","date_gmt":"2023-11-30T10:50:10","guid":{"rendered":"https:\/\/gskeyae.com\/?post_type=product&#038;p=133562"},"modified":"2026-01-17T13:35:08","modified_gmt":"2026-01-17T09:35:08","slug":"coque-tpu-cle-nissan-sentra-sunny-4-boutons-noir-et-or","status":"publish","type":"product","link":"https:\/\/gskeyae.com\/fr\/product\/coque-tpu-cle-nissan-sentra-sunny-4-boutons-noir-et-or\/","title":{"rendered":"Coque en TPU pour cl\u00e9 \u00e0 t\u00e9l\u00e9commande int\u00e9gr\u00e9e Nissan Sentra Sunny 4 boutons Noir et Or"},"content":{"rendered":"","protected":false},"excerpt":{"rendered":"","protected":false},"featured_media":118379,"comment_status":"open","ping_status":"closed","template":"","meta":{"_relevanssi_hide_post":"","_relevanssi_hide_content":"","_relevanssi_pin_for_all":"","_relevanssi_pin_keywords":"","_relevanssi_unpin_keywords":"","_relevanssi_related_keywords":"","_relevanssi_related_include_ids":"","_relevanssi_related_exclude_ids":"","_relevanssi_related_no_append":"","_relevanssi_related_not_related":"","_relevanssi_related_posts":"","_relevanssi_noindex_reason":""},"product_brand":[],"product_cat":[2664],"product_tag":[],"class_list":{"0":"post-133562","1":"product","2":"type-product","3":"status-publish","4":"has-post-thumbnail","6":"product_cat-coques-de-cle-en-tpu","7":"pa_buttons-4-fr","8":"pa_car-makes-nissan-fr","9":"pa_manufacturers-aftermarket-fr","11":"first","12":"instock","13":"shipping-taxable","14":"purchasable","15":"product-type-simple"},"_links":{"self":[{"href":"https:\/\/gskeyae.com\/fr\/wp-json\/wp\/v2\/product\/133562","targetHints":{"allow":["GET"]}}],"collection":[{"href":"https:\/\/gskeyae.com\/fr\/wp-json\/wp\/v2\/product"}],"about":[{"href":"https:\/\/gskeyae.com\/fr\/wp-json\/wp\/v2\/types\/product"}],"replies":[{"embeddable":true,"href":"https:\/\/gskeyae.com\/fr\/wp-json\/wp\/v2\/comments?post=133562"}],"version-history":[{"count":0,"href":"https:\/\/gskeyae.com\/fr\/wp-json\/wp\/v2\/product\/133562\/revisions"}],"wp:featuredmedia":[{"embeddable":true,"href":"https:\/\/gskeyae.com\/fr\/wp-json\/wp\/v2\/media\/118379"}],"wp:attachment":[{"href":"https:\/\/gskeyae.com\/fr\/wp-json\/wp\/v2\/media?parent=133562"}],"wp:term":[{"taxonomy":"product_brand","embeddable":true,"href":"https:\/\/gskeyae.com\/fr\/wp-json\/wp\/v2\/product_brand?post=133562"},{"taxonomy":"product_cat","embeddable":true,"href":"https:\/\/gskeyae.com\/fr\/wp-json\/wp\/v2\/product_cat?post=133562"},{"taxonomy":"product_tag","embeddable":true,"href":"https:\/\/gskeyae.com\/fr\/wp-json\/wp\/v2\/product_tag?post=133562"}],"curies":[{"name":"wp","href":"https:\/\/api.w.org\/{rel}","templated":true}]}}