{"id":133370,"date":"2022-10-03T12:54:16","date_gmt":"2022-10-03T08:54:16","guid":{"rendered":"https:\/\/gskeyae.com\/?post_type=product&#038;p=133370"},"modified":"2026-02-03T13:33:21","modified_gmt":"2026-02-03T09:33:21","slug":"coque-de-telecommande-3-boutons-hummer-pontiac","status":"publish","type":"product","link":"https:\/\/gskeyae.com\/fr\/product\/coque-de-telecommande-3-boutons-hummer-pontiac\/","title":{"rendered":"Coque de t\u00e9l\u00e9commande sans cl\u00e9 3 boutons pour Hummer Pontiac Chevrolet 2004-2011"},"content":{"rendered":"<h2 data-start=\"40\" data-end=\"174\">Coque de t\u00e9l\u00e9commande sans cl\u00e9 3 boutons compatible avec FCC ID L2C0007T pour Hummer, Pontiac, Chevrolet, Oldsmobile (2004-2011) :<\/h2>\n<ul data-start=\"176\" data-end=\"443\">\n<li data-start=\"176\" data-end=\"227\">\n<p data-start=\"178\" data-end=\"227\"><strong data-start=\"178\" data-end=\"193\">Fabricant :<\/strong> Pi\u00e8ce de rechange<\/p>\n<\/li>\n<li data-start=\"228\" data-end=\"294\">\n<p data-start=\"230\" data-end=\"294\"><strong data-start=\"230\" data-end=\"243\">Boutons :<\/strong> 3 \/ Verrouillage, D\u00e9verrouillage, Alarme<\/p>\n<\/li>\n<li data-start=\"295\" data-end=\"328\">\n<p data-start=\"297\" data-end=\"328\"><strong data-start=\"297\" data-end=\"319\">Pav\u00e9s de boutons :<\/strong> Inclus<\/p>\n<\/li>\n<li data-start=\"329\" data-end=\"390\">\n<p data-start=\"331\" data-end=\"390\"><strong data-start=\"331\" data-end=\"388\">Coque uniquement \u2013 Pas d\u2019\u00e9lectronique interne incluse<\/strong><\/p>\n<\/li>\n<li data-start=\"391\" data-end=\"443\">\n<p data-start=\"393\" data-end=\"443\"><strong data-start=\"393\" data-end=\"432\">Coque de remplacement pour FCC ID :<\/strong> L2C0007T<\/p>\n<\/li>\n<\/ul>\n<p data-start=\"445\" data-end=\"487\"><strong data-start=\"445\" data-end=\"487\">Compatible avec les mod\u00e8les suivants :<\/strong><\/p>\n<ul data-start=\"489\" data-end=\"690\" data-is-last-node=\"\" data-is-only-node=\"\">\n<li data-start=\"489\" data-end=\"525\">\n<p data-start=\"491\" data-end=\"525\">Chevrolet Colorado : 2004 &#8211; 2011<\/p>\n<\/li>\n<li data-start=\"526\" data-end=\"553\">\n<p data-start=\"528\" data-end=\"553\">Hummer H3 : 2006 &#8211; 2010<\/p>\n<\/li>\n<li data-start=\"554\" data-end=\"589\">\n<p data-start=\"556\" data-end=\"589\">Chevrolet Venture : 2002 &#8211; 2005<\/p>\n<\/li>\n<li data-start=\"590\" data-end=\"618\">\n<p data-start=\"592\" data-end=\"618\">GMC Canyon : 2004 &#8211; 2011<\/p>\n<\/li>\n<li data-start=\"619\" data-end=\"658\">\n<p data-start=\"621\" data-end=\"658\">Oldsmobile Silhouette : 2002 &#8211; 2005<\/p>\n<\/li>\n<li data-start=\"659\" data-end=\"690\" data-is-last-node=\"\">\n<p data-start=\"661\" data-end=\"690\" data-is-last-node=\"\">Pontiac Montana : 2002 &#8211; 2005<\/p>\n<\/li>\n<\/ul>\n","protected":false},"excerpt":{"rendered":"<p>Coque de t\u00e9l\u00e9commande sans cl\u00e9 3 boutons compatible avec FCC ID L2C0007T pour Hummer, Pontiac, Chevrolet, Oldsmobile (2004-2011) : Fabricant<\/p>\n","protected":false},"featured_media":108935,"comment_status":"open","ping_status":"closed","template":"elementor_theme","meta":{"_relevanssi_hide_post":"","_relevanssi_hide_content":"","_relevanssi_pin_for_all":"","_relevanssi_pin_keywords":"","_relevanssi_unpin_keywords":"","_relevanssi_related_keywords":"","_relevanssi_related_include_ids":"","_relevanssi_related_exclude_ids":"","_relevanssi_related_no_append":"","_relevanssi_related_not_related":"","_relevanssi_related_posts":"","_relevanssi_noindex_reason":""},"product_brand":[],"product_cat":[2638],"product_tag":[],"class_list":{"0":"post-133370","1":"product","2":"type-product","3":"status-publish","4":"has-post-thumbnail","6":"product_cat-coque-de-telecommande","7":"pa_buttons-3-fr","8":"pa_car-makes-chevrolet-fr","9":"pa_car-makes-gmc-fr","10":"pa_car-makes-hummer-fr","11":"pa_car-makes-pontiac-fr","12":"pa_color-black-fr","13":"pa_manufacturers-aftermarket-fr","14":"pa_types-remote-shell-fr","16":"first","17":"instock","18":"shipping-taxable","19":"purchasable","20":"product-type-simple"},"_links":{"self":[{"href":"https:\/\/gskeyae.com\/fr\/wp-json\/wp\/v2\/product\/133370","targetHints":{"allow":["GET"]}}],"collection":[{"href":"https:\/\/gskeyae.com\/fr\/wp-json\/wp\/v2\/product"}],"about":[{"href":"https:\/\/gskeyae.com\/fr\/wp-json\/wp\/v2\/types\/product"}],"replies":[{"embeddable":true,"href":"https:\/\/gskeyae.com\/fr\/wp-json\/wp\/v2\/comments?post=133370"}],"version-history":[{"count":0,"href":"https:\/\/gskeyae.com\/fr\/wp-json\/wp\/v2\/product\/133370\/revisions"}],"wp:featuredmedia":[{"embeddable":true,"href":"https:\/\/gskeyae.com\/fr\/wp-json\/wp\/v2\/media\/108935"}],"wp:attachment":[{"href":"https:\/\/gskeyae.com\/fr\/wp-json\/wp\/v2\/media?parent=133370"}],"wp:term":[{"taxonomy":"product_brand","embeddable":true,"href":"https:\/\/gskeyae.com\/fr\/wp-json\/wp\/v2\/product_brand?post=133370"},{"taxonomy":"product_cat","embeddable":true,"href":"https:\/\/gskeyae.com\/fr\/wp-json\/wp\/v2\/product_cat?post=133370"},{"taxonomy":"product_tag","embeddable":true,"href":"https:\/\/gskeyae.com\/fr\/wp-json\/wp\/v2\/product_tag?post=133370"}],"curies":[{"name":"wp","href":"https:\/\/api.w.org\/{rel}","templated":true}]}}