{"id":133295,"date":"2022-10-04T16:47:49","date_gmt":"2022-10-04T12:47:49","guid":{"rendered":"https:\/\/gskeyae.com\/?post_type=product&#038;p=133295"},"modified":"2026-04-11T11:33:08","modified_gmt":"2026-04-11T07:33:08","slug":"coque-de-cle-intelligente-land-rover-range-rover-5-boutons","status":"publish","type":"product","link":"https:\/\/gskeyae.com\/fr\/product\/coque-de-cle-intelligente-land-rover-range-rover-5-boutons\/","title":{"rendered":"Coque de cl\u00e9 intelligente Land Rover Range Rover 2018-2022 5 boutons compatible avec carte Lonsdor"},"content":{"rendered":"<h2 data-start=\"0\" data-end=\"104\">Coque de cl\u00e9 t\u00e9l\u00e9command\u00e9e intelligente Land Rover Range Rover 2018-2022 5 boutons compatible avec carte Lonsdor :<\/h2>\n<p data-start=\"106\" data-end=\"380\">Fabricant : Apr\u00e8s-vente<br data-start=\"129\" data-end=\"132\" \/>Boutons : 5 \/ Verrouillage, D\u00e9verrouillage, Lumi\u00e8re, Hayon, Panique<br data-start=\"201\" data-end=\"204\" data-is-only-node=\"\" \/>Profil de cl\u00e9 : <a href=\"https:\/\/gskeyae.com\/fr\/product\/lame-de-cle-intelligente-land-rover-hu101-lr116873\/\">HU101<\/a> \u2013 Inclus<br data-start=\"234\" data-end=\"237\" \/>Pav\u00e9 des boutons : Inclus<br data-start=\"262\" data-end=\"265\" \/>Coque seule \u2013 Sans circuit imprim\u00e9 ni puce<br data-start=\"307\" data-end=\"310\" \/>Compatible avec carte Lonsdor<br data-start=\"339\" data-end=\"342\" \/>Compatible avec les mod\u00e8les suivants :<\/p>\n<ul>\n<li data-start=\"382\" data-end=\"544\">2018-2022 Land Rover Range Rover Evoque<\/li>\n<li data-start=\"382\" data-end=\"544\">2018-2022 Land Rover Range Rover Sport<\/li>\n<li data-start=\"382\" data-end=\"544\">2018-2022 Land Rover Range Rover Velar<\/li>\n<li data-start=\"382\" data-end=\"544\">2018-2022 Land Rover Range Rover Vogue<\/li>\n<\/ul>\n","protected":false},"excerpt":{"rendered":"<p>Coque de cl\u00e9 t\u00e9l\u00e9command\u00e9e intelligente Land Rover Range Rover 2018-2022 5 boutons compatible avec carte Lonsdor : Fabricant : Apr\u00e8s-venteBoutons<\/p>\n","protected":false},"featured_media":109033,"comment_status":"open","ping_status":"closed","template":"elementor_theme","meta":{"_relevanssi_hide_post":"","_relevanssi_hide_content":"","_relevanssi_pin_for_all":"","_relevanssi_pin_keywords":"","_relevanssi_unpin_keywords":"","_relevanssi_related_keywords":"","_relevanssi_related_include_ids":"","_relevanssi_related_exclude_ids":"","_relevanssi_related_no_append":"","_relevanssi_related_not_related":"","_relevanssi_related_posts":"","_relevanssi_noindex_reason":""},"product_brand":[],"product_cat":[2638],"product_tag":[],"class_list":{"0":"post-133295","1":"product","2":"type-product","3":"status-publish","4":"has-post-thumbnail","6":"product_cat-coque-de-telecommande","7":"pa_buttons-5-fr","8":"pa_car-makes-land-rover-fr","9":"pa_color-black-fr","10":"pa_manufacturers-aftermarket-fr","11":"pa_types-remote-shell-fr","13":"first","14":"instock","15":"shipping-taxable","16":"purchasable","17":"product-type-simple"},"_links":{"self":[{"href":"https:\/\/gskeyae.com\/fr\/wp-json\/wp\/v2\/product\/133295","targetHints":{"allow":["GET"]}}],"collection":[{"href":"https:\/\/gskeyae.com\/fr\/wp-json\/wp\/v2\/product"}],"about":[{"href":"https:\/\/gskeyae.com\/fr\/wp-json\/wp\/v2\/types\/product"}],"replies":[{"embeddable":true,"href":"https:\/\/gskeyae.com\/fr\/wp-json\/wp\/v2\/comments?post=133295"}],"version-history":[{"count":0,"href":"https:\/\/gskeyae.com\/fr\/wp-json\/wp\/v2\/product\/133295\/revisions"}],"wp:featuredmedia":[{"embeddable":true,"href":"https:\/\/gskeyae.com\/fr\/wp-json\/wp\/v2\/media\/109033"}],"wp:attachment":[{"href":"https:\/\/gskeyae.com\/fr\/wp-json\/wp\/v2\/media?parent=133295"}],"wp:term":[{"taxonomy":"product_brand","embeddable":true,"href":"https:\/\/gskeyae.com\/fr\/wp-json\/wp\/v2\/product_brand?post=133295"},{"taxonomy":"product_cat","embeddable":true,"href":"https:\/\/gskeyae.com\/fr\/wp-json\/wp\/v2\/product_cat?post=133295"},{"taxonomy":"product_tag","embeddable":true,"href":"https:\/\/gskeyae.com\/fr\/wp-json\/wp\/v2\/product_tag?post=133295"}],"curies":[{"name":"wp","href":"https:\/\/api.w.org\/{rel}","templated":true}]}}