{"id":133267,"date":"2022-10-05T11:57:53","date_gmt":"2022-10-05T07:57:53","guid":{"rendered":"https:\/\/gskeyae.com\/?post_type=product&#038;p=133267"},"modified":"2026-04-13T15:33:14","modified_gmt":"2026-04-13T11:33:14","slug":"coque-de-cle-fobik-5-boutons-chrysler-dodge-jeep-y171","status":"publish","type":"product","link":"https:\/\/gskeyae.com\/fr\/product\/coque-de-cle-fobik-5-boutons-chrysler-dodge-jeep-y171\/","title":{"rendered":"Coque de cl\u00e9 t\u00e9l\u00e9commande Fobik 5 boutons pour Chrysler Dodge Jeep VW 2008-2019"},"content":{"rendered":"<p data-start=\"40\" data-end=\"145\"><strong data-start=\"40\" data-end=\"145\">Coque de cl\u00e9 t\u00e9l\u00e9commande Fobik 5 boutons avec lame Y171 pour Chrysler, Dodge, Jeep, VW (2008-2019) :<\/strong><\/p>\n<ul data-start=\"147\" data-end=\"611\">\n<li data-start=\"147\" data-end=\"192\">\n<p data-start=\"149\" data-end=\"192\"><strong data-start=\"149\" data-end=\"164\">Fabricant :<\/strong> Apr\u00e8s-vente<\/p>\n<\/li>\n<li data-start=\"193\" data-end=\"230\">\n<p data-start=\"195\" data-end=\"230\"><strong data-start=\"195\" data-end=\"214\">Profil de cl\u00e9 :<\/strong> Y171 \/ Inclus<\/p>\n<\/li>\n<li data-start=\"231\" data-end=\"319\">\n<p data-start=\"233\" data-end=\"319\"><strong data-start=\"233\" data-end=\"246\">Boutons :<\/strong> 5 \/ Verrouillage, D\u00e9verrouillage, Alarme, Vitre arri\u00e8re, Hayon<\/p>\n<\/li>\n<li data-start=\"320\" data-end=\"352\">\n<p data-start=\"322\" data-end=\"352\"><strong data-start=\"322\" data-end=\"343\">Pav\u00e9 de boutons :<\/strong> Inclus<\/p>\n<\/li>\n<li data-start=\"353\" data-end=\"384\">\n<p data-start=\"355\" data-end=\"384\"><strong data-start=\"355\" data-end=\"382\">Coque neuve apr\u00e8s-vente<\/strong><\/p>\n<\/li>\n<li data-start=\"385\" data-end=\"442\">\n<p data-start=\"387\" data-end=\"442\"><strong data-start=\"387\" data-end=\"440\">Coque uniquement \u2013 composants internes non inclus<\/strong><\/p>\n<\/li>\n<li data-start=\"443\" data-end=\"569\">\n<p data-start=\"445\" data-end=\"569\"><strong data-start=\"445\" data-end=\"502\">Coque de remplacement pour les num\u00e9ros de pi\u00e8ce OEM :<\/strong><br data-start=\"502\" data-end=\"505\" \/>68051665AE \/ 68051665AG \/ 68051665AB \/ 68051665AC \/ 68051665AD<\/p>\n<\/li>\n<li data-start=\"570\" data-end=\"611\">\n<p data-start=\"572\" data-end=\"611\"><strong data-start=\"572\" data-end=\"600\">Compatible avec FCC ID :<\/strong> IYZ-C01C<\/p>\n<\/li>\n<\/ul>\n<p data-start=\"613\" data-end=\"655\"><strong data-start=\"613\" data-end=\"655\">Compatible avec les mod\u00e8les suivants :<\/strong><\/p>\n<ul data-start=\"657\" data-end=\"1057\">\n<li data-start=\"657\" data-end=\"687\">\n<p data-start=\"659\" data-end=\"687\">Chrysler 300 (2008 &#8211; 2010)<\/p>\n<\/li>\n<li data-start=\"688\" data-end=\"729\">\n<p data-start=\"690\" data-end=\"729\">Chrysler Town &amp; Country (2008 &#8211; 2016)<\/p>\n<\/li>\n<li data-start=\"730\" data-end=\"764\">\n<p data-start=\"732\" data-end=\"764\">Dodge Challenger (2008 &#8211; 2010)<\/p>\n<\/li>\n<li data-start=\"765\" data-end=\"796\">\n<p data-start=\"767\" data-end=\"796\">Dodge Charger (2008 &#8211; 2010)<\/p>\n<\/li>\n<li data-start=\"797\" data-end=\"828\">\n<p data-start=\"799\" data-end=\"828\">Dodge Durango (2011 &#8211; 2013)<\/p>\n<\/li>\n<li data-start=\"829\" data-end=\"866\">\n<p data-start=\"831\" data-end=\"866\">Dodge Grand Caravan (2008 &#8211; 2019)<\/p>\n<\/li>\n<li data-start=\"867\" data-end=\"898\">\n<p data-start=\"869\" data-end=\"898\">Dodge Journey (2008 &#8211; 2010)<\/p>\n<\/li>\n<li data-start=\"899\" data-end=\"922\">\n<p data-start=\"901\" data-end=\"922\">Dodge Magnum (2008)<\/p>\n<\/li>\n<li data-start=\"923\" data-end=\"950\">\n<p data-start=\"925\" data-end=\"950\">Dodge RAM (2009 &#8211; 2012)<\/p>\n<\/li>\n<li data-start=\"951\" data-end=\"983\">\n<p data-start=\"953\" data-end=\"983\">Jeep Commander (2008 &#8211; 2010)<\/p>\n<\/li>\n<li data-start=\"984\" data-end=\"1021\">\n<p data-start=\"986\" data-end=\"1021\">Jeep Grand Cherokee (2008 &#8211; 2010)<\/p>\n<\/li>\n<li data-start=\"1022\" data-end=\"1057\">\n<p data-start=\"1024\" data-end=\"1057\">Volkswagen Routan (2009 &#8211; 2012)<\/p>\n<\/li>\n<\/ul>\n","protected":false},"excerpt":{"rendered":"<p>Coque de cl\u00e9 t\u00e9l\u00e9commande Fobik 5 boutons avec lame Y171 pour Chrysler, Dodge, Jeep, VW (2008-2019) : Fabricant : Apr\u00e8s-vente<\/p>\n","protected":false},"featured_media":109057,"comment_status":"open","ping_status":"closed","template":"elementor_theme","meta":{"_relevanssi_hide_post":"","_relevanssi_hide_content":"","_relevanssi_pin_for_all":"","_relevanssi_pin_keywords":"","_relevanssi_unpin_keywords":"","_relevanssi_related_keywords":"","_relevanssi_related_include_ids":"","_relevanssi_related_exclude_ids":"","_relevanssi_related_no_append":"","_relevanssi_related_not_related":"","_relevanssi_related_posts":"","_relevanssi_noindex_reason":""},"product_brand":[],"product_cat":[2638],"product_tag":[],"class_list":{"0":"post-133267","1":"product","2":"type-product","3":"status-publish","4":"has-post-thumbnail","6":"product_cat-coque-de-telecommande","7":"pa_buttons-5-fr","8":"pa_car-makes-chrysler-fr","9":"pa_car-makes-dodge-fr","10":"pa_car-makes-jeep-fr","11":"pa_color-black-fr","12":"pa_manufacturers-aftermarket-fr","13":"pa_types-remote-shell-fr","15":"first","16":"instock","17":"featured","18":"shipping-taxable","19":"purchasable","20":"product-type-simple"},"_links":{"self":[{"href":"https:\/\/gskeyae.com\/fr\/wp-json\/wp\/v2\/product\/133267","targetHints":{"allow":["GET"]}}],"collection":[{"href":"https:\/\/gskeyae.com\/fr\/wp-json\/wp\/v2\/product"}],"about":[{"href":"https:\/\/gskeyae.com\/fr\/wp-json\/wp\/v2\/types\/product"}],"replies":[{"embeddable":true,"href":"https:\/\/gskeyae.com\/fr\/wp-json\/wp\/v2\/comments?post=133267"}],"version-history":[{"count":0,"href":"https:\/\/gskeyae.com\/fr\/wp-json\/wp\/v2\/product\/133267\/revisions"}],"wp:featuredmedia":[{"embeddable":true,"href":"https:\/\/gskeyae.com\/fr\/wp-json\/wp\/v2\/media\/109057"}],"wp:attachment":[{"href":"https:\/\/gskeyae.com\/fr\/wp-json\/wp\/v2\/media?parent=133267"}],"wp:term":[{"taxonomy":"product_brand","embeddable":true,"href":"https:\/\/gskeyae.com\/fr\/wp-json\/wp\/v2\/product_brand?post=133267"},{"taxonomy":"product_cat","embeddable":true,"href":"https:\/\/gskeyae.com\/fr\/wp-json\/wp\/v2\/product_cat?post=133267"},{"taxonomy":"product_tag","embeddable":true,"href":"https:\/\/gskeyae.com\/fr\/wp-json\/wp\/v2\/product_tag?post=133267"}],"curies":[{"name":"wp","href":"https:\/\/api.w.org\/{rel}","templated":true}]}}