{"id":132653,"date":"2022-10-17T12:31:34","date_gmt":"2022-10-17T08:31:34","guid":{"rendered":"https:\/\/gskeyae.com\/?post_type=product&#038;p=132653"},"modified":"2025-12-17T20:04:07","modified_gmt":"2025-12-17T16:04:07","slug":"coque-de-cle-intelligente-nissan-qashqai-285e3-bc40a","status":"publish","type":"product","link":"https:\/\/gskeyae.com\/fr\/product\/coque-de-cle-intelligente-nissan-qashqai-285e3-bc40a\/","title":{"rendered":"Coque de cl\u00e9 intelligente d&rsquo;origine Nissan Qashqai 2005-2014 285E3-BC40A"},"content":{"rendered":"<h2 data-start=\"0\" data-end=\"89\">Coque de cl\u00e9 intelligente d&rsquo;origine Nissan Qashqai 2005-2014, r\u00e9f\u00e9rence OEM 285E3-BC40A :<\/h2>\n<p data-start=\"91\" data-end=\"327\">Fabricant : Nissan \/ Original OEM<br data-start=\"124\" data-end=\"127\" \/>Num\u00e9ro de pi\u00e8ce OEM : 285E3-BC40A, 285E3BC40A<br data-start=\"172\" data-end=\"175\" data-is-only-node=\"\" \/>Compatible avec les t\u00e9l\u00e9commandes portant les num\u00e9ros OEM : 285E3-4X00A, 285E34X00A \/ 285E3-EB30A, 285E3EB30A<br data-start=\"284\" data-end=\"287\" \/>Compatible avec les mod\u00e8les suivants :<\/p>\n<ul>\n<li data-start=\"329\" data-end=\"355\">2005 &#8211; 2014 Nissan Qashqai<\/li>\n<\/ul>\n","protected":false},"excerpt":{"rendered":"<p>Coque de cl\u00e9 intelligente d&rsquo;origine Nissan Qashqai 2005-2014, r\u00e9f\u00e9rence OEM 285E3-BC40A : Fabricant : Nissan \/ Original OEMNum\u00e9ro de pi\u00e8ce<\/p>\n","protected":false},"featured_media":109523,"comment_status":"open","ping_status":"closed","template":"elementor_theme","meta":{"_relevanssi_hide_post":"","_relevanssi_hide_content":"","_relevanssi_pin_for_all":"","_relevanssi_pin_keywords":"","_relevanssi_unpin_keywords":"","_relevanssi_related_keywords":"","_relevanssi_related_include_ids":"","_relevanssi_related_exclude_ids":"","_relevanssi_related_no_append":"","_relevanssi_related_not_related":"","_relevanssi_related_posts":"","_relevanssi_noindex_reason":""},"product_brand":[],"product_cat":[2638],"product_tag":[],"class_list":{"0":"post-132653","1":"product","2":"type-product","3":"status-publish","4":"has-post-thumbnail","6":"product_cat-coque-de-telecommande","7":"pa_car-makes-nissan-fr","8":"pa_color-black-fr","9":"pa_manufacturers-genuine-oem-fr","10":"pa_types-remote-shell-fr","12":"first","13":"instock","14":"shipping-taxable","15":"purchasable","16":"product-type-simple"},"_links":{"self":[{"href":"https:\/\/gskeyae.com\/fr\/wp-json\/wp\/v2\/product\/132653","targetHints":{"allow":["GET"]}}],"collection":[{"href":"https:\/\/gskeyae.com\/fr\/wp-json\/wp\/v2\/product"}],"about":[{"href":"https:\/\/gskeyae.com\/fr\/wp-json\/wp\/v2\/types\/product"}],"replies":[{"embeddable":true,"href":"https:\/\/gskeyae.com\/fr\/wp-json\/wp\/v2\/comments?post=132653"}],"version-history":[{"count":0,"href":"https:\/\/gskeyae.com\/fr\/wp-json\/wp\/v2\/product\/132653\/revisions"}],"wp:featuredmedia":[{"embeddable":true,"href":"https:\/\/gskeyae.com\/fr\/wp-json\/wp\/v2\/media\/109523"}],"wp:attachment":[{"href":"https:\/\/gskeyae.com\/fr\/wp-json\/wp\/v2\/media?parent=132653"}],"wp:term":[{"taxonomy":"product_brand","embeddable":true,"href":"https:\/\/gskeyae.com\/fr\/wp-json\/wp\/v2\/product_brand?post=132653"},{"taxonomy":"product_cat","embeddable":true,"href":"https:\/\/gskeyae.com\/fr\/wp-json\/wp\/v2\/product_cat?post=132653"},{"taxonomy":"product_tag","embeddable":true,"href":"https:\/\/gskeyae.com\/fr\/wp-json\/wp\/v2\/product_tag?post=132653"}],"curies":[{"name":"wp","href":"https:\/\/api.w.org\/{rel}","templated":true}]}}