{"id":132497,"date":"2023-03-23T10:57:12","date_gmt":"2023-03-23T06:57:12","guid":{"rendered":"https:\/\/gskeyae.com\/?post_type=product&#038;p=132497"},"modified":"2026-04-11T15:33:10","modified_gmt":"2026-04-11T11:33:10","slug":"coque-de-telecommande-honda-2-boutons-sans-lame-de-cle","status":"publish","type":"product","link":"https:\/\/gskeyae.com\/fr\/product\/coque-de-telecommande-honda-2-boutons-sans-lame-de-cle\/","title":{"rendered":"Coque de t\u00e9l\u00e9commande Honda Civic CR-V 2003-2012 2 boutons sans lame de cl\u00e9"},"content":{"rendered":"<h2 data-start=\"40\" data-end=\"121\">Coque de t\u00e9l\u00e9commande Honda Civic CR-V 2003-2012, 2 boutons, sans lame de cl\u00e9<\/h2>\n<ul data-start=\"123\" data-end=\"523\">\n<li data-start=\"123\" data-end=\"174\">\n<p data-start=\"125\" data-end=\"174\"><strong data-start=\"125\" data-end=\"140\">Fabricant :<\/strong> Pi\u00e8ce de rechange<\/p>\n<\/li>\n<li data-start=\"175\" data-end=\"223\">\n<p data-start=\"177\" data-end=\"223\"><strong data-start=\"177\" data-end=\"190\">Boutons :<\/strong> 2 (Verrouiller, D\u00e9verrouiller)<\/p>\n<\/li>\n<li data-start=\"224\" data-end=\"310\">\n<p data-start=\"226\" data-end=\"310\"><strong data-start=\"226\" data-end=\"243\">Lame de cl\u00e9 :<\/strong> HON66 \/ Non incluse \u2013 Cette coque ne comprend pas de lame de cl\u00e9<\/p>\n<\/li>\n<li data-start=\"311\" data-end=\"418\">\n<p data-start=\"313\" data-end=\"418\"><strong data-start=\"313\" data-end=\"333\">Coque uniquement<\/strong> \u2013 Cette coque de cl\u00e9 ne contient aucun composant \u00e9lectronique ni puce transpondeur<\/p>\n<\/li>\n<li data-start=\"419\" data-end=\"523\">\n<p data-start=\"421\" data-end=\"523\"><strong data-start=\"421\" data-end=\"439\">Installation :<\/strong> Facile \u00e0 installer en transf\u00e9rant l\u2019\u00e9lectronique d\u2019origine dans la nouvelle coque<\/p>\n<\/li>\n<\/ul>\n<p data-start=\"525\" data-end=\"546\"><strong data-start=\"525\" data-end=\"544\">Compatibilit\u00e9 :<\/strong><\/p>\n<ul data-start=\"547\" data-end=\"682\">\n<li data-start=\"547\" data-end=\"574\">\n<p data-start=\"549\" data-end=\"574\">Honda Civic 2006 \u2013 2012<\/p>\n<\/li>\n<li data-start=\"575\" data-end=\"601\">\n<p data-start=\"577\" data-end=\"601\">Honda CR-V 2006 \u2013 2009<\/p>\n<\/li>\n<li data-start=\"602\" data-end=\"628\">\n<p data-start=\"604\" data-end=\"628\">Honda FR-V 2007 \u2013 2009<\/p>\n<\/li>\n<li data-start=\"629\" data-end=\"655\">\n<p data-start=\"631\" data-end=\"655\">Honda Jazz 2003 \u2013 2008<\/p>\n<\/li>\n<li data-start=\"656\" data-end=\"682\">\n<p data-start=\"658\" data-end=\"682\">Honda MR-V 2004 \u2013 2009<\/p>\n<\/li>\n<\/ul>\n","protected":false},"excerpt":{"rendered":"<p>Coque de t\u00e9l\u00e9commande Honda Civic CR-V 2003-2012, 2 boutons, sans lame de cl\u00e9 Fabricant : Pi\u00e8ce de rechange Boutons :<\/p>\n","protected":false},"featured_media":113061,"comment_status":"open","ping_status":"closed","template":"elementor_theme","meta":{"_relevanssi_hide_post":"","_relevanssi_hide_content":"","_relevanssi_pin_for_all":"","_relevanssi_pin_keywords":"","_relevanssi_unpin_keywords":"","_relevanssi_related_keywords":"","_relevanssi_related_include_ids":"","_relevanssi_related_exclude_ids":"","_relevanssi_related_no_append":"","_relevanssi_related_not_related":"","_relevanssi_related_posts":"","_relevanssi_noindex_reason":""},"product_brand":[],"product_cat":[2638],"product_tag":[],"class_list":{"0":"post-132497","1":"product","2":"type-product","3":"status-publish","4":"has-post-thumbnail","6":"product_cat-coque-de-telecommande","7":"pa_buttons-2-fr","8":"pa_car-makes-honda-fr","9":"pa_color-black-fr","10":"pa_manufacturers-aftermarket-fr","11":"pa_types-remote-shell-fr","13":"first","14":"instock","15":"shipping-taxable","16":"purchasable","17":"product-type-simple"},"_links":{"self":[{"href":"https:\/\/gskeyae.com\/fr\/wp-json\/wp\/v2\/product\/132497","targetHints":{"allow":["GET"]}}],"collection":[{"href":"https:\/\/gskeyae.com\/fr\/wp-json\/wp\/v2\/product"}],"about":[{"href":"https:\/\/gskeyae.com\/fr\/wp-json\/wp\/v2\/types\/product"}],"replies":[{"embeddable":true,"href":"https:\/\/gskeyae.com\/fr\/wp-json\/wp\/v2\/comments?post=132497"}],"version-history":[{"count":0,"href":"https:\/\/gskeyae.com\/fr\/wp-json\/wp\/v2\/product\/132497\/revisions"}],"wp:featuredmedia":[{"embeddable":true,"href":"https:\/\/gskeyae.com\/fr\/wp-json\/wp\/v2\/media\/113061"}],"wp:attachment":[{"href":"https:\/\/gskeyae.com\/fr\/wp-json\/wp\/v2\/media?parent=132497"}],"wp:term":[{"taxonomy":"product_brand","embeddable":true,"href":"https:\/\/gskeyae.com\/fr\/wp-json\/wp\/v2\/product_brand?post=132497"},{"taxonomy":"product_cat","embeddable":true,"href":"https:\/\/gskeyae.com\/fr\/wp-json\/wp\/v2\/product_cat?post=132497"},{"taxonomy":"product_tag","embeddable":true,"href":"https:\/\/gskeyae.com\/fr\/wp-json\/wp\/v2\/product_tag?post=132497"}],"curies":[{"name":"wp","href":"https:\/\/api.w.org\/{rel}","templated":true}]}}