{"id":132425,"date":"2023-07-08T11:44:40","date_gmt":"2023-07-08T07:44:40","guid":{"rendered":"https:\/\/gskeyae.com\/?post_type=product&#038;p=132425"},"modified":"2025-12-22T11:35:07","modified_gmt":"2025-12-22T07:35:07","slug":"coque-de-telecommande-chevrolet-silverado-colorado-4-boutons","status":"publish","type":"product","link":"https:\/\/gskeyae.com\/fr\/product\/coque-de-telecommande-chevrolet-silverado-colorado-4-boutons\/","title":{"rendered":"Coque de t\u00e9l\u00e9commande 4 boutons sans logo pour Chevrolet Silverado \/ Colorado 2015-2016"},"content":{"rendered":"<h2 data-start=\"0\" data-end=\"115\">Coque de t\u00e9l\u00e9commande 4 boutons avec d\u00e9marrage \u00e0 distance sans logo pour Chevrolet Silverado \/ Colorado 2015-2016 :<\/h2>\n<p data-start=\"117\" data-end=\"597\"><strong data-start=\"117\" data-end=\"130\">Fabricant<\/strong> : Apr\u00e8s-vente<br data-start=\"144\" data-end=\"147\" \/><strong data-start=\"147\" data-end=\"158\">Boutons<\/strong> : 4 \/ Verrouillage, D\u00e9verrouillage, D\u00e9marrage \u00e0 distance, Alarme (Panic)<br data-start=\"231\" data-end=\"234\" data-is-only-node=\"\" \/><strong data-start=\"234\" data-end=\"242\">\u00c9tat<\/strong> : Neuf<br data-start=\"249\" data-end=\"252\" \/><strong data-start=\"252\" data-end=\"265\">Sans logo<\/strong><br data-start=\"265\" data-end=\"268\" \/><strong data-start=\"268\" data-end=\"288\">Coque uniquement<\/strong> \u2013 Les composants \u00e9lectroniques internes (puce transpondeur, carte de circuit imprim\u00e9, batterie) ne sont pas inclus<br data-start=\"403\" data-end=\"406\" \/><strong data-start=\"406\" data-end=\"433\">Bo\u00eetier de remplacement<\/strong> pour les r\u00e9f\u00e9rences OEM : 13577770 \/ 32337100 \/ 84540865 \/ 13580082<br data-start=\"501\" data-end=\"504\" \/><strong data-start=\"504\" data-end=\"530\">Compatible avec FCC ID<\/strong> : M3N-32337100, M3N32337100<br data-start=\"558\" data-end=\"561\" \/><strong data-start=\"561\" data-end=\"578\">IC compatible<\/strong> : 7812A-32337100<\/p>\n<p data-start=\"599\" data-end=\"643\"><strong data-start=\"599\" data-end=\"639\">Compatible avec les mod\u00e8les suivants<\/strong> :<\/p>\n<ul data-start=\"644\" data-end=\"827\" data-is-last-node=\"\" data-is-only-node=\"\">\n<li data-start=\"644\" data-end=\"684\">\n<p data-start=\"646\" data-end=\"684\">2015 &#8211; 2016 Chevrolet Silverado 1500<\/p>\n<\/li>\n<li data-start=\"685\" data-end=\"725\">\n<p data-start=\"687\" data-end=\"725\">2015 &#8211; 2016 Chevrolet Silverado 2500<\/p>\n<\/li>\n<li data-start=\"726\" data-end=\"769\">\n<p data-start=\"728\" data-end=\"769\">2015 &#8211; 2016 Chevrolet Silverado 3500 HD<\/p>\n<\/li>\n<li data-start=\"770\" data-end=\"804\">\n<p data-start=\"772\" data-end=\"804\">2015 &#8211; 2016 Chevrolet Colorado<\/p>\n<\/li>\n<li data-start=\"805\" data-end=\"827\" data-is-last-node=\"\">\n<p data-start=\"807\" data-end=\"827\" data-is-last-node=\"\">2015 Chevrolet Tahoe<\/p>\n<\/li>\n<\/ul>\n","protected":false},"excerpt":{"rendered":"<p>Coque de t\u00e9l\u00e9commande 4 boutons avec d\u00e9marrage \u00e0 distance sans logo pour Chevrolet Silverado \/ Colorado 2015-2016 : Fabricant :<\/p>\n","protected":false},"featured_media":114564,"comment_status":"open","ping_status":"closed","template":"elementor_theme","meta":{"_relevanssi_hide_post":"","_relevanssi_hide_content":"","_relevanssi_pin_for_all":"","_relevanssi_pin_keywords":"","_relevanssi_unpin_keywords":"","_relevanssi_related_keywords":"","_relevanssi_related_include_ids":"","_relevanssi_related_exclude_ids":"","_relevanssi_related_no_append":"","_relevanssi_related_not_related":"","_relevanssi_related_posts":"","_relevanssi_noindex_reason":""},"product_brand":[],"product_cat":[2638],"product_tag":[],"class_list":{"0":"post-132425","1":"product","2":"type-product","3":"status-publish","4":"has-post-thumbnail","6":"product_cat-coque-de-telecommande","7":"pa_buttons-4-fr","8":"pa_car-makes-chevrolet-fr","9":"pa_color-black-fr","10":"pa_manufacturers-aftermarket-fr","11":"pa_types-remote-shell-fr","13":"first","14":"instock","15":"shipping-taxable","16":"purchasable","17":"product-type-simple"},"_links":{"self":[{"href":"https:\/\/gskeyae.com\/fr\/wp-json\/wp\/v2\/product\/132425","targetHints":{"allow":["GET"]}}],"collection":[{"href":"https:\/\/gskeyae.com\/fr\/wp-json\/wp\/v2\/product"}],"about":[{"href":"https:\/\/gskeyae.com\/fr\/wp-json\/wp\/v2\/types\/product"}],"replies":[{"embeddable":true,"href":"https:\/\/gskeyae.com\/fr\/wp-json\/wp\/v2\/comments?post=132425"}],"version-history":[{"count":0,"href":"https:\/\/gskeyae.com\/fr\/wp-json\/wp\/v2\/product\/132425\/revisions"}],"wp:featuredmedia":[{"embeddable":true,"href":"https:\/\/gskeyae.com\/fr\/wp-json\/wp\/v2\/media\/114564"}],"wp:attachment":[{"href":"https:\/\/gskeyae.com\/fr\/wp-json\/wp\/v2\/media?parent=132425"}],"wp:term":[{"taxonomy":"product_brand","embeddable":true,"href":"https:\/\/gskeyae.com\/fr\/wp-json\/wp\/v2\/product_brand?post=132425"},{"taxonomy":"product_cat","embeddable":true,"href":"https:\/\/gskeyae.com\/fr\/wp-json\/wp\/v2\/product_cat?post=132425"},{"taxonomy":"product_tag","embeddable":true,"href":"https:\/\/gskeyae.com\/fr\/wp-json\/wp\/v2\/product_tag?post=132425"}],"curies":[{"name":"wp","href":"https:\/\/api.w.org\/{rel}","templated":true}]}}