{"id":132417,"date":"2023-07-17T15:25:26","date_gmt":"2023-07-17T11:25:26","guid":{"rendered":"https:\/\/gskeyae.com\/?post_type=product&#038;p=132417"},"modified":"2026-04-13T17:33:13","modified_gmt":"2026-04-13T13:33:13","slug":"coque-de-cle-pliante-pour-telecommande-mitsubishi-lancer-2-boutons-modifiee","status":"publish","type":"product","link":"https:\/\/gskeyae.com\/fr\/product\/coque-de-cle-pliante-pour-telecommande-mitsubishi-lancer-2-boutons-modifiee\/","title":{"rendered":"Coque de cl\u00e9 pliante pour t\u00e9l\u00e9commande Mitsubishi Lancer 2006-2014 2 boutons MIT11R modifi\u00e9e"},"content":{"rendered":"<h2 data-start=\"0\" data-end=\"84\">Coque de cl\u00e9 pliante pour t\u00e9l\u00e9commande Mitsubishi Lancer 2 boutons MIT11R modifi\u00e9e :<\/h2>\n<p data-start=\"86\" data-end=\"271\">Fabricant : Apr\u00e8s-vente<br data-start=\"109\" data-end=\"112\" \/>Profil de cl\u00e9 : MIT11R \/ Inclus<br data-start=\"143\" data-end=\"146\" \/>Boutons : 2 \/ Verrouiller, D\u00e9verrouiller<br data-start=\"186\" data-end=\"189\" \/>Coque seule \u2013 Pas de circuit imprim\u00e9 \u00e0 l\u2019int\u00e9rieur<br data-start=\"239\" data-end=\"242\" \/>Plaque de boutons : Incluse<\/p>\n<p data-start=\"273\" data-end=\"311\"><strong>Compatible avec les mod\u00e8les suivants :<\/strong><\/p>\n<ul data-start=\"313\" data-end=\"516\" data-is-last-node=\"\" data-is-only-node=\"\">\n<li data-start=\"313\" data-end=\"343\">\n<p data-start=\"315\" data-end=\"343\">Mitsubishi ASX 2004 &#8211; 2015<\/p>\n<\/li>\n<li data-start=\"344\" data-end=\"378\">\n<p data-start=\"346\" data-end=\"378\">Mitsubishi Attrage 2014 &#8211; 2017<\/p>\n<\/li>\n<li data-start=\"379\" data-end=\"413\">\n<p data-start=\"381\" data-end=\"413\">Mitsubishi Grandis 2004 &#8211; 2011<\/p>\n<\/li>\n<li data-start=\"414\" data-end=\"447\">\n<p data-start=\"416\" data-end=\"447\">Mitsubishi i-MiEV 2004 &#8211; 2011<\/p>\n<\/li>\n<li data-start=\"448\" data-end=\"481\">\n<p data-start=\"450\" data-end=\"481\">Mitsubishi Lancer 2006 &#8211; 2014<\/p>\n<\/li>\n<li data-start=\"482\" data-end=\"516\" data-is-last-node=\"\">\n<p data-start=\"484\" data-end=\"516\" data-is-last-node=\"\">Mitsubishi Outlander 2005 &#8211; 2010<\/p>\n<\/li>\n<\/ul>\n","protected":false},"excerpt":{"rendered":"<p>Coque de cl\u00e9 pliante pour t\u00e9l\u00e9commande Mitsubishi Lancer 2 boutons MIT11R modifi\u00e9e : Fabricant : Apr\u00e8s-venteProfil de cl\u00e9 : MIT11R<\/p>\n","protected":false},"featured_media":114757,"comment_status":"open","ping_status":"closed","template":"elementor_theme","meta":{"_relevanssi_hide_post":"","_relevanssi_hide_content":"","_relevanssi_pin_for_all":"","_relevanssi_pin_keywords":"","_relevanssi_unpin_keywords":"","_relevanssi_related_keywords":"","_relevanssi_related_include_ids":"","_relevanssi_related_exclude_ids":"","_relevanssi_related_no_append":"","_relevanssi_related_not_related":"","_relevanssi_related_posts":"","_relevanssi_noindex_reason":""},"product_brand":[],"product_cat":[2638],"product_tag":[],"class_list":{"0":"post-132417","1":"product","2":"type-product","3":"status-publish","4":"has-post-thumbnail","6":"product_cat-coque-de-telecommande","7":"pa_buttons-2-fr","8":"pa_car-makes-mitsubishi-fr","9":"pa_color-black-fr","10":"pa_manufacturers-aftermarket-fr","11":"pa_types-remote-shell-fr","13":"first","14":"instock","15":"shipping-taxable","16":"purchasable","17":"product-type-simple"},"_links":{"self":[{"href":"https:\/\/gskeyae.com\/fr\/wp-json\/wp\/v2\/product\/132417","targetHints":{"allow":["GET"]}}],"collection":[{"href":"https:\/\/gskeyae.com\/fr\/wp-json\/wp\/v2\/product"}],"about":[{"href":"https:\/\/gskeyae.com\/fr\/wp-json\/wp\/v2\/types\/product"}],"replies":[{"embeddable":true,"href":"https:\/\/gskeyae.com\/fr\/wp-json\/wp\/v2\/comments?post=132417"}],"version-history":[{"count":0,"href":"https:\/\/gskeyae.com\/fr\/wp-json\/wp\/v2\/product\/132417\/revisions"}],"wp:featuredmedia":[{"embeddable":true,"href":"https:\/\/gskeyae.com\/fr\/wp-json\/wp\/v2\/media\/114757"}],"wp:attachment":[{"href":"https:\/\/gskeyae.com\/fr\/wp-json\/wp\/v2\/media?parent=132417"}],"wp:term":[{"taxonomy":"product_brand","embeddable":true,"href":"https:\/\/gskeyae.com\/fr\/wp-json\/wp\/v2\/product_brand?post=132417"},{"taxonomy":"product_cat","embeddable":true,"href":"https:\/\/gskeyae.com\/fr\/wp-json\/wp\/v2\/product_cat?post=132417"},{"taxonomy":"product_tag","embeddable":true,"href":"https:\/\/gskeyae.com\/fr\/wp-json\/wp\/v2\/product_tag?post=132417"}],"curies":[{"name":"wp","href":"https:\/\/api.w.org\/{rel}","templated":true}]}}