{"id":132354,"date":"2023-12-13T11:34:58","date_gmt":"2023-12-13T07:34:58","guid":{"rendered":"https:\/\/gskeyae.com\/?post_type=product&#038;p=132354"},"modified":"2026-04-11T17:33:13","modified_gmt":"2026-04-11T13:33:13","slug":"coque-de-cle-telecommande-intelligente-kia-soul-3-boutons","status":"publish","type":"product","link":"https:\/\/gskeyae.com\/fr\/product\/coque-de-cle-telecommande-intelligente-kia-soul-3-boutons\/","title":{"rendered":"Coque de cl\u00e9 t\u00e9l\u00e9commande intelligente KIA Soul 2016-2018 3 boutons"},"content":{"rendered":"<h2 data-start=\"40\" data-end=\"144\">Coque de cl\u00e9 t\u00e9l\u00e9commande intelligente pour KIA Soul 2016-2018, 3 boutons \u2013 Rechange :<\/h2>\n<ul data-start=\"146\" data-end=\"380\">\n<li data-start=\"146\" data-end=\"210\">\n<p data-start=\"148\" data-end=\"210\"><strong data-start=\"148\" data-end=\"167\">Profil de cl\u00e9 :<\/strong> Identique \u00e0 81996-A2010 \u2013 HY20 \/ Incluse<\/p>\n<\/li>\n<li data-start=\"211\" data-end=\"269\">\n<p data-start=\"213\" data-end=\"269\"><strong data-start=\"213\" data-end=\"226\">Boutons :<\/strong> 3 \/ Verrouillage, D\u00e9verrouillage, Coffre<\/p>\n<\/li>\n<li data-start=\"270\" data-end=\"334\">\n<p data-start=\"272\" data-end=\"334\"><strong data-start=\"272\" data-end=\"332\">Coque uniquement \u2013 Sans carte \u00e9lectronique \u00e0 l\u2019int\u00e9rieur<\/strong><\/p>\n<\/li>\n<li data-start=\"335\" data-end=\"380\">\n<p data-start=\"337\" data-end=\"380\"><strong data-start=\"337\" data-end=\"378\">Coque neuve de rechange<\/strong><\/p>\n<\/li>\n<\/ul>\n<p data-start=\"382\" data-end=\"426\"><strong data-start=\"382\" data-end=\"424\">Compatible avec les mod\u00e8les suivants :<\/strong><\/p>\n<ul data-start=\"427\" data-end=\"451\">\n<li data-start=\"427\" data-end=\"451\">\n<p data-start=\"429\" data-end=\"451\">KIA Soul 2016 &#8211; 2018<\/p>\n<\/li>\n<\/ul>\n","protected":false},"excerpt":{"rendered":"<p>Coque de cl\u00e9 t\u00e9l\u00e9commande intelligente pour KIA Soul 2016-2018, 3 boutons \u2013 Rechange : Profil de cl\u00e9 : Identique \u00e0<\/p>\n","protected":false},"featured_media":118727,"comment_status":"open","ping_status":"closed","template":"elementor_theme","meta":{"_relevanssi_hide_post":"","_relevanssi_hide_content":"","_relevanssi_pin_for_all":"","_relevanssi_pin_keywords":"","_relevanssi_unpin_keywords":"","_relevanssi_related_keywords":"","_relevanssi_related_include_ids":"","_relevanssi_related_exclude_ids":"","_relevanssi_related_no_append":"","_relevanssi_related_not_related":"","_relevanssi_related_posts":"","_relevanssi_noindex_reason":""},"product_brand":[],"product_cat":[2638],"product_tag":[],"class_list":{"0":"post-132354","1":"product","2":"type-product","3":"status-publish","4":"has-post-thumbnail","6":"product_cat-coque-de-telecommande","7":"pa_buttons-3-fr","8":"pa_car-makes-kia-fr","9":"pa_color-black-fr","10":"pa_manufacturers-aftermarket-fr","11":"pa_types-remote-shell-fr","13":"first","14":"instock","15":"shipping-taxable","16":"purchasable","17":"product-type-simple"},"_links":{"self":[{"href":"https:\/\/gskeyae.com\/fr\/wp-json\/wp\/v2\/product\/132354","targetHints":{"allow":["GET"]}}],"collection":[{"href":"https:\/\/gskeyae.com\/fr\/wp-json\/wp\/v2\/product"}],"about":[{"href":"https:\/\/gskeyae.com\/fr\/wp-json\/wp\/v2\/types\/product"}],"replies":[{"embeddable":true,"href":"https:\/\/gskeyae.com\/fr\/wp-json\/wp\/v2\/comments?post=132354"}],"version-history":[{"count":0,"href":"https:\/\/gskeyae.com\/fr\/wp-json\/wp\/v2\/product\/132354\/revisions"}],"wp:featuredmedia":[{"embeddable":true,"href":"https:\/\/gskeyae.com\/fr\/wp-json\/wp\/v2\/media\/118727"}],"wp:attachment":[{"href":"https:\/\/gskeyae.com\/fr\/wp-json\/wp\/v2\/media?parent=132354"}],"wp:term":[{"taxonomy":"product_brand","embeddable":true,"href":"https:\/\/gskeyae.com\/fr\/wp-json\/wp\/v2\/product_brand?post=132354"},{"taxonomy":"product_cat","embeddable":true,"href":"https:\/\/gskeyae.com\/fr\/wp-json\/wp\/v2\/product_cat?post=132354"},{"taxonomy":"product_tag","embeddable":true,"href":"https:\/\/gskeyae.com\/fr\/wp-json\/wp\/v2\/product_tag?post=132354"}],"curies":[{"name":"wp","href":"https:\/\/api.w.org\/{rel}","templated":true}]}}