{"id":132016,"date":"2022-09-27T16:45:45","date_gmt":"2022-09-27T12:45:45","guid":{"rendered":"https:\/\/gskeyae.com\/?post_type=product&#038;p=132016"},"modified":"2026-04-04T15:33:10","modified_gmt":"2026-04-04T11:33:10","slug":"nissan-infiniti-nsn14-coque-de-cle-a-transpondeur-sans-puce","status":"publish","type":"product","link":"https:\/\/gskeyae.com\/fr\/product\/nissan-infiniti-nsn14-coque-de-cle-a-transpondeur-sans-puce\/","title":{"rendered":"2003-2020 Nissan Infiniti NSN14 Coque de cl\u00e9 \u00e0 transpondeur sans puce"},"content":{"rendered":"<h2 data-start=\"0\" data-end=\"101\"><span class=\"_fadeIn_m1hgl_8\">Coque <\/span><span class=\"_fadeIn_m1hgl_8\">de <\/span><span class=\"_fadeIn_m1hgl_8\">cl\u00e9 <\/span><span class=\"_fadeIn_m1hgl_8\">\u00e0 <\/span><span class=\"_fadeIn_m1hgl_8\">transpondeur <\/span><span class=\"_fadeIn_m1hgl_8\">Nissan <\/span><span class=\"_fadeIn_m1hgl_8\">Infiniti <\/span><span class=\"_fadeIn_m1hgl_8\">NSN14 <\/span><span class=\"_fadeIn_m1hgl_8\">2003-<\/span><span class=\"_fadeIn_m1hgl_8\">2020 <\/span><span class=\"_fadeIn_m1hgl_8\">sans <\/span><span class=\"_fadeIn_m1hgl_8\">puce <\/span><span class=\"_fadeIn_m1hgl_8\">avec <\/span><span class=\"_fadeIn_m1hgl_8\">porte-<\/span><span class=\"_fadeIn_m1hgl_8\">puce &#8211; <\/span><span class=\"_fadeIn_m1hgl_8\">Apr\u00e8s-<\/span><span class=\"_fadeIn_m1hgl_8\">vente :<\/span><\/h2>\n<p data-start=\"103\" data-end=\"357\"><span class=\"_fadeIn_m1hgl_8\">Fabricant : <\/span><span class=\"_fadeIn_m1hgl_8\">Apr\u00e8s-<\/span><span class=\"_fadeIn_m1hgl_8\">vente<\/span><br data-start=\"126\" data-end=\"129\" \/><span class=\"_fadeIn_m1hgl_8\">Profil <\/span><span class=\"_fadeIn_m1hgl_8\">de <\/span><span class=\"_fadeIn_m1hgl_8\">cl\u00e9 : <\/span><span class=\"_fadeIn_m1hgl_8\">NSN14<\/span><br data-start=\"150\" data-end=\"153\" \/><span class=\"_fadeIn_m1hgl_8\">Puce <\/span><span class=\"_fadeIn_m1hgl_8\">transpondeur : <\/span><span class=\"_fadeIn_m1hgl_8\">Non <\/span><span class=\"_fadeIn_m1hgl_8\">incluse<\/span><br data-start=\"184\" data-end=\"187\" \/><span class=\"_fadeIn_m1hgl_8\">D\u00e9coupe <\/span><span class=\"_fadeIn_m1hgl_8\">n\u00e9cessaire : <\/span><span class=\"_fadeIn_m1hgl_8\">La <\/span><span class=\"_fadeIn_m1hgl_8\">lame <\/span><span class=\"_fadeIn_m1hgl_8\">de <\/span><span class=\"_fadeIn_m1hgl_8\">cl\u00e9 <\/span><span class=\"_fadeIn_m1hgl_8\">doit <\/span><span class=\"_fadeIn_m1hgl_8\">\u00eatre <\/span><span class=\"_fadeIn_m1hgl_8\">taill\u00e9e <\/span><span class=\"_fadeIn_m1hgl_8\">pour <\/span><span class=\"_fadeIn_m1hgl_8\">correspondre <\/span><span class=\"_fadeIn_m1hgl_8\">au <\/span><span class=\"_fadeIn_m1hgl_8\">profil <\/span><span class=\"_fadeIn_m1hgl_8\">de <\/span><span class=\"_fadeIn_m1hgl_8\">la <\/span><span class=\"_fadeIn_m1hgl_8\">cl\u00e9 <\/span><span class=\"_fadeIn_m1hgl_8\">d\u2019origine.<\/span><br data-start=\"289\" data-end=\"292\" \/><span class=\"_fadeIn_m1hgl_8\">Remplacement <\/span><span class=\"_fadeIn_m1hgl_8\">pour <\/span><span class=\"_fadeIn_m1hgl_8\">la <\/span><span class=\"_fadeIn_m1hgl_8\">pi\u00e8ce <\/span><span class=\"_fadeIn_m1hgl_8\">d\u2019origine <\/span><span class=\"_fadeIn_m1hgl_8\">num\u00e9ro : <\/span><span class=\"_fadeIn_m1hgl_8\">JMA <\/span><span class=\"_fadeIn_m1hgl_8\">TP00DAT-<\/span><span class=\"_fadeIn_m1hgl_8\">15.<\/span><span class=\"_fadeIn_m1hgl_8\">P3<\/span><\/p>\n<p data-start=\"359\" data-end=\"1084\" data-is-last-node=\"\" data-is-only-node=\"\"><strong><span class=\"_fadeIn_m1hgl_8\">Compatibilit\u00e9 <\/span><span class=\"_fadeIn_m1hgl_8\">de <\/span><span class=\"_fadeIn_m1hgl_8\">la <\/span><span class=\"_fadeIn_m1hgl_8\">coque <\/span><span class=\"_fadeIn_m1hgl_8\">de <\/span><span class=\"_fadeIn_m1hgl_8\">cl\u00e9 <\/span><span class=\"_fadeIn_m1hgl_8\">transpondeur <\/span><span class=\"_fadeIn_m1hgl_8\">Nissan <\/span><span class=\"_fadeIn_m1hgl_8\">Infiniti <\/span><span class=\"_fadeIn_m1hgl_8\">NSN14 :<\/span><\/strong><\/p>\n<ul>\n<li data-start=\"359\" data-end=\"1084\"><span class=\"_fadeIn_m1hgl_8\">2003 &#8211; <\/span><span class=\"_fadeIn_m1hgl_8\">2008 <\/span><span class=\"_fadeIn_m1hgl_8\">Infiniti <\/span><span class=\"_fadeIn_m1hgl_8\">FX35<\/span><\/li>\n<li data-start=\"359\" data-end=\"1084\"><span class=\"_fadeIn_m1hgl_8\">2003 &#8211; <\/span><span class=\"_fadeIn_m1hgl_8\">2008 <\/span><span class=\"_fadeIn_m1hgl_8\">Infiniti <\/span><span class=\"_fadeIn_m1hgl_8\">FX45<\/span><\/li>\n<li data-start=\"359\" data-end=\"1084\"><span class=\"_fadeIn_m1hgl_8\">2003 &#8211; <\/span><span class=\"_fadeIn_m1hgl_8\">2007 <\/span><span class=\"_fadeIn_m1hgl_8\">Infiniti <\/span><span class=\"_fadeIn_m1hgl_8\">G35 <\/span><span class=\"_fadeIn_m1hgl_8\">2 <\/span><span class=\"_fadeIn_m1hgl_8\">portes<\/span><\/li>\n<li data-start=\"359\" data-end=\"1084\"><span class=\"_fadeIn_m1hgl_8\">2003 &#8211; <\/span><span class=\"_fadeIn_m1hgl_8\">2006 <\/span><span class=\"_fadeIn_m1hgl_8\">Infiniti <\/span><span class=\"_fadeIn_m1hgl_8\">G35 <\/span><span class=\"_fadeIn_m1hgl_8\">4 <\/span><span class=\"_fadeIn_m1hgl_8\">portes<\/span><\/li>\n<li data-start=\"359\" data-end=\"1084\"><span class=\"_fadeIn_m1hgl_8\">2003 &#8211; <\/span><span class=\"_fadeIn_m1hgl_8\">2003 <\/span><span class=\"_fadeIn_m1hgl_8\">Infiniti <\/span><span class=\"_fadeIn_m1hgl_8\">M45<\/span><\/li>\n<li data-start=\"359\" data-end=\"1084\"><span class=\"_fadeIn_m1hgl_8\">2002 &#8211; <\/span><span class=\"_fadeIn_m1hgl_8\">2005 <\/span><span class=\"_fadeIn_m1hgl_8\">Infiniti <\/span><span class=\"_fadeIn_m1hgl_8\">Q45<\/span><\/li>\n<li data-start=\"359\" data-end=\"1084\"><span class=\"_fadeIn_m1hgl_8\">2004 &#8211; <\/span><span class=\"_fadeIn_m1hgl_8\">2008 <\/span><span class=\"_fadeIn_m1hgl_8\">Infiniti <\/span><span class=\"_fadeIn_m1hgl_8\">QX56<\/span><\/li>\n<li data-start=\"359\" data-end=\"1084\"><span class=\"_fadeIn_m1hgl_8\">2003 &#8211; <\/span><span class=\"_fadeIn_m1hgl_8\">2009 <\/span><span class=\"_fadeIn_m1hgl_8\">Nissan <\/span><span class=\"_fadeIn_m1hgl_8\">350Z<\/span><\/li>\n<li data-start=\"359\" data-end=\"1084\"><span class=\"_fadeIn_m1hgl_8\">2005 &#8211; <\/span><span class=\"_fadeIn_m1hgl_8\">2006 <\/span><span class=\"_fadeIn_m1hgl_8\">Nissan <\/span><span class=\"_fadeIn_m1hgl_8\">Altima<\/span><\/li>\n<li data-start=\"359\" data-end=\"1084\"><span class=\"_fadeIn_m1hgl_8\">2004 &#8211; <\/span><span class=\"_fadeIn_m1hgl_8\">2007 <\/span><span class=\"_fadeIn_m1hgl_8\">Nissan <\/span><span class=\"_fadeIn_m1hgl_8\">Armada<\/span><\/li>\n<li data-start=\"359\" data-end=\"1084\"><span class=\"_fadeIn_m1hgl_8\">2009 &#8211; <\/span><span class=\"_fadeIn_m1hgl_8\">2017 <\/span><span class=\"_fadeIn_m1hgl_8\">Nissan <\/span><span class=\"_fadeIn_m1hgl_8\">Cube<\/span><\/li>\n<li data-start=\"359\" data-end=\"1084\"><span class=\"_fadeIn_m1hgl_8\">2006 &#8211; <\/span><span class=\"_fadeIn_m1hgl_8\">2019 <\/span><span class=\"_fadeIn_m1hgl_8\">Nissan <\/span><span class=\"_fadeIn_m1hgl_8\">Frontier<\/span><\/li>\n<li data-start=\"359\" data-end=\"1084\"><span class=\"_fadeIn_m1hgl_8\">2011 &#8211; <\/span><span class=\"_fadeIn_m1hgl_8\">2018 <\/span><span class=\"_fadeIn_m1hgl_8\">Nissan <\/span><span class=\"_fadeIn_m1hgl_8\">Juke<\/span><\/li>\n<li data-start=\"359\" data-end=\"1084\"><span class=\"_fadeIn_m1hgl_8\">2004 &#8211; <\/span><span class=\"_fadeIn_m1hgl_8\">2006 <\/span><span class=\"_fadeIn_m1hgl_8\">Nissan <\/span><span class=\"_fadeIn_m1hgl_8\">Maxima<\/span><\/li>\n<li data-start=\"359\" data-end=\"1084\"><span class=\"_fadeIn_m1hgl_8\">2003 &#8211; <\/span><span class=\"_fadeIn_m1hgl_8\">2008 <\/span><span class=\"_fadeIn_m1hgl_8\">Nissan <\/span><span class=\"_fadeIn_m1hgl_8\">Murano<\/span><\/li>\n<li data-start=\"359\" data-end=\"1084\"><span class=\"_fadeIn_m1hgl_8\">2012 &#8211; <\/span><span class=\"_fadeIn_m1hgl_8\">2013 <\/span><span class=\"_fadeIn_m1hgl_8\">Nissan <\/span><span class=\"_fadeIn_m1hgl_8\">NV <\/span><span class=\"_fadeIn_m1hgl_8\">Cargo<\/span><\/li>\n<li data-start=\"359\" data-end=\"1084\"><span class=\"_fadeIn_m1hgl_8\">2005 &#8211; <\/span><span class=\"_fadeIn_m1hgl_8\">2018 <\/span><span class=\"_fadeIn_m1hgl_8\">Nissan <\/span><span class=\"_fadeIn_m1hgl_8\">Pathfinder<\/span><\/li>\n<li data-start=\"359\" data-end=\"1084\"><span class=\"_fadeIn_m1hgl_8\">2004 &#8211; <\/span><span class=\"_fadeIn_m1hgl_8\">2010 <\/span><span class=\"_fadeIn_m1hgl_8\">Nissan <\/span><span class=\"_fadeIn_m1hgl_8\">Quest<\/span><\/li>\n<li data-start=\"359\" data-end=\"1084\"><span class=\"_fadeIn_m1hgl_8\">2008 &#8211; <\/span><span class=\"_fadeIn_m1hgl_8\">2018 <\/span><span class=\"_fadeIn_m1hgl_8\">Nissan <\/span><span class=\"_fadeIn_m1hgl_8\">Rogue<\/span><\/li>\n<li data-start=\"359\" data-end=\"1084\"><span class=\"_fadeIn_m1hgl_8\">2007 &#8211; <\/span><span class=\"_fadeIn_m1hgl_8\">2019 <\/span><span class=\"_fadeIn_m1hgl_8\">Nissan <\/span><span class=\"_fadeIn_m1hgl_8\">Sentra<\/span><\/li>\n<li data-start=\"359\" data-end=\"1084\"><span class=\"_fadeIn_m1hgl_8\">2004 &#8211; <\/span><span class=\"_fadeIn_m1hgl_8\">2021 <\/span><span class=\"_fadeIn_m1hgl_8\">Nissan <\/span><span class=\"_fadeIn_m1hgl_8\">Titan<\/span><\/li>\n<li data-start=\"359\" data-end=\"1084\"><span class=\"_fadeIn_m1hgl_8\">2007 &#8211; <\/span><span class=\"_fadeIn_m1hgl_8\">2018 <\/span><span class=\"_fadeIn_m1hgl_8\">Nissan <\/span><span class=\"_fadeIn_m1hgl_8\">Versa<\/span><\/li>\n<li data-start=\"359\" data-end=\"1084\"><span class=\"_fadeIn_m1hgl_8\">2005 &#8211; <\/span><span class=\"_fadeIn_m1hgl_8\">2011 <\/span><span class=\"_fadeIn_m1hgl_8\">Nissan <\/span><span class=\"_fadeIn_m1hgl_8\">Xterra<\/span><\/li>\n<\/ul>\n","protected":false},"excerpt":{"rendered":"<p>Coque de cl\u00e9 \u00e0 transpondeur Nissan Infiniti NSN14 2003-2020 sans puce avec porte-puce &#8211; Apr\u00e8s-vente : Fabricant : Apr\u00e8s-venteProfil de<\/p>\n","protected":false},"featured_media":108715,"comment_status":"open","ping_status":"closed","template":"elementor_theme","meta":{"_relevanssi_hide_post":"","_relevanssi_hide_content":"","_relevanssi_pin_for_all":"","_relevanssi_pin_keywords":"","_relevanssi_unpin_keywords":"","_relevanssi_related_keywords":"","_relevanssi_related_include_ids":"","_relevanssi_related_exclude_ids":"","_relevanssi_related_no_append":"","_relevanssi_related_not_related":"","_relevanssi_related_posts":"","_relevanssi_noindex_reason":""},"product_brand":[],"product_cat":[2654],"product_tag":[],"class_list":{"0":"post-132016","1":"product","2":"type-product","3":"status-publish","4":"has-post-thumbnail","6":"product_cat-coque-de-cle","7":"pa_car-makes-infiniti-fr","8":"pa_car-makes-nissan-fr","9":"pa_color-black-fr","10":"pa_key-profile-nsn14-fr","11":"pa_manufacturers-aftermarket-fr","12":"pa_transponder-chip-no-fr","13":"pa_types-key-shell-fr","15":"first","16":"instock","17":"shipping-taxable","18":"purchasable","19":"product-type-simple"},"_links":{"self":[{"href":"https:\/\/gskeyae.com\/fr\/wp-json\/wp\/v2\/product\/132016","targetHints":{"allow":["GET"]}}],"collection":[{"href":"https:\/\/gskeyae.com\/fr\/wp-json\/wp\/v2\/product"}],"about":[{"href":"https:\/\/gskeyae.com\/fr\/wp-json\/wp\/v2\/types\/product"}],"replies":[{"embeddable":true,"href":"https:\/\/gskeyae.com\/fr\/wp-json\/wp\/v2\/comments?post=132016"}],"version-history":[{"count":0,"href":"https:\/\/gskeyae.com\/fr\/wp-json\/wp\/v2\/product\/132016\/revisions"}],"wp:featuredmedia":[{"embeddable":true,"href":"https:\/\/gskeyae.com\/fr\/wp-json\/wp\/v2\/media\/108715"}],"wp:attachment":[{"href":"https:\/\/gskeyae.com\/fr\/wp-json\/wp\/v2\/media?parent=132016"}],"wp:term":[{"taxonomy":"product_brand","embeddable":true,"href":"https:\/\/gskeyae.com\/fr\/wp-json\/wp\/v2\/product_brand?post=132016"},{"taxonomy":"product_cat","embeddable":true,"href":"https:\/\/gskeyae.com\/fr\/wp-json\/wp\/v2\/product_cat?post=132016"},{"taxonomy":"product_tag","embeddable":true,"href":"https:\/\/gskeyae.com\/fr\/wp-json\/wp\/v2\/product_tag?post=132016"}],"curies":[{"name":"wp","href":"https:\/\/api.w.org\/{rel}","templated":true}]}}