{"id":131795,"date":"2023-02-02T14:46:28","date_gmt":"2023-02-02T10:46:28","guid":{"rendered":"https:\/\/gskeyae.com\/?post_type=product&#038;p=131795"},"modified":"2026-04-01T13:33:14","modified_gmt":"2026-04-01T09:33:14","slug":"porte-cle-metallique-avec-logo-hyundai-chrome-noire","status":"publish","type":"product","link":"https:\/\/gskeyae.com\/fr\/product\/porte-cle-metallique-avec-logo-hyundai-chrome-noire\/","title":{"rendered":"Porte-cl\u00e9 m\u00e9tallique avec logo Hyundai, anneau de cl\u00e9 chrom\u00e9 de couleur noire"},"content":{"rendered":"<h2 data-start=\"35\" data-end=\"120\"><span class=\"_fadeIn_m1hgl_8\">Porte-<\/span><span class=\"_fadeIn_m1hgl_8\">cl\u00e9 <\/span><span class=\"_fadeIn_m1hgl_8\">m\u00e9tallique <\/span><span class=\"_fadeIn_m1hgl_8\">avec <\/span><span class=\"_fadeIn_m1hgl_8\">logo <\/span><span class=\"_fadeIn_m1hgl_8\">Hyundai, <\/span><span class=\"_fadeIn_m1hgl_8\">anneau <\/span><span class=\"_fadeIn_m1hgl_8\">de <\/span><span class=\"_fadeIn_m1hgl_8\">cl\u00e9 <\/span><span class=\"_fadeIn_m1hgl_8\">chrom\u00e9 <\/span><span class=\"_fadeIn_m1hgl_8\">de <\/span><span class=\"_fadeIn_m1hgl_8\">couleur <\/span><span class=\"_fadeIn_m1hgl_8\">noire :<\/span><\/h2>\n<ul data-start=\"121\" data-end=\"672\" data-is-last-node=\"\" data-is-only-node=\"\">\n<li data-start=\"121\" data-end=\"195\">\n<p data-start=\"123\" data-end=\"195\"><strong data-start=\"123\" data-end=\"137\"><span class=\"_fadeIn_m1hgl_8\">Mat\u00e9riau :<\/span><\/strong> <span class=\"_fadeIn_m1hgl_8\">M\u00e9tal <\/span><span class=\"_fadeIn_m1hgl_8\">de <\/span><span class=\"_fadeIn_m1hgl_8\">qualit\u00e9 <\/span><span class=\"_fadeIn_m1hgl_8\">sup\u00e9rieure <\/span><span class=\"_fadeIn_m1hgl_8\">pour <\/span><span class=\"_fadeIn_m1hgl_8\">une <\/span><span class=\"_fadeIn_m1hgl_8\">durabilit\u00e9 <\/span><span class=\"_fadeIn_m1hgl_8\">accrue.<\/span><\/p>\n<\/li>\n<li data-start=\"196\" data-end=\"266\">\n<p data-start=\"198\" data-end=\"266\"><strong data-start=\"198\" data-end=\"211\"><span class=\"_fadeIn_m1hgl_8\">Couleur :<\/span><\/strong> <span class=\"_fadeIn_m1hgl_8\">Finition <\/span><span class=\"_fadeIn_m1hgl_8\">chrom\u00e9e <\/span><span class=\"_fadeIn_m1hgl_8\">associ\u00e9e <\/span><span class=\"_fadeIn_m1hgl_8\">\u00e0 <\/span><span class=\"_fadeIn_m1hgl_8\">un <\/span><span class=\"_fadeIn_m1hgl_8\">logo <\/span><span class=\"_fadeIn_m1hgl_8\">noir <\/span><span class=\"_fadeIn_m1hgl_8\">saisissant.<\/span><\/p>\n<\/li>\n<li data-start=\"267\" data-end=\"313\">\n<p data-start=\"269\" data-end=\"313\"><strong data-start=\"269\" data-end=\"280\"><span class=\"_fadeIn_m1hgl_8\">Poids :<\/span><\/strong> <span class=\"_fadeIn_m1hgl_8\">L\u00e9ger <\/span><span class=\"_fadeIn_m1hgl_8\">et <\/span><span class=\"_fadeIn_m1hgl_8\">facile <\/span><span class=\"_fadeIn_m1hgl_8\">\u00e0 <\/span><span class=\"_fadeIn_m1hgl_8\">transporter.<\/span><\/p>\n<\/li>\n<li data-start=\"314\" data-end=\"380\">\n<p data-start=\"316\" data-end=\"380\"><strong data-start=\"316\" data-end=\"326\"><span class=\"_fadeIn_m1hgl_8\">\u00c9tat :<\/span><\/strong> <span class=\"_fadeIn_m1hgl_8\">100 % <\/span><span class=\"_fadeIn_m1hgl_8\">neuf \u2013 <\/span><span class=\"_fadeIn_m1hgl_8\">non <\/span><span class=\"_fadeIn_m1hgl_8\">utilis\u00e9, <\/span><span class=\"_fadeIn_m1hgl_8\">non <\/span><span class=\"_fadeIn_m1hgl_8\">ouvert, <\/span><span class=\"_fadeIn_m1hgl_8\">sans <\/span><span class=\"_fadeIn_m1hgl_8\">dommage.<\/span><\/p>\n<\/li>\n<li data-start=\"381\" data-end=\"447\">\n<p data-start=\"383\" data-end=\"447\"><strong data-start=\"383\" data-end=\"395\"><span class=\"_fadeIn_m1hgl_8\">Design :<\/span><\/strong> <span class=\"_fadeIn_m1hgl_8\">Arbore <\/span><span class=\"_fadeIn_m1hgl_8\">le <\/span><span class=\"_fadeIn_m1hgl_8\">logo <\/span><span class=\"_fadeIn_m1hgl_8\">Hyundai <\/span><span class=\"_fadeIn_m1hgl_8\">dans <\/span><span class=\"_fadeIn_m1hgl_8\">un <\/span><span class=\"_fadeIn_m1hgl_8\">design <\/span><span class=\"_fadeIn_m1hgl_8\">accrocheur.<\/span><\/p>\n<\/li>\n<li data-start=\"448\" data-end=\"518\">\n<p data-start=\"450\" data-end=\"518\"><strong data-start=\"450\" data-end=\"464\"><span class=\"_fadeIn_m1hgl_8\">Fixation :<\/span><\/strong> <span class=\"_fadeIn_m1hgl_8\">Anneau <\/span><span class=\"_fadeIn_m1hgl_8\">de <\/span><span class=\"_fadeIn_m1hgl_8\">cl\u00e9 <\/span><span class=\"_fadeIn_m1hgl_8\">s\u00e9curis\u00e9 <\/span><span class=\"_fadeIn_m1hgl_8\">pour <\/span><span class=\"_fadeIn_m1hgl_8\">une <\/span><span class=\"_fadeIn_m1hgl_8\">utilisation <\/span><span class=\"_fadeIn_m1hgl_8\">fiable.<\/span><\/p>\n<\/li>\n<li data-start=\"519\" data-end=\"599\">\n<p data-start=\"521\" data-end=\"599\"><strong data-start=\"521\" data-end=\"537\"><span class=\"_fadeIn_m1hgl_8\">Durabilit\u00e9 :<\/span><\/strong> <span class=\"_fadeIn_m1hgl_8\">R\u00e9sistant <\/span><span class=\"_fadeIn_m1hgl_8\">aux <\/span><span class=\"_fadeIn_m1hgl_8\">rayures <\/span><span class=\"_fadeIn_m1hgl_8\">et <\/span><span class=\"_fadeIn_m1hgl_8\">\u00e0 <\/span><span class=\"_fadeIn_m1hgl_8\">l&rsquo;usure <\/span><span class=\"_fadeIn_m1hgl_8\">pour <\/span><span class=\"_fadeIn_m1hgl_8\">un <\/span><span class=\"_fadeIn_m1hgl_8\">attrait <\/span><span class=\"_fadeIn_m1hgl_8\">durable.<\/span><\/p>\n<\/li>\n<li data-start=\"600\" data-end=\"672\" data-is-last-node=\"\">\n<p data-start=\"602\" data-end=\"672\" data-is-last-node=\"\"><strong data-start=\"602\" data-end=\"619\"><span class=\"_fadeIn_m1hgl_8\">Utilisation :<\/span><\/strong> <span class=\"_fadeIn_m1hgl_8\">Id\u00e9al <\/span><span class=\"_fadeIn_m1hgl_8\">pour <\/span><span class=\"_fadeIn_m1hgl_8\">les <\/span><span class=\"_fadeIn_m1hgl_8\">cl\u00e9s <\/span><span class=\"_fadeIn_m1hgl_8\">de <\/span><span class=\"_fadeIn_m1hgl_8\">voiture, <\/span><span class=\"_fadeIn_m1hgl_8\">cl\u00e9s <\/span><span class=\"_fadeIn_m1hgl_8\">t\u00e9l\u00e9command\u00e9es.<\/span><\/p>\n<\/li>\n<\/ul>\n","protected":false},"excerpt":{"rendered":"<p>Porte-cl\u00e9 m\u00e9tallique avec logo Hyundai, anneau de cl\u00e9 chrom\u00e9 de couleur noire : Mat\u00e9riau : M\u00e9tal de qualit\u00e9 sup\u00e9rieure pour<\/p>\n","protected":false},"featured_media":111953,"comment_status":"open","ping_status":"closed","template":"elementor_theme","meta":{"_relevanssi_hide_post":"","_relevanssi_hide_content":"","_relevanssi_pin_for_all":"","_relevanssi_pin_keywords":"","_relevanssi_unpin_keywords":"","_relevanssi_related_keywords":"","_relevanssi_related_include_ids":"","_relevanssi_related_exclude_ids":"","_relevanssi_related_no_append":"","_relevanssi_related_not_related":"","_relevanssi_related_posts":"","_relevanssi_noindex_reason":""},"product_brand":[],"product_cat":[2651],"product_tag":[],"class_list":{"0":"post-131795","1":"product","2":"type-product","3":"status-publish","4":"has-post-thumbnail","6":"product_cat-porte-cle","7":"pa_car-makes-hyundai-fr","8":"pa_color-black-fr","9":"pa_manufacturers-aftermarket-fr","10":"pa_material-metal-fr","12":"first","13":"instock","14":"shipping-taxable","15":"purchasable","16":"product-type-simple"},"_links":{"self":[{"href":"https:\/\/gskeyae.com\/fr\/wp-json\/wp\/v2\/product\/131795","targetHints":{"allow":["GET"]}}],"collection":[{"href":"https:\/\/gskeyae.com\/fr\/wp-json\/wp\/v2\/product"}],"about":[{"href":"https:\/\/gskeyae.com\/fr\/wp-json\/wp\/v2\/types\/product"}],"replies":[{"embeddable":true,"href":"https:\/\/gskeyae.com\/fr\/wp-json\/wp\/v2\/comments?post=131795"}],"version-history":[{"count":0,"href":"https:\/\/gskeyae.com\/fr\/wp-json\/wp\/v2\/product\/131795\/revisions"}],"wp:featuredmedia":[{"embeddable":true,"href":"https:\/\/gskeyae.com\/fr\/wp-json\/wp\/v2\/media\/111953"}],"wp:attachment":[{"href":"https:\/\/gskeyae.com\/fr\/wp-json\/wp\/v2\/media?parent=131795"}],"wp:term":[{"taxonomy":"product_brand","embeddable":true,"href":"https:\/\/gskeyae.com\/fr\/wp-json\/wp\/v2\/product_brand?post=131795"},{"taxonomy":"product_cat","embeddable":true,"href":"https:\/\/gskeyae.com\/fr\/wp-json\/wp\/v2\/product_cat?post=131795"},{"taxonomy":"product_tag","embeddable":true,"href":"https:\/\/gskeyae.com\/fr\/wp-json\/wp\/v2\/product_tag?post=131795"}],"curies":[{"name":"wp","href":"https:\/\/api.w.org\/{rel}","templated":true}]}}