{"id":131769,"date":"2023-02-02T17:47:31","date_gmt":"2023-02-02T13:47:31","guid":{"rendered":"https:\/\/gskeyae.com\/?post_type=product&#038;p=131769"},"modified":"2026-01-17T11:35:08","modified_gmt":"2026-01-17T07:35:08","slug":"porte-cle-metallique-avec-logo-mazda-anneau-de-cle-chrome-de-couleur-rouge","status":"publish","type":"product","link":"https:\/\/gskeyae.com\/fr\/product\/porte-cle-metallique-avec-logo-mazda-anneau-de-cle-chrome-de-couleur-rouge\/","title":{"rendered":"Porte-cl\u00e9 m\u00e9tallique avec logo Mazda anneau de cl\u00e9 chrom\u00e9 de couleur rouge"},"content":{"rendered":"","protected":false},"excerpt":{"rendered":"","protected":false},"featured_media":111985,"comment_status":"open","ping_status":"closed","template":"elementor_theme","meta":{"_relevanssi_hide_post":"","_relevanssi_hide_content":"","_relevanssi_pin_for_all":"","_relevanssi_pin_keywords":"","_relevanssi_unpin_keywords":"","_relevanssi_related_keywords":"","_relevanssi_related_include_ids":"","_relevanssi_related_exclude_ids":"","_relevanssi_related_no_append":"","_relevanssi_related_not_related":"","_relevanssi_related_posts":"","_relevanssi_noindex_reason":""},"product_brand":[],"product_cat":[2651],"product_tag":[],"class_list":{"0":"post-131769","1":"product","2":"type-product","3":"status-publish","4":"has-post-thumbnail","6":"product_cat-porte-cle","7":"pa_car-makes-mazda-fr","8":"pa_color-red-fr","9":"pa_manufacturers-aftermarket-fr","10":"pa_material-metal-fr","12":"first","13":"outofstock","14":"shipping-taxable","15":"purchasable","16":"product-type-simple"},"_links":{"self":[{"href":"https:\/\/gskeyae.com\/fr\/wp-json\/wp\/v2\/product\/131769","targetHints":{"allow":["GET"]}}],"collection":[{"href":"https:\/\/gskeyae.com\/fr\/wp-json\/wp\/v2\/product"}],"about":[{"href":"https:\/\/gskeyae.com\/fr\/wp-json\/wp\/v2\/types\/product"}],"replies":[{"embeddable":true,"href":"https:\/\/gskeyae.com\/fr\/wp-json\/wp\/v2\/comments?post=131769"}],"version-history":[{"count":0,"href":"https:\/\/gskeyae.com\/fr\/wp-json\/wp\/v2\/product\/131769\/revisions"}],"wp:featuredmedia":[{"embeddable":true,"href":"https:\/\/gskeyae.com\/fr\/wp-json\/wp\/v2\/media\/111985"}],"wp:attachment":[{"href":"https:\/\/gskeyae.com\/fr\/wp-json\/wp\/v2\/media?parent=131769"}],"wp:term":[{"taxonomy":"product_brand","embeddable":true,"href":"https:\/\/gskeyae.com\/fr\/wp-json\/wp\/v2\/product_brand?post=131769"},{"taxonomy":"product_cat","embeddable":true,"href":"https:\/\/gskeyae.com\/fr\/wp-json\/wp\/v2\/product_cat?post=131769"},{"taxonomy":"product_tag","embeddable":true,"href":"https:\/\/gskeyae.com\/fr\/wp-json\/wp\/v2\/product_tag?post=131769"}],"curies":[{"name":"wp","href":"https:\/\/api.w.org\/{rel}","templated":true}]}}